{"id":30678,"date":"2025-02-20T23:31:06","date_gmt":"2025-02-20T22:31:06","guid":{"rendered":"https:\/\/olemosaic.orbitalia.org\/producto\/bol-de-coco-rojo-flor-4\/"},"modified":"2025-07-25T18:53:27","modified_gmt":"2025-07-25T16:53:27","slug":"taca-de-coco-vermelha-flor-4","status":"publish","type":"product","link":"https:\/\/olemosaic.orbitalia.org\/pt-pt\/produto\/taca-de-coco-vermelha-flor-4\/","title":{"rendered":"Ta\u00e7a de coco vermelha. Flor. Fundo branco."},"content":{"rendered":"<p>Esta ta\u00e7a de coco vermelha \u00e9 uma pe\u00e7a decorativa que encarna a ess\u00eancia da arte popular, perfeita para quem procura recorda\u00e7\u00f5es aut\u00eanticas de Espanha. Elaborada a partir de coco natural, apresenta um vibrante design pintado \u00e0 m\u00e3o que destaca uma delicada flor branca com encantadores detalhes vermelhos, tudo sobre um fundo vermelho intenso que confere calor e energia. As subtis texturas e os elaborados padr\u00f5es desta ta\u00e7a s\u00e3o emoldurados por um rebordo delicado, real\u00e7ando o seu apelo visual. Esta bela ta\u00e7a n\u00e3o \u00e9 apenas um objeto funcional, mas tamb\u00e9m uma pe\u00e7a decorativa que pode iluminar qualquer espa\u00e7o, conferindo um toque de cor e tradi\u00e7\u00e3o.<\/p>\n<p>O design desta ta\u00e7a reflete a rica heran\u00e7a cultural da regi\u00e3o, simbolizando a alegria e o colorido caracter\u00edsticos dos mercados artesanais espanh\u00f3is. Como recorda\u00e7\u00e3o representativa, funciona como uma lembran\u00e7a que liga os visitantes \u00e0 cultura local e \u00e0 sua criatividade. Na Ol\u00e9 Mosaic, somos distribuidores de lembran\u00e7as por grosso, oferecendo produtos aut\u00eanticos como esta ta\u00e7a de coco vermelha, ideal para lojas de presentes tur\u00edsticos que procuram artigos \u00fanicos e cheios de valor. Adicionar esta ta\u00e7a \u00e0 sua cole\u00e7\u00e3o de lembran\u00e7as permitir\u00e1 aos seus clientes levar um peda\u00e7o da cultura espanhola para casa.<\/p>\n","protected":false},"excerpt":{"rendered":"<p>Ta\u00e7a de coco vermelha decorada com um vibrante motivo floral. Este encantador artigo apresenta um design artesanal, pintado \u00e0 m\u00e3o, que real\u00e7a uma flor branca com detalhes vermelhos sobre um precioso fundo vermelho intenso. As texturas e os padr\u00f5es completam-se com um rebordo delicado, tornando-a uma pe\u00e7a perfeita para a decora\u00e7\u00e3o ou como elemento funcional. Esta ta\u00e7a \u00e9 um belo exemplo de artesanato popular, ideal para adicionar um toque de cor a qualquer casa.<\/p>\n","protected":false},"featured_media":10066,"template":"","meta":{"_acf_changed":false},"product_brand":[],"product_cat":[513],"product_tag":[],"class_list":{"0":"post-30678","1":"product","2":"type-product","3":"status-publish","4":"has-post-thumbnail","6":"product_cat-bols","7":"pa_motivo-flores","9":"first","10":"instock","11":"shipping-taxable","12":"product-type-simple"},"acf":[],"_links":{"self":[{"href":"https:\/\/olemosaic.orbitalia.org\/pt-pt\/wp-json\/wp\/v2\/product\/30678","targetHints":{"allow":["GET"]}}],"collection":[{"href":"https:\/\/olemosaic.orbitalia.org\/pt-pt\/wp-json\/wp\/v2\/product"}],"about":[{"href":"https:\/\/olemosaic.orbitalia.org\/pt-pt\/wp-json\/wp\/v2\/types\/product"}],"wp:featuredmedia":[{"embeddable":true,"href":"https:\/\/olemosaic.orbitalia.org\/pt-pt\/wp-json\/wp\/v2\/media\/10066"}],"wp:attachment":[{"href":"https:\/\/olemosaic.orbitalia.org\/pt-pt\/wp-json\/wp\/v2\/media?parent=30678"}],"wp:term":[{"taxonomy":"product_brand","embeddable":true,"href":"https:\/\/olemosaic.orbitalia.org\/pt-pt\/wp-json\/wp\/v2\/product_brand?post=30678"},{"taxonomy":"product_cat","embeddable":true,"href":"https:\/\/olemosaic.orbitalia.org\/pt-pt\/wp-json\/wp\/v2\/product_cat?post=30678"},{"taxonomy":"product_tag","embeddable":true,"href":"https:\/\/olemosaic.orbitalia.org\/pt-pt\/wp-json\/wp\/v2\/product_tag?post=30678"}],"curies":[{"name":"wp","href":"https:\/\/api.w.org\/{rel}","templated":true}]}}