{"id":30677,"date":"2025-02-20T23:31:06","date_gmt":"2025-02-20T22:31:06","guid":{"rendered":"https:\/\/olemosaic.orbitalia.org\/producto\/bol-de-coco-rojo-flamenco-3\/"},"modified":"2025-07-25T20:40:18","modified_gmt":"2025-07-25T18:40:18","slug":"taca-de-coco-vermelha-flamingo-3","status":"publish","type":"product","link":"https:\/\/olemosaic.orbitalia.org\/pt-pt\/produto\/taca-de-coco-vermelha-flamingo-3\/","title":{"rendered":"Ta\u00e7a de coco vermelha. Flamingo. Fundo branco."},"content":{"rendered":"<p>Esta ta\u00e7a de coco vermelha \u00e9 uma pe\u00e7a decorativa funcional que captura a ess\u00eancia da Andaluzia, perfeita para adicionar um toque aut\u00eantico a qualquer casa. Elaborada com cascas de coco em vibrantes tons vermelhos e brancos, o seu design combina o calor da natureza com a criatividade da arte regional. No centro, destaca-se uma delicada grava\u00e7\u00e3o de dois flamingos em tom castanho, que simbolizam a eleg\u00e2ncia e a beleza da fauna ib\u00e9rica, evocando o esp\u00edrito das paisagens do sul de Espanha.<\/p>\n<p>A estrutura da ta\u00e7a, curvada e suave ao toque, n\u00e3o s\u00f3 a torna um recipiente atrativo para aperitivos em celebra\u00e7\u00f5es, como tamb\u00e9m a torna um elemento de decora\u00e7\u00e3o de destaque, ideal para qualquer ambiente. A sua rica combina\u00e7\u00e3o de cores e o design dos flamingos conferem um ar festivo e vibrante.<\/p>\n<p>Esta ta\u00e7a n\u00e3o \u00e9 apenas um utens\u00edlio, mas tamb\u00e9m uma recorda\u00e7\u00e3o cultural que reflete a diversidade e a tradi\u00e7\u00e3o andaluza, tornando-a uma lembran\u00e7a ideal para turistas que procuram levar um peda\u00e7o da cultura espanhola. Na Ol\u00e9 Mosaic, como distribuidores de lembran\u00e7as aut\u00eanticas, oferecemos esta ta\u00e7a de coco vermelha como uma excelente op\u00e7\u00e3o para lojas de presentes tur\u00edsticos. Adicionar este produto ao seu invent\u00e1rio significa oferecer aos seus clientes uma pe\u00e7a \u00fanica e representativa do folclore espanhol.<\/p>\n","protected":false},"excerpt":{"rendered":"<p>Ta\u00e7a de coco vermelha decorada com motivos de flamingos, perfeita para dar um toque andaluz a qualquer casa. Esta atraente ta\u00e7a, elaborada com cascas de coco em tons vermelhos e brancos, cria um belo contraste visual. No centro, destaca-se um delicado design de dois flamingos castanhos, que simbolizam a eleg\u00e2ncia da fauna ib\u00e9rica. Ideal como elemento decorativo ou para servir aperitivos em celebra\u00e7\u00f5es.<\/p>\n","protected":false},"featured_media":13515,"template":"","meta":{"_acf_changed":false},"product_brand":[],"product_cat":[513],"product_tag":[516],"class_list":{"0":"post-30677","1":"product","2":"type-product","3":"status-publish","4":"has-post-thumbnail","6":"product_cat-bols","7":"product_tag-animais","8":"pa_motivo-flamingos","10":"first","11":"instock","12":"shipping-taxable","13":"product-type-simple"},"acf":[],"_links":{"self":[{"href":"https:\/\/olemosaic.orbitalia.org\/pt-pt\/wp-json\/wp\/v2\/product\/30677","targetHints":{"allow":["GET"]}}],"collection":[{"href":"https:\/\/olemosaic.orbitalia.org\/pt-pt\/wp-json\/wp\/v2\/product"}],"about":[{"href":"https:\/\/olemosaic.orbitalia.org\/pt-pt\/wp-json\/wp\/v2\/types\/product"}],"wp:featuredmedia":[{"embeddable":true,"href":"https:\/\/olemosaic.orbitalia.org\/pt-pt\/wp-json\/wp\/v2\/media\/13515"}],"wp:attachment":[{"href":"https:\/\/olemosaic.orbitalia.org\/pt-pt\/wp-json\/wp\/v2\/media?parent=30677"}],"wp:term":[{"taxonomy":"product_brand","embeddable":true,"href":"https:\/\/olemosaic.orbitalia.org\/pt-pt\/wp-json\/wp\/v2\/product_brand?post=30677"},{"taxonomy":"product_cat","embeddable":true,"href":"https:\/\/olemosaic.orbitalia.org\/pt-pt\/wp-json\/wp\/v2\/product_cat?post=30677"},{"taxonomy":"product_tag","embeddable":true,"href":"https:\/\/olemosaic.orbitalia.org\/pt-pt\/wp-json\/wp\/v2\/product_tag?post=30677"}],"curies":[{"name":"wp","href":"https:\/\/api.w.org\/{rel}","templated":true}]}}