{"id":30623,"date":"2025-02-20T23:31:04","date_gmt":"2025-02-20T22:31:04","guid":{"rendered":"https:\/\/olemosaic.orbitalia.org\/producto\/bol-de-coco-rojo-mano-2\/"},"modified":"2025-07-25T19:41:54","modified_gmt":"2025-07-25T17:41:54","slug":"taca-de-coco-vermelha-mao-2","status":"publish","type":"product","link":"https:\/\/olemosaic.orbitalia.org\/pt-pt\/produto\/taca-de-coco-vermelha-mao-2\/","title":{"rendered":"Ta\u00e7a de coco vermelha. M\u00e3o. Hamsa."},"content":{"rendered":"<p>Esta ta\u00e7a de coco vermelha \u00e9 uma pe\u00e7a artesanal que captura a ess\u00eancia da arte decorativa mediterr\u00e2nica, ideal para quem procura recorda\u00e7\u00f5es aut\u00eanticas, de qualidade e com significado cultural. Decorada \u00e0 m\u00e3o, apresenta um padr\u00e3o vibrante de formas ovais em tons vermelhos sobre fundo branco, criando um contraste visual cativante e contempor\u00e2neo. No centro destaca-se um emblem\u00e1tico s\u00edmbolo da m\u00e3o, que simboliza prote\u00e7\u00e3o e boa fortuna, acrescentando um toque cultural profundo \u00e0 pe\u00e7a.<\/p>\n<p>Perfeita como centro de mesa ou para guardar pequenos objetos, esta ta\u00e7a n\u00e3o s\u00f3 \u00e9 funcional, como tamb\u00e9m reflete a rica tradi\u00e7\u00e3o artesanal da regi\u00e3o, sendo uma excelente op\u00e7\u00e3o para turistas e colecionadores. O seu design \u00fanico e colorido \u00e9 uma lembran\u00e7a tang\u00edvel do calor e da est\u00e9tica da cultura mediterr\u00e2nica, o que a torna um presente memor\u00e1vel ou um adorno excecional para qualquer casa.<\/p>\n<p>Na Ol\u00e9 Mosaic especializamo-nos na distribui\u00e7\u00e3o de recorda\u00e7\u00f5es por grosso, e esta ta\u00e7a de coco vermelha posiciona-se como uma escolha ideal para lojas de presentes tur\u00edsticos que procuram oferecer produtos aut\u00eanticos e representativos. Como grossistas de artigos artesanais, garantimos que cada pe\u00e7a capta a beleza e o car\u00e1cter cultural da sua origem, tornando-a um tesouro inigual\u00e1vel para quem a escolhe.<\/p>\n","protected":false},"excerpt":{"rendered":"<p>Ta\u00e7a de coco vermelha, decorada com estilo artesanal com um design precioso. Esta atraente ta\u00e7a apresenta um padr\u00e3o de ovais em tons vermelhos sobre um fundo branco, o que lhe d\u00e1 um aspeto vibrante e contempor\u00e2neo. A pe\u00e7a inclui um distintivo s\u00edmbolo da m\u00e3o, que confere um toque cultural significativo. Ideal como centro de mesa ou para guardar pequenos objetos, esta ta\u00e7a reflete a riqueza da arte e da tradi\u00e7\u00e3o artesanal.<\/p>\n","protected":false},"featured_media":13511,"template":"","meta":{"_acf_changed":false},"product_brand":[],"product_cat":[513],"product_tag":[],"class_list":{"0":"post-30623","1":"product","2":"type-product","3":"status-publish","4":"has-post-thumbnail","6":"product_cat-bols","7":"pa_motivo-maos","9":"first","10":"instock","11":"shipping-taxable","12":"product-type-simple"},"acf":[],"_links":{"self":[{"href":"https:\/\/olemosaic.orbitalia.org\/pt-pt\/wp-json\/wp\/v2\/product\/30623","targetHints":{"allow":["GET"]}}],"collection":[{"href":"https:\/\/olemosaic.orbitalia.org\/pt-pt\/wp-json\/wp\/v2\/product"}],"about":[{"href":"https:\/\/olemosaic.orbitalia.org\/pt-pt\/wp-json\/wp\/v2\/types\/product"}],"wp:featuredmedia":[{"embeddable":true,"href":"https:\/\/olemosaic.orbitalia.org\/pt-pt\/wp-json\/wp\/v2\/media\/13511"}],"wp:attachment":[{"href":"https:\/\/olemosaic.orbitalia.org\/pt-pt\/wp-json\/wp\/v2\/media?parent=30623"}],"wp:term":[{"taxonomy":"product_brand","embeddable":true,"href":"https:\/\/olemosaic.orbitalia.org\/pt-pt\/wp-json\/wp\/v2\/product_brand?post=30623"},{"taxonomy":"product_cat","embeddable":true,"href":"https:\/\/olemosaic.orbitalia.org\/pt-pt\/wp-json\/wp\/v2\/product_cat?post=30623"},{"taxonomy":"product_tag","embeddable":true,"href":"https:\/\/olemosaic.orbitalia.org\/pt-pt\/wp-json\/wp\/v2\/product_tag?post=30623"}],"curies":[{"name":"wp","href":"https:\/\/api.w.org\/{rel}","templated":true}]}}