{"id":30620,"date":"2025-02-20T23:31:04","date_gmt":"2025-02-20T22:31:04","guid":{"rendered":"https:\/\/olemosaic.orbitalia.org\/producto\/bol-de-coco-rojo-flor-2\/"},"modified":"2025-07-25T19:00:48","modified_gmt":"2025-07-25T17:00:48","slug":"taca-de-coco-vermelha-flor-2","status":"publish","type":"product","link":"https:\/\/olemosaic.orbitalia.org\/pt-pt\/produto\/taca-de-coco-vermelha-flor-2\/","title":{"rendered":"Ta\u00e7a de coco vermelha. Flor."},"content":{"rendered":"<p>Esta ta\u00e7a de coco vermelha \u00e9 uma obra artesanal que irradia autenticidade e beleza, perfeita para real\u00e7ar qualquer canto. O seu design, pintado \u00e0 m\u00e3o, apresenta um contraste vibrante entre os tons vermelhos e pretos, que cria um efeito visual atraente. No interior, uma elegante flor destaca-se com as suas p\u00e9talas contornadas num vermelho intenso, rodeada de delicados detalhes pretos que recordam a rica flora das regi\u00f5es mediterr\u00e2nicas.<\/p>\n<p>Esta ta\u00e7a n\u00e3o serve apenas como objeto decorativo, mas tamb\u00e9m \u00e9 funcional, ideal para servir fruta, aperitivos ou para guardar pequenos objetos. As suas formas arredondadas oferecem um aspeto acolhedor e elegante, tornando-a um elemento chamativo em qualquer mesa ou prateleira. O seu design evoca o calor e o colorido tradicional do artesanato local, representando a riqueza cultural de Espanha.<\/p>\n<p>Representa a habilidade dos artes\u00e3os locais, que aperfei\u00e7oaram as suas t\u00e9cnicas ao longo do tempo, fazendo de cada ta\u00e7a uma pe\u00e7a \u00fanica. Na Ol\u00e9 Mosaic, orgulhamo-nos de oferecer recorda\u00e7\u00f5es de qualidade que capturam a ess\u00eancia da heran\u00e7a espanhola. Esta ta\u00e7a de coco vermelha \u00e9 uma recorda\u00e7\u00e3o perfeita para os turistas que procuram artigos aut\u00eanticos e significativos da sua visita. Como grossistas de recorda\u00e7\u00f5es, garantimos que os nossos produtos s\u00e3o um reflexo do artesanato e da cultura das regi\u00f5es que representam.<\/p>\n","protected":false},"excerpt":{"rendered":"<p>Ta\u00e7a de coco vermelha decorada com uma preciosa flor no seu interior, ideal para embelezar qualquer espa\u00e7o. Este artigo artesanal destaca-se pelo seu design artesanal, pintado \u00e0 m\u00e3o, onde predominam os tons vermelhos e pretos, criando um contraste vibrante e atraente. A flor central acrescenta um detalhe distintivo e encantador, enquanto as formas arredondadas da ta\u00e7a a tornam um elemento chamativo e funcional, perfeito para servir ou como objeto decorativo.<\/p>\n","protected":false},"featured_media":10188,"template":"","meta":{"_acf_changed":false},"product_brand":[],"product_cat":[513],"product_tag":[],"class_list":{"0":"post-30620","1":"product","2":"type-product","3":"status-publish","4":"has-post-thumbnail","6":"product_cat-bols","7":"pa_motivo-flores","9":"first","10":"instock","11":"shipping-taxable","12":"product-type-simple"},"acf":[],"_links":{"self":[{"href":"https:\/\/olemosaic.orbitalia.org\/pt-pt\/wp-json\/wp\/v2\/product\/30620","targetHints":{"allow":["GET"]}}],"collection":[{"href":"https:\/\/olemosaic.orbitalia.org\/pt-pt\/wp-json\/wp\/v2\/product"}],"about":[{"href":"https:\/\/olemosaic.orbitalia.org\/pt-pt\/wp-json\/wp\/v2\/types\/product"}],"wp:featuredmedia":[{"embeddable":true,"href":"https:\/\/olemosaic.orbitalia.org\/pt-pt\/wp-json\/wp\/v2\/media\/10188"}],"wp:attachment":[{"href":"https:\/\/olemosaic.orbitalia.org\/pt-pt\/wp-json\/wp\/v2\/media?parent=30620"}],"wp:term":[{"taxonomy":"product_brand","embeddable":true,"href":"https:\/\/olemosaic.orbitalia.org\/pt-pt\/wp-json\/wp\/v2\/product_brand?post=30620"},{"taxonomy":"product_cat","embeddable":true,"href":"https:\/\/olemosaic.orbitalia.org\/pt-pt\/wp-json\/wp\/v2\/product_cat?post=30620"},{"taxonomy":"product_tag","embeddable":true,"href":"https:\/\/olemosaic.orbitalia.org\/pt-pt\/wp-json\/wp\/v2\/product_tag?post=30620"}],"curies":[{"name":"wp","href":"https:\/\/api.w.org\/{rel}","templated":true}]}}