{"id":30619,"date":"2025-02-20T22:31:03","date_gmt":"2025-02-20T22:31:03","guid":{"rendered":"https:\/\/olemosaic.orbitalia.org\/producto\/bol-de-coco-rojo-mariposa-2\/"},"modified":"2025-07-25T19:45:11","modified_gmt":"2025-07-25T17:45:11","slug":"taca-de-coco-vermelha-borboleta-2","status":"publish","type":"product","link":"https:\/\/olemosaic.orbitalia.org\/pt-pt\/produto\/taca-de-coco-vermelha-borboleta-2\/","title":{"rendered":"Ta\u00e7a de coco vermelha. Borboleta."},"content":{"rendered":"<p>Esta ta\u00e7a de coco vermelha \u00e9 uma obra artesanal que funde beleza e funcionalidade, perfeita para quem procura uma aut\u00eantica recorda\u00e7\u00e3o cultural. Com um vibrante acabamento vermelho, esta ta\u00e7a destaca-se n\u00e3o s\u00f3 pela sua cor, mas tamb\u00e9m pelo seu delicado design de borboleta no centro, pintada num tom que contrasta e atrai o olhar. A borda da ta\u00e7a est\u00e1 decorada com motivos escuros que complementam o seu design e acrescentam um toque de sofistica\u00e7\u00e3o. Cada pe\u00e7a \u00e9 \u00fanica, criada \u00e0 m\u00e3o por artes\u00e3os locais, o que real\u00e7a a sua qualidade e autenticidade.<\/p>\n<p>Utilizada tradicionalmente em diversas celebra\u00e7\u00f5es e festividades, a ta\u00e7a de coco torna-se um s\u00edmbolo da arte e da cultura da regi\u00e3o. \u00c9 perfeita como centro de mesa, transformando qualquer espa\u00e7o num lugar mais acolhedor e com estilo. Este produto n\u00e3o s\u00f3 apresenta uma est\u00e9tica atraente, como tamb\u00e9m encerra um profundo significado cultural, sendo uma lembran\u00e7a da riqueza da artesania local.<\/p>\n<p>Na Ol\u00e9 Mosaic, trabalhamos como distribuidores de recorda\u00e7\u00f5es por grosso, oferecendo artigos aut\u00eanticos que representam a tradi\u00e7\u00e3o e a arte de Espanha. Esta ta\u00e7a de coco vermelha \u00e9 uma op\u00e7\u00e3o ideal para lojas de presentes tur\u00edsticos que desejem oferecer aos seus clientes recorda\u00e7\u00f5es aut\u00eanticas e de qualidade.<\/p>\n","protected":false},"excerpt":{"rendered":"<p>Ta\u00e7a de coco vermelha com um delicado design de borboleta no centro. Este atraente artigo, fruto da artesania local, apresenta um acabamento brilhante que se destaca pela sua cor vermelha vibrante, com uma decora\u00e7\u00e3o de motivos escuros na borda. A borboleta, pintada num tom contrastante, confere um toque elegante e distintivo \u00e0 ta\u00e7a, tornando-a uma pe\u00e7a ideal para decorar ou como centro de mesa. Perfeita para acrescentar um toque de arte e cultura a qualquer espa\u00e7o.<\/p>\n","protected":false},"featured_media":13438,"template":"","meta":{"_acf_changed":false},"product_brand":[],"product_cat":[513],"product_tag":[516],"class_list":{"0":"post-30619","1":"product","2":"type-product","3":"status-publish","4":"has-post-thumbnail","6":"product_cat-bols","7":"product_tag-animais","8":"pa_motivo-borboletas","10":"first","11":"instock","12":"shipping-taxable","13":"product-type-simple"},"acf":[],"_links":{"self":[{"href":"https:\/\/olemosaic.orbitalia.org\/pt-pt\/wp-json\/wp\/v2\/product\/30619","targetHints":{"allow":["GET"]}}],"collection":[{"href":"https:\/\/olemosaic.orbitalia.org\/pt-pt\/wp-json\/wp\/v2\/product"}],"about":[{"href":"https:\/\/olemosaic.orbitalia.org\/pt-pt\/wp-json\/wp\/v2\/types\/product"}],"wp:featuredmedia":[{"embeddable":true,"href":"https:\/\/olemosaic.orbitalia.org\/pt-pt\/wp-json\/wp\/v2\/media\/13438"}],"wp:attachment":[{"href":"https:\/\/olemosaic.orbitalia.org\/pt-pt\/wp-json\/wp\/v2\/media?parent=30619"}],"wp:term":[{"taxonomy":"product_brand","embeddable":true,"href":"https:\/\/olemosaic.orbitalia.org\/pt-pt\/wp-json\/wp\/v2\/product_brand?post=30619"},{"taxonomy":"product_cat","embeddable":true,"href":"https:\/\/olemosaic.orbitalia.org\/pt-pt\/wp-json\/wp\/v2\/product_cat?post=30619"},{"taxonomy":"product_tag","embeddable":true,"href":"https:\/\/olemosaic.orbitalia.org\/pt-pt\/wp-json\/wp\/v2\/product_tag?post=30619"}],"curies":[{"name":"wp","href":"https:\/\/api.w.org\/{rel}","templated":true}]}}