{"id":30566,"date":"2025-02-20T23:31:02","date_gmt":"2025-02-20T22:31:02","guid":{"rendered":"https:\/\/olemosaic.orbitalia.org\/producto\/bol-de-coco-rojo-abanico-2\/"},"modified":"2025-07-25T18:58:13","modified_gmt":"2025-07-25T16:58:13","slug":"taca-de-coco-vermelha-leque-2","status":"publish","type":"product","link":"https:\/\/olemosaic.orbitalia.org\/pt-pt\/produto\/taca-de-coco-vermelha-leque-2\/","title":{"rendered":"Ta\u00e7a de coco vermelha. Leque. Fundo vermelho."},"content":{"rendered":"<p>Esta ta\u00e7a de coco vermelha \u00e9 uma aut\u00eantica pe\u00e7a decorativa que presta homenagem \u00e0 arte tradicional espanhola, ideal para quem procura souvenirs de grande qualidade e com uma aut\u00eantica liga\u00e7\u00e3o cultural. Feita \u00e0 m\u00e3o e pintada com esmero, o seu vibrante fundo vermelho \u00e9 adornado com intrincados padr\u00f5es dourados que evocam a eleg\u00e2ncia dos leques t\u00edpicos de Espanha. A forma ovalada da ta\u00e7a, com a sua textura suave, torna-a um complemento perfeito para qualquer espa\u00e7o, conferindo calor e encanto.<\/p>\n<p>A ilustra\u00e7\u00e3o central apresenta um delicado design de leque, s\u00edmbolo da fascinante cultura espanhola, que atua como um lembrete do rico patrim\u00f3nio art\u00edstico de regi\u00f5es como a Andaluzia. Cada cent\u00edmetro desta ta\u00e7a reflete a cuidadosa aten\u00e7\u00e3o ao detalhe que caracteriza o artesanato espanhol, tornando-a n\u00e3o apenas um elemento funcional, mas tamb\u00e9m uma verdadeira obra de arte.<\/p>\n<p>Na Ol\u00e9 Mosaic, dedicamo-nos \u00e0 distribui\u00e7\u00e3o por grosso de souvenirs que encapsulam a ess\u00eancia cultural de cada produto. Esta ta\u00e7a de coco n\u00e3o s\u00f3 \u00e9 um excelente souvenir de Espanha, como tamb\u00e9m uma magn\u00edfica op\u00e7\u00e3o para lojas de presentes tur\u00edsticos que procuram oferecer produtos aut\u00eanticos e representativos. Como grossistas de artigos artesanais, garantimos autenticidade e qualidade em cada pe\u00e7a.<\/p>\n","protected":false},"excerpt":{"rendered":"<p>Ta\u00e7a de coco vermelha com um design decorativo que evoca a arte tradicional espanhola. Este artigo, de fabrico e design artesanal, pintado \u00e0 m\u00e3o, apresenta um fundo vermelho vibrante adornado com intrincados padr\u00f5es dourados e uma ilustra\u00e7\u00e3o que recorda um leque. A sua forma ovalada e a textura suave tornam-na um complemento ideal para a decora\u00e7\u00e3o de qualquer espa\u00e7o, evocando o calor e o encanto da cultura espanhola.<\/p>\n","protected":false},"featured_media":10093,"template":"","meta":{"_acf_changed":false},"product_brand":[],"product_cat":[513],"product_tag":[],"class_list":{"0":"post-30566","1":"product","2":"type-product","3":"status-publish","4":"has-post-thumbnail","6":"product_cat-bols","7":"pa_motivo-leques","9":"first","10":"instock","11":"shipping-taxable","12":"product-type-simple"},"acf":[],"_links":{"self":[{"href":"https:\/\/olemosaic.orbitalia.org\/pt-pt\/wp-json\/wp\/v2\/product\/30566","targetHints":{"allow":["GET"]}}],"collection":[{"href":"https:\/\/olemosaic.orbitalia.org\/pt-pt\/wp-json\/wp\/v2\/product"}],"about":[{"href":"https:\/\/olemosaic.orbitalia.org\/pt-pt\/wp-json\/wp\/v2\/types\/product"}],"wp:featuredmedia":[{"embeddable":true,"href":"https:\/\/olemosaic.orbitalia.org\/pt-pt\/wp-json\/wp\/v2\/media\/10093"}],"wp:attachment":[{"href":"https:\/\/olemosaic.orbitalia.org\/pt-pt\/wp-json\/wp\/v2\/media?parent=30566"}],"wp:term":[{"taxonomy":"product_brand","embeddable":true,"href":"https:\/\/olemosaic.orbitalia.org\/pt-pt\/wp-json\/wp\/v2\/product_brand?post=30566"},{"taxonomy":"product_cat","embeddable":true,"href":"https:\/\/olemosaic.orbitalia.org\/pt-pt\/wp-json\/wp\/v2\/product_cat?post=30566"},{"taxonomy":"product_tag","embeddable":true,"href":"https:\/\/olemosaic.orbitalia.org\/pt-pt\/wp-json\/wp\/v2\/product_tag?post=30566"}],"curies":[{"name":"wp","href":"https:\/\/api.w.org\/{rel}","templated":true}]}}