{"id":30552,"date":"2025-02-20T22:31:01","date_gmt":"2025-02-20T22:31:01","guid":{"rendered":"https:\/\/olemosaic.orbitalia.org\/producto\/bol-de-coco-rojo-flamenco-2\/"},"modified":"2025-07-25T20:41:12","modified_gmt":"2025-07-25T18:41:12","slug":"taca-de-coco-vermelha-flamenco-2","status":"publish","type":"product","link":"https:\/\/olemosaic.orbitalia.org\/pt-pt\/produto\/taca-de-coco-vermelha-flamenco-2\/","title":{"rendered":"Ta\u00e7a de coco vermelha. Flamenco."},"content":{"rendered":"<p>Esta ta\u00e7a de coco vermelha \u00e9 uma recorda\u00e7\u00e3o requintada que encapsula a ess\u00eancia da cultura espanhola, desenhada para quem procura um toque aut\u00eantico nas suas mem\u00f3rias. Fabricada a partir de casca de coco, esta ta\u00e7a apresenta um acabamento vibrante em tons vermelhos e dourados que evocam a ardente paix\u00e3o do flamenco. O seu interior est\u00e1 decorado com um estilo que simula uma paisagem flamenca, enquanto dois flamingos estilizados em preto se destacam no centro, conferindo uma elegante sofistica\u00e7\u00e3o \u00e0 pe\u00e7a.<\/p>\n<p>O design desta ta\u00e7a \u00e9 tanto visual como funcional, tornando-se um acess\u00f3rio perfeito para servir aperitivos ou como recipiente decorativo em qualquer casa. A combina\u00e7\u00e3o do seu colorido e a representa\u00e7\u00e3o dos flamingos, ic\u00f3nicos no folclore espanhol, transforma esta ta\u00e7a numa recorda\u00e7\u00e3o significativa que celebra a rica cultura de Espanha.<\/p>\n<p>Na Ol\u00e9 Mosaic especializamo-nos na distribui\u00e7\u00e3o de souvenirs por grosso, oferecendo produtos aut\u00eanticos que refletem a tradi\u00e7\u00e3o espanhola. Esta ta\u00e7a de coco vermelha \u00e9 uma excelente op\u00e7\u00e3o para lojas de presentes tur\u00edsticos que procuram artigos distintivos e de qualidade, ideais para turistas que desejam levar consigo um peda\u00e7o da cultura espanhola.<\/p>\n","protected":false},"excerpt":{"rendered":"<p>Ta\u00e7a de coco vermelha decorada com um design vibrante que evoca a paix\u00e3o do flamenco. Esta ta\u00e7a original, elaborada a partir de casca de coco, apresenta um acabamento em tons vermelhos e dourados que simulam uma paisagem ardente. No centro, destacam-se dois flamingos estilizados em preto, que conferem um toque distintivo e elegante. Perfeita como recipiente decorativo ou para servir aperitivos, esta ta\u00e7a encapsula o esp\u00edrito cultural de Espanha.<\/p>\n","protected":false},"featured_media":13434,"template":"","meta":{"_acf_changed":false},"product_brand":[],"product_cat":[513],"product_tag":[516],"class_list":{"0":"post-30552","1":"product","2":"type-product","3":"status-publish","4":"has-post-thumbnail","6":"product_cat-bols","7":"product_tag-animais","8":"pa_motivo-flamingos","10":"first","11":"instock","12":"shipping-taxable","13":"product-type-simple"},"acf":[],"_links":{"self":[{"href":"https:\/\/olemosaic.orbitalia.org\/pt-pt\/wp-json\/wp\/v2\/product\/30552","targetHints":{"allow":["GET"]}}],"collection":[{"href":"https:\/\/olemosaic.orbitalia.org\/pt-pt\/wp-json\/wp\/v2\/product"}],"about":[{"href":"https:\/\/olemosaic.orbitalia.org\/pt-pt\/wp-json\/wp\/v2\/types\/product"}],"wp:featuredmedia":[{"embeddable":true,"href":"https:\/\/olemosaic.orbitalia.org\/pt-pt\/wp-json\/wp\/v2\/media\/13434"}],"wp:attachment":[{"href":"https:\/\/olemosaic.orbitalia.org\/pt-pt\/wp-json\/wp\/v2\/media?parent=30552"}],"wp:term":[{"taxonomy":"product_brand","embeddable":true,"href":"https:\/\/olemosaic.orbitalia.org\/pt-pt\/wp-json\/wp\/v2\/product_brand?post=30552"},{"taxonomy":"product_cat","embeddable":true,"href":"https:\/\/olemosaic.orbitalia.org\/pt-pt\/wp-json\/wp\/v2\/product_cat?post=30552"},{"taxonomy":"product_tag","embeddable":true,"href":"https:\/\/olemosaic.orbitalia.org\/pt-pt\/wp-json\/wp\/v2\/product_tag?post=30552"}],"curies":[{"name":"wp","href":"https:\/\/api.w.org\/{rel}","templated":true}]}}