{"id":30537,"date":"2025-02-20T23:30:59","date_gmt":"2025-02-20T22:30:59","guid":{"rendered":"https:\/\/olemosaic.orbitalia.org\/producto\/bol-de-coco-rojo-abanico\/"},"modified":"2025-07-25T18:33:26","modified_gmt":"2025-07-25T16:33:26","slug":"taca-de-coco-vermelha-leque","status":"publish","type":"product","link":"https:\/\/olemosaic.orbitalia.org\/pt-pt\/produto\/taca-de-coco-vermelha-leque\/","title":{"rendered":"Ta\u00e7a de coco vermelha. Leque."},"content":{"rendered":"<p>Esta ta\u00e7a de coco vermelha \u00e9 um aut\u00eantico tesouro que captura a ess\u00eancia do folclore espanhol, em particular a vibrante cultura andaluza. O seu design circular \u00e9 adornado com um encantador motivo de leque, que presta homenagem \u00e0 tradi\u00e7\u00e3o flamenca e \u00e0 beleza das suas dan\u00e7as. Pintada \u00e0 m\u00e3o, cada ta\u00e7a \u00e9 uma pe\u00e7a \u00fanica, destacando-se pela sua vibrante cor vermelha e pelo delicado padr\u00e3o de cora\u00e7\u00f5es que rodeia a borda, simbolizando o amor e a alegria, valores festivos profundamente enraizados na cultura espanhola.<\/p>\n<p>O interior da ta\u00e7a apresenta um elegante leque, representando a sofistica\u00e7\u00e3o e a arte do flamenco, enquanto a base preta tonaliza e real\u00e7a as cores brilhantes da sua decora\u00e7\u00e3o. Este produto artesanal n\u00e3o \u00e9 apenas perfeito como centro de mesa ou elemento decorativo para o lar, mas tamb\u00e9m cumpre a fun\u00e7\u00e3o de uma requintada pe\u00e7a de cole\u00e7\u00e3o. A sua autenticidade e relev\u00e2ncia cultural tornam-na uma excelente recorda\u00e7\u00e3o para turistas que procuram levar um peda\u00e7o da rica tradi\u00e7\u00e3o espanhola.<\/p>\n<p>Na Ol\u00e9 Mosaic, somos distribuidores especializados em recorda\u00e7\u00f5es por grosso, e esta ta\u00e7a de coco vermelha \u00e9 uma op\u00e7\u00e3o ideal para lojas de presentes tur\u00edsticos que desejem oferecer produtos que representem a cultura andaluza. Esta ta\u00e7a n\u00e3o \u00e9 apenas um acess\u00f3rio est\u00e9tico, mas um lembrete significativo das tradi\u00e7\u00f5es e da arte de Espanha, perfeito para aqueles que desejam levar uma recorda\u00e7\u00e3o aut\u00eantica das suas experi\u00eancias.<\/p>\n","protected":false},"excerpt":{"rendered":"<p>Ta\u00e7a de coco vermelha, decorada com um encantador design de leque inspirado na rica tradi\u00e7\u00e3o cultural espanhola. Este produto artesanal destaca-se pela sua vibrante cor vermelha e pela sua forma circular, adornado com pequenos cora\u00e7\u00f5es e um elegante padr\u00e3o que recorda os leques t\u00edpicos do flamenco. Pintada com estilo artesanal, cada pe\u00e7a \u00e9 \u00fanica, o que a torna uma excelente recorda\u00e7\u00e3o que captura a ess\u00eancia do folclore andaluz. Ideal para usar como centro de mesa ou como objeto decorativo.<\/p>\n","protected":false},"featured_media":10192,"template":"","meta":{"_acf_changed":false},"product_brand":[],"product_cat":[513],"product_tag":[],"class_list":{"0":"post-30537","1":"product","2":"type-product","3":"status-publish","4":"has-post-thumbnail","6":"product_cat-bols","7":"pa_motivo-leques","9":"first","10":"instock","11":"shipping-taxable","12":"product-type-simple"},"acf":[],"_links":{"self":[{"href":"https:\/\/olemosaic.orbitalia.org\/pt-pt\/wp-json\/wp\/v2\/product\/30537","targetHints":{"allow":["GET"]}}],"collection":[{"href":"https:\/\/olemosaic.orbitalia.org\/pt-pt\/wp-json\/wp\/v2\/product"}],"about":[{"href":"https:\/\/olemosaic.orbitalia.org\/pt-pt\/wp-json\/wp\/v2\/types\/product"}],"wp:featuredmedia":[{"embeddable":true,"href":"https:\/\/olemosaic.orbitalia.org\/pt-pt\/wp-json\/wp\/v2\/media\/10192"}],"wp:attachment":[{"href":"https:\/\/olemosaic.orbitalia.org\/pt-pt\/wp-json\/wp\/v2\/media?parent=30537"}],"wp:term":[{"taxonomy":"product_brand","embeddable":true,"href":"https:\/\/olemosaic.orbitalia.org\/pt-pt\/wp-json\/wp\/v2\/product_brand?post=30537"},{"taxonomy":"product_cat","embeddable":true,"href":"https:\/\/olemosaic.orbitalia.org\/pt-pt\/wp-json\/wp\/v2\/product_cat?post=30537"},{"taxonomy":"product_tag","embeddable":true,"href":"https:\/\/olemosaic.orbitalia.org\/pt-pt\/wp-json\/wp\/v2\/product_tag?post=30537"}],"curies":[{"name":"wp","href":"https:\/\/api.w.org\/{rel}","templated":true}]}}