{"id":30536,"date":"2025-02-20T23:30:58","date_gmt":"2025-02-20T22:30:58","guid":{"rendered":"https:\/\/olemosaic.orbitalia.org\/producto\/bol-de-coco-rojo-sardina-3\/"},"modified":"2025-07-25T18:38:57","modified_gmt":"2025-07-25T16:38:57","slug":"taca-de-coco-vermelha-sardinha-3","status":"publish","type":"product","link":"https:\/\/olemosaic.orbitalia.org\/pt-pt\/produto\/taca-de-coco-vermelha-sardinha-3\/","title":{"rendered":"Ta\u00e7a de coco vermelha. Sardinha. Azulejos portugueses."},"content":{"rendered":"<p>Esta ta\u00e7a de coco vermelha \u00e9 um aut\u00eantico tesouro da tradi\u00e7\u00e3o portuguesa, desenhada para evocar a rica cultura e gastronomia do pa\u00eds. Com um vibrante acabamento em tons vermelhos, esta singular ta\u00e7a capta a aten\u00e7\u00e3o gra\u00e7as ao seu design apelativo, que destaca uma sardinha branca no centro, s\u00edmbolo ic\u00f3nico da cozinha portuguesa. A sardinha, representada com um estilo moderno, destaca-se n\u00e3o s\u00f3 pela sua cor, mas tamb\u00e9m pela hist\u00f3ria que carrega, sendo um dos pratos mais apreciados em Portugal.<\/p>\n<p>O interior da ta\u00e7a \u00e9 adornado com um padr\u00e3o decorativo que acrescenta um toque artesanal e distintivo, enquanto a inscri\u00e7\u00e3o &#8220;PORTUGAL&#8221;, elegantemente situada, refor\u00e7a a sua autenticidade como recorda\u00e7\u00e3o. Esta ta\u00e7a n\u00e3o \u00e9 apenas ideal para servir ou exibir, mas tamb\u00e9m atua como um lembrete do ambiente acolhedor e festivo que caracteriza as celebra\u00e7\u00f5es portuguesas, como as famosas festas das sardinhas.<\/p>\n<p>Na Ol\u00e9 Mosaic, compreendemos a import\u00e2ncia de oferecer recorda\u00e7\u00f5es que reflitam a ess\u00eancia cultural do seu lugar de origem. Esta ta\u00e7a de coco vermelha \u00e9 perfeita para lojas que procuram artigos \u00fanicos e de qualidade. Como grossista de recorda\u00e7\u00f5es t\u00edpicas, garantimos que cada pe\u00e7a, incluindo esta atraente ta\u00e7a, transporta consigo a autenticidade e o legado cultural que os turistas desejam levar para casa.<\/p>\n","protected":false},"excerpt":{"rendered":"<p>Ta\u00e7a de coco vermelha inspirada na tradi\u00e7\u00e3o portuguesa, com um design apelativo que destaca uma sardinha branca no centro. Esta atraente ta\u00e7a, elaborada artesanalmente, apresenta um acabamento em tons vermelhos vibrantes e um padr\u00e3o decorativo no interior, que real\u00e7a a sua origem cultural. A inscri\u00e7\u00e3o &#8220;PORTUGAL&#8221;, num estilo moderno, complementa a sua est\u00e9tica, tornando-a uma recorda\u00e7\u00e3o ideal para levar um peda\u00e7o de Portugal para casa.<\/p>\n","protected":false},"featured_media":11980,"template":"","meta":{"_acf_changed":false},"product_brand":[],"product_cat":[513],"product_tag":[516],"class_list":{"0":"post-30536","1":"product","2":"type-product","3":"status-publish","4":"has-post-thumbnail","6":"product_cat-bols","7":"product_tag-animais","8":"pa_motivo-sardinhas","9":"pa_pais-portugal","11":"first","12":"instock","13":"shipping-taxable","14":"product-type-simple"},"acf":[],"_links":{"self":[{"href":"https:\/\/olemosaic.orbitalia.org\/pt-pt\/wp-json\/wp\/v2\/product\/30536","targetHints":{"allow":["GET"]}}],"collection":[{"href":"https:\/\/olemosaic.orbitalia.org\/pt-pt\/wp-json\/wp\/v2\/product"}],"about":[{"href":"https:\/\/olemosaic.orbitalia.org\/pt-pt\/wp-json\/wp\/v2\/types\/product"}],"wp:featuredmedia":[{"embeddable":true,"href":"https:\/\/olemosaic.orbitalia.org\/pt-pt\/wp-json\/wp\/v2\/media\/11980"}],"wp:attachment":[{"href":"https:\/\/olemosaic.orbitalia.org\/pt-pt\/wp-json\/wp\/v2\/media?parent=30536"}],"wp:term":[{"taxonomy":"product_brand","embeddable":true,"href":"https:\/\/olemosaic.orbitalia.org\/pt-pt\/wp-json\/wp\/v2\/product_brand?post=30536"},{"taxonomy":"product_cat","embeddable":true,"href":"https:\/\/olemosaic.orbitalia.org\/pt-pt\/wp-json\/wp\/v2\/product_cat?post=30536"},{"taxonomy":"product_tag","embeddable":true,"href":"https:\/\/olemosaic.orbitalia.org\/pt-pt\/wp-json\/wp\/v2\/product_tag?post=30536"}],"curies":[{"name":"wp","href":"https:\/\/api.w.org\/{rel}","templated":true}]}}