{"id":30535,"date":"2025-02-20T22:30:58","date_gmt":"2025-02-20T22:30:58","guid":{"rendered":"https:\/\/olemosaic.orbitalia.org\/producto\/bol-de-coco-rojo-salamandra-barcelona-2\/"},"modified":"2025-07-25T19:33:20","modified_gmt":"2025-07-25T17:33:20","slug":"taca-de-coco-vermelha-salamandra-barcelona-2","status":"publish","type":"product","link":"https:\/\/olemosaic.orbitalia.org\/pt-pt\/produto\/taca-de-coco-vermelha-salamandra-barcelona-2\/","title":{"rendered":"Ta\u00e7a de coco vermelha. Salamandra. Barcelona."},"content":{"rendered":"<p>Esta ta\u00e7a de coco vermelha \u00e9 um aut\u00eantico tesouro art\u00edstico que captura a ess\u00eancia de Barcelona. Elaborada com coco, a ta\u00e7a apresenta um vibrante fundo vermelho que evoca o calor e a energia da cidade condal. A decora\u00e7\u00e3o inclui um delicado contorno em tons claros que real\u00e7a a singularidade do design. No centro, uma estilizada salamandra branca imp\u00f5e-se, s\u00edmbolo de transforma\u00e7\u00e3o e adaptabilidade, fundindo a riqueza natural da regi\u00e3o com a heran\u00e7a cultural local. Logo abaixo, a palavra &#8220;Barcelona&#8221; acrescenta um toque pessoal e distintivo a esta pe\u00e7a.<\/p>\n<p>Esta ta\u00e7a n\u00e3o \u00e9 apenas uma op\u00e7\u00e3o decorativa, mas tamb\u00e9m funcional, ideal para servir aperitivos ou como elemento decorativo no lar. A salamandra, t\u00e3o presente no folclore catal\u00e3o e em muitas obras de arte da cidade, converte esta ta\u00e7a numa recorda\u00e7\u00e3o representativa que liga o comprador \u00e0 vibrante cultura barcelonesa.<\/p>\n<p>Na Ol\u00e9 Mosaic, especializamo-nos na distribui\u00e7\u00e3o de recorda\u00e7\u00f5es por grosso, e esta ta\u00e7a de coco vermelha \u00e9 uma escolha ideal para lojas de presentes tur\u00edsticos que procuram oferecer artigos aut\u00eanticos e evocativos. Perfeita como recorda\u00e7\u00e3o da cidade, esta ta\u00e7a n\u00e3o \u00e9 apenas um objeto decorativo, mas um peda\u00e7o de Barcelona que os turistas querer\u00e3o levar para casa.<\/p>\n","protected":false},"excerpt":{"rendered":"<p>Ta\u00e7a de coco vermelha com um design apelativo de salamandra, inspirado na vibrante cultura de Barcelona. Esta ta\u00e7a, feita de coco, apresenta um fundo vermelho brilhante adornado com um fino contorno em tons claros. No centro, uma salamandra branca estilizada destaca-se sobre o fundo, acompanhada da palavra &#8220;Barcelona&#8221;. Um complemento art\u00edstico e funcional, perfeito para adicionar um toque \u00fanico ao seu lar ou como recorda\u00e7\u00e3o da Cidade Condal.<\/p>\n","protected":false},"featured_media":11752,"template":"","meta":{"_acf_changed":false},"product_brand":[],"product_cat":[513],"product_tag":[516],"class_list":{"0":"post-30535","1":"product","2":"type-product","3":"status-publish","4":"has-post-thumbnail","6":"product_cat-bols","7":"product_tag-animais","8":"pa_ciudad-barcelona","9":"pa_motivo-salamandras","10":"pa_pais-espana","12":"first","13":"instock","14":"shipping-taxable","15":"product-type-simple"},"acf":[],"_links":{"self":[{"href":"https:\/\/olemosaic.orbitalia.org\/pt-pt\/wp-json\/wp\/v2\/product\/30535","targetHints":{"allow":["GET"]}}],"collection":[{"href":"https:\/\/olemosaic.orbitalia.org\/pt-pt\/wp-json\/wp\/v2\/product"}],"about":[{"href":"https:\/\/olemosaic.orbitalia.org\/pt-pt\/wp-json\/wp\/v2\/types\/product"}],"wp:featuredmedia":[{"embeddable":true,"href":"https:\/\/olemosaic.orbitalia.org\/pt-pt\/wp-json\/wp\/v2\/media\/11752"}],"wp:attachment":[{"href":"https:\/\/olemosaic.orbitalia.org\/pt-pt\/wp-json\/wp\/v2\/media?parent=30535"}],"wp:term":[{"taxonomy":"product_brand","embeddable":true,"href":"https:\/\/olemosaic.orbitalia.org\/pt-pt\/wp-json\/wp\/v2\/product_brand?post=30535"},{"taxonomy":"product_cat","embeddable":true,"href":"https:\/\/olemosaic.orbitalia.org\/pt-pt\/wp-json\/wp\/v2\/product_cat?post=30535"},{"taxonomy":"product_tag","embeddable":true,"href":"https:\/\/olemosaic.orbitalia.org\/pt-pt\/wp-json\/wp\/v2\/product_tag?post=30535"}],"curies":[{"name":"wp","href":"https:\/\/api.w.org\/{rel}","templated":true}]}}