{"id":30394,"date":"2025-02-20T23:30:54","date_gmt":"2025-02-20T22:30:54","guid":{"rendered":"https:\/\/olemosaic.orbitalia.org\/producto\/bol-de-coco-rojo-delfin\/"},"modified":"2025-07-25T18:39:18","modified_gmt":"2025-07-25T16:39:18","slug":"taca-de-coco-vermelha-golfinho","status":"publish","type":"product","link":"https:\/\/olemosaic.orbitalia.org\/pt-pt\/produto\/taca-de-coco-vermelha-golfinho\/","title":{"rendered":"Ta\u00e7a de coco vermelha. Golfinho."},"content":{"rendered":"<p>Esta ta\u00e7a de coco vermelha, decorada com elegantes figuras de golfinhos, \u00e9 uma aut\u00eantica joia artesanal que trar\u00e1 um toque marinho e vibrante a qualquer espa\u00e7o. Confecionada com coco aut\u00eantico, esta ta\u00e7a apresenta um design excecional que combina um fundo vermelho intenso com detalhes dourados, criando um contraste atraente e brilhante. A t\u00e9cnica de pintura \u00e0 m\u00e3o garante que cada pe\u00e7a seja \u00fanica, real\u00e7ando o seu car\u00e1ter exclusivo. No interior, podem observar-se delicadas ilustra\u00e7\u00f5es de golfinhos a nadar com gra\u00e7a, capturando a ess\u00eancia do oceano e da natureza. Os detalhes dourados n\u00e3o s\u00f3 embelezam a pe\u00e7a, como tamb\u00e9m evocam o calor do sol sobre as \u00e1guas.<\/p>\n<p>Esta ta\u00e7a n\u00e3o \u00e9 apenas um elemento decorativo, mas um s\u00edmbolo da rica rela\u00e7\u00e3o entre a cultura costeira e a arte na elabora\u00e7\u00e3o de recorda\u00e7\u00f5es. Proveniente de uma tradi\u00e7\u00e3o que valoriza a liga\u00e7\u00e3o com o mar, este objeto \u00e9 uma excelente recorda\u00e7\u00e3o para turistas que procuram uma representa\u00e7\u00e3o aut\u00eantica da vida marinha. Na Ol\u00e9 Mosaic, somos especialistas na distribui\u00e7\u00e3o de recorda\u00e7\u00f5es por grosso, e esta ta\u00e7a de coco vermelha com golfinhos \u00e9 uma op\u00e7\u00e3o ideal para lojas de presentes tur\u00edsticos que desejem oferecer produtos que realcem a beleza e diversidade do patrim\u00f3nio cultural. Perfeita como presente especial ou para uso decorativo, esta ta\u00e7a torna-se uma recorda\u00e7\u00e3o ideal que celebra a frescura do ambiente marinho.<\/p>\n","protected":false},"excerpt":{"rendered":"<p>Ta\u00e7a de coco vermelha decorada com a elegante figura de golfinhos, ideal para conferir um toque marinho a qualquer espa\u00e7o. Este artigo original, fabricado em coco, apresenta um design vibrante com tonalidades vermelhas e detalhes dourados, criando um contraste atraente. A t\u00e9cnica de design artesanal, pintado \u00e0 m\u00e3o, faz com que cada ta\u00e7a seja \u00fanica, e os golfinhos acrescentam um ar de frescura e dinamismo \u00e0 pe\u00e7a. Perfeita para uso decorativo ou como um presente especial.<\/p>\n","protected":false},"featured_media":10089,"template":"","meta":{"_acf_changed":false},"product_brand":[],"product_cat":[513],"product_tag":[516],"class_list":{"0":"post-30394","1":"product","2":"type-product","3":"status-publish","4":"has-post-thumbnail","6":"product_cat-bols","7":"product_tag-animais","8":"pa_motivo-golfinhos","10":"first","11":"instock","12":"shipping-taxable","13":"product-type-simple"},"acf":[],"_links":{"self":[{"href":"https:\/\/olemosaic.orbitalia.org\/pt-pt\/wp-json\/wp\/v2\/product\/30394","targetHints":{"allow":["GET"]}}],"collection":[{"href":"https:\/\/olemosaic.orbitalia.org\/pt-pt\/wp-json\/wp\/v2\/product"}],"about":[{"href":"https:\/\/olemosaic.orbitalia.org\/pt-pt\/wp-json\/wp\/v2\/types\/product"}],"wp:featuredmedia":[{"embeddable":true,"href":"https:\/\/olemosaic.orbitalia.org\/pt-pt\/wp-json\/wp\/v2\/media\/10089"}],"wp:attachment":[{"href":"https:\/\/olemosaic.orbitalia.org\/pt-pt\/wp-json\/wp\/v2\/media?parent=30394"}],"wp:term":[{"taxonomy":"product_brand","embeddable":true,"href":"https:\/\/olemosaic.orbitalia.org\/pt-pt\/wp-json\/wp\/v2\/product_brand?post=30394"},{"taxonomy":"product_cat","embeddable":true,"href":"https:\/\/olemosaic.orbitalia.org\/pt-pt\/wp-json\/wp\/v2\/product_cat?post=30394"},{"taxonomy":"product_tag","embeddable":true,"href":"https:\/\/olemosaic.orbitalia.org\/pt-pt\/wp-json\/wp\/v2\/product_tag?post=30394"}],"curies":[{"name":"wp","href":"https:\/\/api.w.org\/{rel}","templated":true}]}}