{"id":30362,"date":"2025-02-20T23:30:53","date_gmt":"2025-02-20T22:30:53","guid":{"rendered":"https:\/\/olemosaic.orbitalia.org\/producto\/bol-de-coco-rojo-salamandra-mallorca-2\/"},"modified":"2025-07-25T19:37:28","modified_gmt":"2025-07-25T17:37:28","slug":"taca-de-coco-vermelha-salamandra-maiorca-2","status":"publish","type":"product","link":"https:\/\/olemosaic.orbitalia.org\/pt-pt\/produto\/taca-de-coco-vermelha-salamandra-maiorca-2\/","title":{"rendered":"Ta\u00e7a de coco vermelha. Salamandra. Maiorca. Fundo vermelho."},"content":{"rendered":"<p>Esta ta\u00e7a de coco vermelha com design de salamandra \u00e9 uma preciosa amostra do artesanato de Maiorca, perfeita para quem procura recorda\u00e7\u00f5es aut\u00eanticas e coloridas desta encantadora ilha mediterr\u00e2nica. Fabricada com coco, esta ta\u00e7a destaca-se pelo seu acabamento vibrante num vermelho intenso que atrai o olhar, adornado com pequenos cora\u00e7\u00f5es que conferem um toque l\u00fadico e rom\u00e2ntico. No centro, uma salamandra ilustrada, s\u00edmbolo da fauna local, sobressai com o seu tom vermelho brilhante, real\u00e7ando a alegria e a vitalidade do design. A palavra &#8220;MAIORCA&#8221; est\u00e1 elegantemente estampada no fundo, recordando-nos a geografia cultural da ilha.<\/p>\n<p>Esta ta\u00e7a n\u00e3o \u00e9 apenas um elemento decorativo distintivo, mas tamb\u00e9m \u00e9 perfeita para apresentar aperitivos ou como centro de mesa numa celebra\u00e7\u00e3o, capturando a ess\u00eancia do estilo de vida mediterr\u00e2nico. A liga\u00e7\u00e3o cultural deste artigo reside na sua inspira\u00e7\u00e3o na tradi\u00e7\u00e3o da ilha, tornando-o uma recorda\u00e7\u00e3o significativa para qualquer visitante. Na Ol\u00e9 Mosaic, orgulhamo-nos de oferecer produtos artesanais como esta ta\u00e7a de coco vermelha, levando um peda\u00e7o de Maiorca para a sua casa, ideal para lojas que procuram lembran\u00e7as de qualidade e aut\u00eanticas que reflitam a diversidade cultural de Espanha. Como distribuidores de lembran\u00e7as, garantimos que cada pe\u00e7a \u00e9 uma fiel representa\u00e7\u00e3o da nossa riqueza cultural.<\/p>\n","protected":false},"excerpt":{"rendered":"<p>Ta\u00e7a de coco vermelha com design de salamandra, inspirada na tradi\u00e7\u00e3o de Maiorca. Esta atraente ta\u00e7a, elaborada a partir de coco, apresenta um acabamento brilhante num vermelho intenso, adornado com pequenos cora\u00e7\u00f5es e uma ilustra\u00e7\u00e3o central de uma salamandra da mesma cor. A palavra &#8220;MAIORCA&#8221; est\u00e1 elegantemente estampada no fundo, o que a torna uma lembran\u00e7a perfeita para recordar a beleza desta ilha mediterr\u00e2nica. Ideal como elemento decorativo ou para servir pequenos aperitivos.<\/p>\n","protected":false},"featured_media":10216,"template":"","meta":{"_acf_changed":false},"product_brand":[],"product_cat":[513],"product_tag":[516],"class_list":{"0":"post-30362","1":"product","2":"type-product","3":"status-publish","4":"has-post-thumbnail","6":"product_cat-bols","7":"product_tag-animais","8":"pa_ciudad-mallorca","9":"pa_motivo-salamandras","10":"pa_pais-espana","12":"first","13":"instock","14":"shipping-taxable","15":"product-type-simple"},"acf":[],"_links":{"self":[{"href":"https:\/\/olemosaic.orbitalia.org\/pt-pt\/wp-json\/wp\/v2\/product\/30362","targetHints":{"allow":["GET"]}}],"collection":[{"href":"https:\/\/olemosaic.orbitalia.org\/pt-pt\/wp-json\/wp\/v2\/product"}],"about":[{"href":"https:\/\/olemosaic.orbitalia.org\/pt-pt\/wp-json\/wp\/v2\/types\/product"}],"wp:featuredmedia":[{"embeddable":true,"href":"https:\/\/olemosaic.orbitalia.org\/pt-pt\/wp-json\/wp\/v2\/media\/10216"}],"wp:attachment":[{"href":"https:\/\/olemosaic.orbitalia.org\/pt-pt\/wp-json\/wp\/v2\/media?parent=30362"}],"wp:term":[{"taxonomy":"product_brand","embeddable":true,"href":"https:\/\/olemosaic.orbitalia.org\/pt-pt\/wp-json\/wp\/v2\/product_brand?post=30362"},{"taxonomy":"product_cat","embeddable":true,"href":"https:\/\/olemosaic.orbitalia.org\/pt-pt\/wp-json\/wp\/v2\/product_cat?post=30362"},{"taxonomy":"product_tag","embeddable":true,"href":"https:\/\/olemosaic.orbitalia.org\/pt-pt\/wp-json\/wp\/v2\/product_tag?post=30362"}],"curies":[{"name":"wp","href":"https:\/\/api.w.org\/{rel}","templated":true}]}}