{"id":30349,"date":"2025-02-20T23:30:53","date_gmt":"2025-02-20T22:30:53","guid":{"rendered":"https:\/\/olemosaic.orbitalia.org\/producto\/bol-de-coco-rojo-delfin-mallorca-2\/"},"modified":"2025-07-25T20:00:34","modified_gmt":"2025-07-25T18:00:34","slug":"taca-de-coco-vermelha-golfinho-maiorca-2","status":"publish","type":"product","link":"https:\/\/olemosaic.orbitalia.org\/pt-pt\/produto\/taca-de-coco-vermelha-golfinho-maiorca-2\/","title":{"rendered":"Ta\u00e7a de coco vermelha. Golfinho. Maiorca. Branco."},"content":{"rendered":"<p>Esta ta\u00e7a de coco vermelha, adornada com um golfinho atraente, \u00e9 um aut\u00eantico souvenir de Maiorca que encapsula a beleza marinha da ilha. Elaborada artesanalmente a partir de cascas de coco, este artigo singular apresenta um interior vermelho vibrante que evoca o calor do sol balear e real\u00e7a espetacularmente o motivo branco do golfinho que salta no centro. Logo abaixo da imagem do golfinho, a palavra &#8220;MALLORCA&#8221; sublinha a identidade cultural deste belo destino tur\u00edstico.<\/p>\n<p>As bordas da ta\u00e7a est\u00e3o decoradas com detalhes artesanais que lhe conferem um car\u00e1ter distintivo, tornando cada pe\u00e7a \u00fanica. Esta ta\u00e7a n\u00e3o serve apenas como um recipiente pr\u00e1tico para pequenos objetos, mas tamb\u00e9m atua como um magn\u00edfico centro de mesa, recordando a quem a v\u00ea as \u00e1guas cristalinas e a vibrante vida marinha de Maiorca. O seu design atraente e colorido torna-a um presente perfeito para amigos e familiares, ou simplesmente uma bela recorda\u00e7\u00e3o para exibir na sua casa.<\/p>\n<p>Na Ol\u00e9 Mosaic, dedicamo-nos \u00e0 distribui\u00e7\u00e3o de souvenirs por grosso, e esta ta\u00e7a de coco vermelha \u00e9 uma excelente op\u00e7\u00e3o para lojas de recorda\u00e7\u00f5es que procuram produtos aut\u00eanticos e representativos da rica cultura de Maiorca. Oferecemos apenas os melhores souvenirs, garantindo qualidade e relev\u00e2ncia cultural em cada pe\u00e7a.<\/p>\n","protected":false},"excerpt":{"rendered":"<p>Ta\u00e7a de coco vermelha decorada com um golfinho atraente, que representa a beleza marinha de Maiorca. Este artigo, fabricado em coco, apresenta um interior vermelho vibrante que real\u00e7a o motivo branco do golfinho e o texto &#8220;MALLORCA&#8221;, criando uma pe\u00e7a distintiva. Os detalhes da borda da ta\u00e7a acrescentam um toque artesanal, tornando-a um souvenir ideal para recordar as \u00e1guas cristalinas da ilha.<\/p>\n","protected":false},"featured_media":11780,"template":"","meta":{"_acf_changed":false},"product_brand":[],"product_cat":[513],"product_tag":[516],"class_list":{"0":"post-30349","1":"product","2":"type-product","3":"status-publish","4":"has-post-thumbnail","6":"product_cat-bols","7":"product_tag-animais","8":"pa_ciudad-mallorca","9":"pa_motivo-golfinhos","10":"pa_pais-espana","12":"first","13":"instock","14":"shipping-taxable","15":"product-type-simple"},"acf":[],"_links":{"self":[{"href":"https:\/\/olemosaic.orbitalia.org\/pt-pt\/wp-json\/wp\/v2\/product\/30349","targetHints":{"allow":["GET"]}}],"collection":[{"href":"https:\/\/olemosaic.orbitalia.org\/pt-pt\/wp-json\/wp\/v2\/product"}],"about":[{"href":"https:\/\/olemosaic.orbitalia.org\/pt-pt\/wp-json\/wp\/v2\/types\/product"}],"wp:featuredmedia":[{"embeddable":true,"href":"https:\/\/olemosaic.orbitalia.org\/pt-pt\/wp-json\/wp\/v2\/media\/11780"}],"wp:attachment":[{"href":"https:\/\/olemosaic.orbitalia.org\/pt-pt\/wp-json\/wp\/v2\/media?parent=30349"}],"wp:term":[{"taxonomy":"product_brand","embeddable":true,"href":"https:\/\/olemosaic.orbitalia.org\/pt-pt\/wp-json\/wp\/v2\/product_brand?post=30349"},{"taxonomy":"product_cat","embeddable":true,"href":"https:\/\/olemosaic.orbitalia.org\/pt-pt\/wp-json\/wp\/v2\/product_cat?post=30349"},{"taxonomy":"product_tag","embeddable":true,"href":"https:\/\/olemosaic.orbitalia.org\/pt-pt\/wp-json\/wp\/v2\/product_tag?post=30349"}],"curies":[{"name":"wp","href":"https:\/\/api.w.org\/{rel}","templated":true}]}}