{"id":30345,"date":"2025-02-20T23:30:52","date_gmt":"2025-02-20T22:30:52","guid":{"rendered":"https:\/\/olemosaic.orbitalia.org\/producto\/bol-de-coco-azul-caballito-de-mar-gran-canaria-3\/"},"modified":"2025-07-25T19:05:07","modified_gmt":"2025-07-25T17:05:07","slug":"taca-de-coco-azul-cavalo-marinho-gran-canaria-3","status":"publish","type":"product","link":"https:\/\/olemosaic.orbitalia.org\/pt-pt\/produto\/taca-de-coco-azul-cavalo-marinho-gran-canaria-3\/","title":{"rendered":"Ta\u00e7a de coco azul. Cavalo-marinho. Gran Canaria."},"content":{"rendered":"<p>Esta ta\u00e7a de coco pintada \u00e0 m\u00e3o \u00e9 uma maravilhosa representa\u00e7\u00e3o art\u00edstica da beleza do arquip\u00e9lago das Can\u00e1rias, concretamente de Gran Canaria. O seu design vibrante em tons azuis evoca as \u00e1guas cristalinas do oceano que rodeia a ilha, enquanto no centro se destacam dois cavalos-marinhos estilizados, s\u00edmbolos da vida marinha e da serenidade que caracterizam a regi\u00e3o. Estes cavalos-marinhos est\u00e3o rodeados de cora\u00e7\u00f5es delicados que acrescentam um toque de calor e amor \u00e0 pe\u00e7a.<\/p>\n<p>O fundo preto desta ta\u00e7a real\u00e7a a eleg\u00e2ncia do design, criando um contraste que n\u00e3o s\u00f3 atrai a aten\u00e7\u00e3o, mas tamb\u00e9m proporciona uma base excelente para os elementos coloridos que a adornam. Na parte inferior da ta\u00e7a, a inscri\u00e7\u00e3o &#8220;Gran Canaria&#8221; refor\u00e7a a sua origem aut\u00eantica, tornando-a um souvenir representativo e significativo para quem procura levar um peda\u00e7o da cultura can\u00e1ria para casa.<\/p>\n<p>Esta ta\u00e7a n\u00e3o \u00e9 apenas um objeto decorativo; o seu design e artesanato tornam-na uma recorda\u00e7\u00e3o perfeita que captura a ess\u00eancia da vida nas Ilhas Can\u00e1rias. Ideal para turistas que procuram souvenirs aut\u00eanticos, esta ta\u00e7a de coco \u00e9 uma excelente op\u00e7\u00e3o que qualquer loja de recorda\u00e7\u00f5es gostaria de oferecer. Na Ol\u00e9 Mosaic, dedicamo-nos \u00e0 distribui\u00e7\u00e3o de souvenirs de qualidade por grosso, e esta ta\u00e7a \u00e9 um exemplo perfeito do nosso compromisso com o artesanato e a autenticidade.<\/p>\n","protected":false},"excerpt":{"rendered":"<p>Ta\u00e7a de coco de design artesanal, pintada \u00e0 m\u00e3o, com um design vibrante em tons azuis que evoca a beleza marinha de Gran Canaria. No centro, destacam-se dois cavalos-marinhos estilizados, rodeados de cora\u00e7\u00f5es e sobre um fundo preto que real\u00e7a a sua eleg\u00e2ncia. Na parte inferior, a inscri\u00e7\u00e3o &#8220;Gran Canaria&#8221; enfatiza a sua origem. Esta ta\u00e7a n\u00e3o \u00e9 apenas um objeto decorativo, mas tamb\u00e9m um souvenir aut\u00eantico que captura a ess\u00eancia cultural do arquip\u00e9lago das Can\u00e1rias.<\/p>\n","protected":false},"featured_media":10247,"template":"","meta":{"_acf_changed":false},"product_brand":[],"product_cat":[513],"product_tag":[516],"class_list":{"0":"post-30345","1":"product","2":"type-product","3":"status-publish","4":"has-post-thumbnail","6":"product_cat-bols","7":"product_tag-animais","8":"pa_ciudad-gran-canaria","9":"pa_motivo-cavalos-marinhos","10":"pa_pais-espana","12":"first","13":"instock","14":"shipping-taxable","15":"product-type-simple"},"acf":[],"_links":{"self":[{"href":"https:\/\/olemosaic.orbitalia.org\/pt-pt\/wp-json\/wp\/v2\/product\/30345","targetHints":{"allow":["GET"]}}],"collection":[{"href":"https:\/\/olemosaic.orbitalia.org\/pt-pt\/wp-json\/wp\/v2\/product"}],"about":[{"href":"https:\/\/olemosaic.orbitalia.org\/pt-pt\/wp-json\/wp\/v2\/types\/product"}],"wp:featuredmedia":[{"embeddable":true,"href":"https:\/\/olemosaic.orbitalia.org\/pt-pt\/wp-json\/wp\/v2\/media\/10247"}],"wp:attachment":[{"href":"https:\/\/olemosaic.orbitalia.org\/pt-pt\/wp-json\/wp\/v2\/media?parent=30345"}],"wp:term":[{"taxonomy":"product_brand","embeddable":true,"href":"https:\/\/olemosaic.orbitalia.org\/pt-pt\/wp-json\/wp\/v2\/product_brand?post=30345"},{"taxonomy":"product_cat","embeddable":true,"href":"https:\/\/olemosaic.orbitalia.org\/pt-pt\/wp-json\/wp\/v2\/product_cat?post=30345"},{"taxonomy":"product_tag","embeddable":true,"href":"https:\/\/olemosaic.orbitalia.org\/pt-pt\/wp-json\/wp\/v2\/product_tag?post=30345"}],"curies":[{"name":"wp","href":"https:\/\/api.w.org\/{rel}","templated":true}]}}