{"id":30304,"date":"2025-02-20T23:30:51","date_gmt":"2025-02-20T22:30:51","guid":{"rendered":"https:\/\/olemosaic.orbitalia.org\/producto\/bol-de-coco-naranja-mariposa-2\/"},"modified":"2025-07-25T18:53:19","modified_gmt":"2025-07-25T16:53:19","slug":"taca-de-coco-laranja-borboleta-pt-pt","status":"publish","type":"product","link":"https:\/\/olemosaic.orbitalia.org\/pt-pt\/produto\/taca-de-coco-laranja-borboleta-pt-pt\/","title":{"rendered":"Ta\u00e7a de coco laranja. Borboleta."},"content":{"rendered":"<p>Esta ta\u00e7a de coco pintada \u00e0 m\u00e3o numa vibrante cor laranja \u00e9 uma amostra excecional de arte popular, ideal como recorda\u00e7\u00e3o de uma regi\u00e3o rica em cultura e tradi\u00e7\u00e3o. A sua forma ovalada e elegante real\u00e7a a textura natural do material, criando um efeito visual atraente que convida \u00e0 contempla\u00e7\u00e3o. O design de borboleta no centro adiciona um toque delicado, simbolizando a beleza e a transforma\u00e7\u00e3o, elementos intr\u00ednsecos de muitas culturas mediterr\u00e2neas.<\/p>\n<p>O acabamento brilhante da ta\u00e7a n\u00e3o s\u00f3 real\u00e7a a sua cor quente, como tamb\u00e9m a torna uma pe\u00e7a vers\u00e1til, perfeita tanto para servir aperitivos durante uma reuni\u00e3o como para ser um objeto decorativo que confere um ar moderno e acolhedor a qualquer ambiente. Esta ta\u00e7a de coco torna-se uma homenagem ao artesanato regional, sendo um presente inesquec\u00edvel que capta a ess\u00eancia do local de origem.<\/p>\n<p>Comprar recorda\u00e7\u00f5es deste tipo n\u00e3o s\u00f3 proporciona uma lembran\u00e7a tang\u00edvel da sua visita, como tamb\u00e9m apoia os artes\u00e3os locais. Na Ol\u00e9 Mosaic, a nossa especialidade como distribuidor de recorda\u00e7\u00f5es artesanais por grosso garante que cada produto, como esta ta\u00e7a de coco, seja aut\u00eantico e reflita a rica heran\u00e7a cultural da sua origem. Perfeito para lojas de presentes tur\u00edsticos que procurem oferecer artigos \u00fanicos e significativos.<\/p>\n","protected":false},"excerpt":{"rendered":"<p>Ta\u00e7a de coco de design artesanal, pintada \u00e0 m\u00e3o, num vibrante laranja, decorada com um elegante design de borboleta no centro. Esta preciosa ta\u00e7a real\u00e7a a textura natural do coco, com um acabamento brilhante que refor\u00e7a o seu apelo. Ideal como pe\u00e7a decorativa ou para servir aperitivos, a sua original forma ovalada e a sua cor quente conferem um toque moderno e ex\u00f3tico a qualquer ambiente. Uma recorda\u00e7\u00e3o encantadora que reflete a ess\u00eancia da arte folcl\u00f3rica da regi\u00e3o.<\/p>\n","protected":false},"featured_media":13423,"template":"","meta":{"_acf_changed":false},"product_brand":[],"product_cat":[513],"product_tag":[516],"class_list":{"0":"post-30304","1":"product","2":"type-product","3":"status-publish","4":"has-post-thumbnail","6":"product_cat-bols","7":"product_tag-animais","8":"pa_motivo-borboletas","10":"first","11":"instock","12":"shipping-taxable","13":"product-type-simple"},"acf":[],"_links":{"self":[{"href":"https:\/\/olemosaic.orbitalia.org\/pt-pt\/wp-json\/wp\/v2\/product\/30304","targetHints":{"allow":["GET"]}}],"collection":[{"href":"https:\/\/olemosaic.orbitalia.org\/pt-pt\/wp-json\/wp\/v2\/product"}],"about":[{"href":"https:\/\/olemosaic.orbitalia.org\/pt-pt\/wp-json\/wp\/v2\/types\/product"}],"wp:featuredmedia":[{"embeddable":true,"href":"https:\/\/olemosaic.orbitalia.org\/pt-pt\/wp-json\/wp\/v2\/media\/13423"}],"wp:attachment":[{"href":"https:\/\/olemosaic.orbitalia.org\/pt-pt\/wp-json\/wp\/v2\/media?parent=30304"}],"wp:term":[{"taxonomy":"product_brand","embeddable":true,"href":"https:\/\/olemosaic.orbitalia.org\/pt-pt\/wp-json\/wp\/v2\/product_brand?post=30304"},{"taxonomy":"product_cat","embeddable":true,"href":"https:\/\/olemosaic.orbitalia.org\/pt-pt\/wp-json\/wp\/v2\/product_cat?post=30304"},{"taxonomy":"product_tag","embeddable":true,"href":"https:\/\/olemosaic.orbitalia.org\/pt-pt\/wp-json\/wp\/v2\/product_tag?post=30304"}],"curies":[{"name":"wp","href":"https:\/\/api.w.org\/{rel}","templated":true}]}}