{"id":30303,"date":"2025-02-20T23:30:51","date_gmt":"2025-02-20T22:30:51","guid":{"rendered":"https:\/\/olemosaic.orbitalia.org\/producto\/bol-de-coco-naranja-ibiscus-2\/"},"modified":"2025-07-25T20:18:22","modified_gmt":"2025-07-25T18:18:22","slug":"taca-de-coco-laranja-hibisco-dourado","status":"publish","type":"product","link":"https:\/\/olemosaic.orbitalia.org\/pt-pt\/produto\/taca-de-coco-laranja-hibisco-dourado\/","title":{"rendered":"Ta\u00e7a de coco laranja. Hibisco. Dourado."},"content":{"rendered":"<p>Esta ta\u00e7a de coco laranja, adornada com um elegante motivo de hibisco, \u00e9 o complemento perfeito para dar um toque distintivo e tropical a qualquer espa\u00e7o. O seu design artesanal destaca-se por uma textura \u00fanica, que evoca um efeito craquelado em tons dourados, conferindo um acabamento sofisticado e atraente. O hibisco, s\u00edmbolo da beleza e da hospitalidade mediterr\u00e2nicas, est\u00e1 delicadamente pintado no centro da ta\u00e7a, criando um contraste visual que capta a ess\u00eancia do ver\u00e3o e da cultura costeira.<\/p>\n<p>Esta ta\u00e7a de coco n\u00e3o \u00e9 apenas uma pe\u00e7a decorativa, mas tamb\u00e9m \u00e9 muito funcional, ideal para servir aperitivos ou como suporte para velas, adicionando um ar de eleg\u00e2ncia a qualquer reuni\u00e3o. Enquadra-se perfeitamente em estilos de decora\u00e7\u00e3o mediterr\u00e2neos e de praia; o seu tom laranja quente evoca o p\u00f4r do sol, tornando cada utiliza\u00e7\u00e3o uma recorda\u00e7\u00e3o do calor e da alegria dos destinos costeiros de Espanha.<\/p>\n<p>Na Ol\u00e9 Mosaic, estamos comprometidos com a autenticidade e a qualidade nas nossas recorda\u00e7\u00f5es. Esta ta\u00e7a de coco \u00e9 uma excelente op\u00e7\u00e3o para lojas de presentes tur\u00edsticos que procuram produtos \u00fanicos e representativos. Ao adquirir esta ta\u00e7a artesanal, n\u00e3o s\u00f3 obt\u00e9m um objeto decorativo, mas tamb\u00e9m uma pe\u00e7a da rica heran\u00e7a cultural mediterr\u00e2nica, perfeita como presente ou recorda\u00e7\u00e3o. Como grossistas de recorda\u00e7\u00f5es, garantimos o acesso a produtos artesanais que real\u00e7am a beleza e a autenticidade de cada canto do mundo.<\/p>\n","protected":false},"excerpt":{"rendered":"<p>Ta\u00e7a de coco de cor laranja, decorada com um elegante motivo de hibisco. Este atraente objeto, elaborado de forma artesanal, apresenta um design \u00fanico com uma textura que recorda o craquelado, real\u00e7ada por tons dourados. Ideal para a decora\u00e7\u00e3o de espa\u00e7os mediterr\u00e2neos, esta ta\u00e7a de coco combina na perfei\u00e7\u00e3o beleza e funcionalidade, tornando-se um elegante detalhe para a casa ou um encantador presente com um ar tropical.<\/p>\n","protected":false},"featured_media":13427,"template":"","meta":{"_acf_changed":false},"product_brand":[],"product_cat":[513],"product_tag":[],"class_list":{"0":"post-30303","1":"product","2":"type-product","3":"status-publish","4":"has-post-thumbnail","6":"product_cat-bols","7":"pa_motivo-hibisco","9":"first","10":"instock","11":"shipping-taxable","12":"product-type-simple"},"acf":[],"_links":{"self":[{"href":"https:\/\/olemosaic.orbitalia.org\/pt-pt\/wp-json\/wp\/v2\/product\/30303","targetHints":{"allow":["GET"]}}],"collection":[{"href":"https:\/\/olemosaic.orbitalia.org\/pt-pt\/wp-json\/wp\/v2\/product"}],"about":[{"href":"https:\/\/olemosaic.orbitalia.org\/pt-pt\/wp-json\/wp\/v2\/types\/product"}],"wp:featuredmedia":[{"embeddable":true,"href":"https:\/\/olemosaic.orbitalia.org\/pt-pt\/wp-json\/wp\/v2\/media\/13427"}],"wp:attachment":[{"href":"https:\/\/olemosaic.orbitalia.org\/pt-pt\/wp-json\/wp\/v2\/media?parent=30303"}],"wp:term":[{"taxonomy":"product_brand","embeddable":true,"href":"https:\/\/olemosaic.orbitalia.org\/pt-pt\/wp-json\/wp\/v2\/product_brand?post=30303"},{"taxonomy":"product_cat","embeddable":true,"href":"https:\/\/olemosaic.orbitalia.org\/pt-pt\/wp-json\/wp\/v2\/product_cat?post=30303"},{"taxonomy":"product_tag","embeddable":true,"href":"https:\/\/olemosaic.orbitalia.org\/pt-pt\/wp-json\/wp\/v2\/product_tag?post=30303"}],"curies":[{"name":"wp","href":"https:\/\/api.w.org\/{rel}","templated":true}]}}