{"id":30299,"date":"2025-02-20T22:30:51","date_gmt":"2025-02-20T22:30:51","guid":{"rendered":"https:\/\/olemosaic.orbitalia.org\/producto\/bol-de-coco-naranja-ibiscus\/"},"modified":"2025-07-25T20:41:43","modified_gmt":"2025-07-25T18:41:43","slug":"taca-de-coco-laranja-hibisco","status":"publish","type":"product","link":"https:\/\/olemosaic.orbitalia.org\/pt-pt\/produto\/taca-de-coco-laranja-hibisco\/","title":{"rendered":"Ta\u00e7a de coco laranja. Hibisco."},"content":{"rendered":"<p>Esta ta\u00e7a de coco laranja \u00e9 uma pe\u00e7a \u00fanica que combina funcionalidade e est\u00e9tica, ideal para quem procura recorda\u00e7\u00f5es aut\u00eanticas da cultura tropical. Elaborada com casca de coco, a ta\u00e7a apresenta uma forma org\u00e2nica que lhe confere um car\u00e1ter distintivo e encantador. A sua vibrante cor laranja evoca o calor do ver\u00e3o e reflete fielmente as paisagens ensolaradas das regi\u00f5es tropicais. No centro, destaca-se um belo design de hibisco num elegante tom branco, que simboliza a beleza e a riqueza da flora local. A borda da ta\u00e7a est\u00e1 adornada com um padr\u00e3o delicado que real\u00e7a o processo artesanal da sua elabora\u00e7\u00e3o, o que torna cada pe\u00e7a num objeto de arte.<\/p>\n<p>Esta ta\u00e7a n\u00e3o s\u00f3 \u00e9 perfeita para servir aperitivos e saladas, como tamb\u00e9m pode ser utilizada como elemento decorativo no lar, conferindo um toque ex\u00f3tico a qualquer espa\u00e7o. A sua liga\u00e7\u00e3o cultural com as t\u00e9cnicas artesanais das ilhas tropicais torna-a uma recorda\u00e7\u00e3o significativa para os turistas que procuram recorda\u00e7\u00f5es aut\u00eanticas. Na Ol\u00e9 Mosaic, como distribuidores de produtos \u00fanicos do setor, oferecemos esta ta\u00e7a de coco laranja, uma excelente op\u00e7\u00e3o para lojas de presentes tur\u00edsticos que desejam captar a ess\u00eancia do tropical. Com a sua autenticidade e design atraente, \u00e9, sem d\u00favida, uma recorda\u00e7\u00e3o memor\u00e1vel e representativa da rica cultura destes lugares.<\/p>\n","protected":false},"excerpt":{"rendered":"<p>Ta\u00e7a de coco cor de laranja, decorada com um belo design de hibisco no centro. Esta atraente ta\u00e7a, elaborada principalmente com casca de coco, destaca-se pela sua forma org\u00e2nica e pela sua vibrante cor laranja, que evoca o calor do ver\u00e3o em regi\u00f5es tropicais. A decora\u00e7\u00e3o branca do hibisco sobressai sobre a base alaranjada, enquanto o seu rebordo apresenta um padr\u00e3o delicado que adiciona um toque artesanal. Ideal para servir aperitivos ou como elemento decorativo no lar.<\/p>\n","protected":false},"featured_media":13399,"template":"","meta":{"_acf_changed":false},"product_brand":[],"product_cat":[513],"product_tag":[],"class_list":{"0":"post-30299","1":"product","2":"type-product","3":"status-publish","4":"has-post-thumbnail","6":"product_cat-bols","7":"pa_motivo-hibisco","9":"first","10":"instock","11":"shipping-taxable","12":"product-type-simple"},"acf":[],"_links":{"self":[{"href":"https:\/\/olemosaic.orbitalia.org\/pt-pt\/wp-json\/wp\/v2\/product\/30299","targetHints":{"allow":["GET"]}}],"collection":[{"href":"https:\/\/olemosaic.orbitalia.org\/pt-pt\/wp-json\/wp\/v2\/product"}],"about":[{"href":"https:\/\/olemosaic.orbitalia.org\/pt-pt\/wp-json\/wp\/v2\/types\/product"}],"wp:featuredmedia":[{"embeddable":true,"href":"https:\/\/olemosaic.orbitalia.org\/pt-pt\/wp-json\/wp\/v2\/media\/13399"}],"wp:attachment":[{"href":"https:\/\/olemosaic.orbitalia.org\/pt-pt\/wp-json\/wp\/v2\/media?parent=30299"}],"wp:term":[{"taxonomy":"product_brand","embeddable":true,"href":"https:\/\/olemosaic.orbitalia.org\/pt-pt\/wp-json\/wp\/v2\/product_brand?post=30299"},{"taxonomy":"product_cat","embeddable":true,"href":"https:\/\/olemosaic.orbitalia.org\/pt-pt\/wp-json\/wp\/v2\/product_cat?post=30299"},{"taxonomy":"product_tag","embeddable":true,"href":"https:\/\/olemosaic.orbitalia.org\/pt-pt\/wp-json\/wp\/v2\/product_tag?post=30299"}],"curies":[{"name":"wp","href":"https:\/\/api.w.org\/{rel}","templated":true}]}}