{"id":30297,"date":"2025-02-20T23:30:50","date_gmt":"2025-02-20T22:30:50","guid":{"rendered":"https:\/\/olemosaic.orbitalia.org\/producto\/bol-de-coco-naranja-flor-2\/"},"modified":"2025-07-25T20:28:23","modified_gmt":"2025-07-25T18:28:23","slug":"taca-de-coco-laranja-flor-2","status":"publish","type":"product","link":"https:\/\/olemosaic.orbitalia.org\/pt-pt\/produto\/taca-de-coco-laranja-flor-2\/","title":{"rendered":"Ta\u00e7a de coco laranja. Flor. Dourado."},"content":{"rendered":"<p>Esta ta\u00e7a de coco laranja \u00e9 uma pe\u00e7a espetacular desenhada para real\u00e7ar a riqueza do artesanato tradicional. Elaborada a partir de cascas de coco, este produto apresenta um atraente acabamento em vibrantes tons laranja que se combinam com detalhes dourados, criando um efeito luminoso que capta a aten\u00e7\u00e3o. A sua superf\u00edcie exibe um delicado design floral pintado \u00e0 m\u00e3o, onde uma elegante flor em tons claros se abre no centro, proporcionando um elegante contraste que adiciona um toque distintivo e original \u00e0 ta\u00e7a.<\/p>\n<p>Ideal tanto como pe\u00e7a decorativa como para servir aperitivos, esta ta\u00e7a reflete a criatividade e o engenho das tradi\u00e7\u00f5es artesanais da regi\u00e3o. A sua textura \u00fanica e os intrincados detalhes florais n\u00e3o s\u00f3 lhe conferem um car\u00e1ter aut\u00eantico, como tamb\u00e9m a tornam uma recorda\u00e7\u00e3o divertida e funcional que evoca o calor e o colorido da cultura local.<\/p>\n<p>Como um representante cl\u00e1ssico das recorda\u00e7\u00f5es artesanais, esta ta\u00e7a de coco laranja \u00e9 uma op\u00e7\u00e3o ideal para turistas em busca de recorda\u00e7\u00f5es aut\u00eanticas que enrique\u00e7am a sua experi\u00eancia. Na Ol\u00e9 Mosaic, especializamo-nos na distribui\u00e7\u00e3o por grosso de recorda\u00e7\u00f5es culturais, garantindo a qualidade e autenticidade de cada pe\u00e7a. Esta ta\u00e7a \u00e9 uma op\u00e7\u00e3o perfeita para lojas de presentes tur\u00edsticos que desejam oferecer produtos \u00fanicos que encarnem o esp\u00edrito artesanal e a beleza da tradi\u00e7\u00e3o.<\/p>\n","protected":false},"excerpt":{"rendered":"<p>Ta\u00e7a de coco laranja decorada com um delicado design floral. Este produto atraente, elaborado a partir de casca de coco, possui um design artesanal, pintado \u00e0 m\u00e3o, em vibrantes tons laranja e dourado, que real\u00e7am a sua textura \u00fanica. No centro, uma elegante flor em tons claros confere um toque distintivo e original. Ideal como pe\u00e7a decorativa ou para servir aperitivos, esta ta\u00e7a reflete a criatividade e a tradi\u00e7\u00e3o artesanal da regi\u00e3o.<\/p>\n","protected":false},"featured_media":10082,"template":"","meta":{"_acf_changed":false},"product_brand":[],"product_cat":[513],"product_tag":[],"class_list":{"0":"post-30297","1":"product","2":"type-product","3":"status-publish","4":"has-post-thumbnail","6":"product_cat-bols","7":"pa_motivo-flores","9":"first","10":"instock","11":"shipping-taxable","12":"product-type-simple"},"acf":[],"_links":{"self":[{"href":"https:\/\/olemosaic.orbitalia.org\/pt-pt\/wp-json\/wp\/v2\/product\/30297","targetHints":{"allow":["GET"]}}],"collection":[{"href":"https:\/\/olemosaic.orbitalia.org\/pt-pt\/wp-json\/wp\/v2\/product"}],"about":[{"href":"https:\/\/olemosaic.orbitalia.org\/pt-pt\/wp-json\/wp\/v2\/types\/product"}],"wp:featuredmedia":[{"embeddable":true,"href":"https:\/\/olemosaic.orbitalia.org\/pt-pt\/wp-json\/wp\/v2\/media\/10082"}],"wp:attachment":[{"href":"https:\/\/olemosaic.orbitalia.org\/pt-pt\/wp-json\/wp\/v2\/media?parent=30297"}],"wp:term":[{"taxonomy":"product_brand","embeddable":true,"href":"https:\/\/olemosaic.orbitalia.org\/pt-pt\/wp-json\/wp\/v2\/product_brand?post=30297"},{"taxonomy":"product_cat","embeddable":true,"href":"https:\/\/olemosaic.orbitalia.org\/pt-pt\/wp-json\/wp\/v2\/product_cat?post=30297"},{"taxonomy":"product_tag","embeddable":true,"href":"https:\/\/olemosaic.orbitalia.org\/pt-pt\/wp-json\/wp\/v2\/product_tag?post=30297"}],"curies":[{"name":"wp","href":"https:\/\/api.w.org\/{rel}","templated":true}]}}