{"id":30296,"date":"2025-02-20T23:30:50","date_gmt":"2025-02-20T22:30:50","guid":{"rendered":"https:\/\/olemosaic.orbitalia.org\/producto\/bol-de-coco-naranja-tortuga-2\/"},"modified":"2025-07-25T20:26:54","modified_gmt":"2025-07-25T18:26:54","slug":"taca-de-coco-laranja-tartaruga-2","status":"publish","type":"product","link":"https:\/\/olemosaic.orbitalia.org\/pt-pt\/produto\/taca-de-coco-laranja-tartaruga-2\/","title":{"rendered":"Ta\u00e7a de coco laranja. Estilo mediterr\u00e2nico. Tartaruga."},"content":{"rendered":"<p>Esta ta\u00e7a de coco laranja \u00e9 uma pe\u00e7a decorativa e funcional que se destaca pelo seu design artesanal e vibrante. Elaborada a partir de casca de coco reciclada, esta pe\u00e7a foi pintada \u00e0 m\u00e3o num cativante tom laranja, criando um contraste perfeito com a delicada representa\u00e7\u00e3o de uma tartaruga no seu interior, rodeada de elementos marinhos. Os detalhes em tons claros, incluindo corais e conchas, real\u00e7am a liga\u00e7\u00e3o com o mundo marinho, evocando a rica cultura costeira de regi\u00f5es como o Mediterr\u00e2neo e o Atl\u00e2ntico, onde a tartaruga \u00e9 um s\u00edmbolo de vida marinha e conserva\u00e7\u00e3o.<\/p>\n<p>Esta ta\u00e7a n\u00e3o s\u00f3 \u00e9 perfeita para servir aperitivos ou como guarda-joias, mas tamb\u00e9m funciona como uma bela pe\u00e7a decorativa para qualquer casa, adicionando um toque de cor e um ar ex\u00f3tico. A sua autenticidade e singularidade tornam-na uma recorda\u00e7\u00e3o especial que representa a ess\u00eancia das tradi\u00e7\u00f5es artesanais. Na Ol\u00e9 Mosaic, como grossistas de recorda\u00e7\u00f5es aut\u00eanticas, oferecemos produtos que celebram e conservam a heran\u00e7a cultural de cada regi\u00e3o, fazendo desta ta\u00e7a de coco laranja uma excelente recorda\u00e7\u00e3o para turistas que procuram levar para casa um pedacinho do mar. Ideal para lojas de presentes tur\u00edsticos que desejem oferecer artigos \u00fanicos e representativos.<\/p>\n","protected":false},"excerpt":{"rendered":"<p>Ta\u00e7a de coco laranja com design de tartaruga, ideal como elemento decorativo ou funcional. Este artigo, elaborado com casca de coco, possui um design artesanal, pintado \u00e0 m\u00e3o, num vibrante tom laranja. No interior, aprecia-se uma delicada representa\u00e7\u00e3o de uma tartaruga rodeada de elementos marinhos, tudo em tons claros que contrastam com o fundo. O seu design \u00fanico e artesanal torna-a uma recorda\u00e7\u00e3o especial da rica cultura marinha.<\/p>\n","protected":false},"featured_media":10063,"template":"","meta":{"_acf_changed":false},"product_brand":[],"product_cat":[513],"product_tag":[516],"class_list":{"0":"post-30296","1":"product","2":"type-product","3":"status-publish","4":"has-post-thumbnail","6":"product_cat-bols","7":"product_tag-animais","8":"pa_motivo-tartarugas","10":"first","11":"instock","12":"shipping-taxable","13":"product-type-simple"},"acf":[],"_links":{"self":[{"href":"https:\/\/olemosaic.orbitalia.org\/pt-pt\/wp-json\/wp\/v2\/product\/30296","targetHints":{"allow":["GET"]}}],"collection":[{"href":"https:\/\/olemosaic.orbitalia.org\/pt-pt\/wp-json\/wp\/v2\/product"}],"about":[{"href":"https:\/\/olemosaic.orbitalia.org\/pt-pt\/wp-json\/wp\/v2\/types\/product"}],"wp:featuredmedia":[{"embeddable":true,"href":"https:\/\/olemosaic.orbitalia.org\/pt-pt\/wp-json\/wp\/v2\/media\/10063"}],"wp:attachment":[{"href":"https:\/\/olemosaic.orbitalia.org\/pt-pt\/wp-json\/wp\/v2\/media?parent=30296"}],"wp:term":[{"taxonomy":"product_brand","embeddable":true,"href":"https:\/\/olemosaic.orbitalia.org\/pt-pt\/wp-json\/wp\/v2\/product_brand?post=30296"},{"taxonomy":"product_cat","embeddable":true,"href":"https:\/\/olemosaic.orbitalia.org\/pt-pt\/wp-json\/wp\/v2\/product_cat?post=30296"},{"taxonomy":"product_tag","embeddable":true,"href":"https:\/\/olemosaic.orbitalia.org\/pt-pt\/wp-json\/wp\/v2\/product_tag?post=30296"}],"curies":[{"name":"wp","href":"https:\/\/api.w.org\/{rel}","templated":true}]}}