{"id":30273,"date":"2025-02-20T23:30:49","date_gmt":"2025-02-20T22:30:49","guid":{"rendered":"https:\/\/olemosaic.orbitalia.org\/producto\/bol-de-coco-naranja-isla-mallorca\/"},"modified":"2025-07-25T20:31:47","modified_gmt":"2025-07-25T18:31:47","slug":"taca-de-coco-laranja-ilha-maiorca","status":"publish","type":"product","link":"https:\/\/olemosaic.orbitalia.org\/pt-pt\/produto\/taca-de-coco-laranja-ilha-maiorca\/","title":{"rendered":"Ta\u00e7a de coco laranja. Ilha. Maiorca."},"content":{"rendered":"<p>Esta ta\u00e7a de coco laranja \u00e9 uma obra-prima que capta a ess\u00eancia e a beleza de Maiorca, tornando-se uma recorda\u00e7\u00e3o ideal para quem procura um souvenir aut\u00eantico da ilha. Fabricada \u00e0 m\u00e3o com coco natural, esta ta\u00e7a destaca-se pela sua vibrante cor laranja brilhante, que evoca o calor do sol maiorquino. A superf\u00edcie interior est\u00e1 decorada com um design \u00fanico que apresenta a silhueta da ilha num belo acabamento branco, juntamente com o nome &#8220;Mallorca&#8221; em letras distintivas, o que torna cada pe\u00e7a algo verdadeiramente especial e representativo da cultura local.<\/p>\n<p>A forma org\u00e2nica da ta\u00e7a real\u00e7a o seu car\u00e1cter art\u00edstico, e o seu acabamento cuidadosamente elaborado acrescenta um toque de eleg\u00e2ncia a qualquer mesa. Quer seja utilizada para servir iguarias ou como elemento decorativo, esta ta\u00e7a \u00e9 uma adi\u00e7\u00e3o vers\u00e1til que atrair\u00e1 a aten\u00e7\u00e3o de todos, refletindo o encanto do litoral balear.<\/p>\n<p>Como uma express\u00e3o aut\u00eantica do artesanato maiorquino, esta ta\u00e7a de coco \u00e9 um excelente souvenir que celebra a rica tradi\u00e7\u00e3o cultural de Maiorca. Na Ol\u00e9 Mosaic, orgulhamo-nos de oferecer produtos \u00fanicos por grosso que real\u00e7am a beleza de Espanha. Esta ta\u00e7a \u00e9 perfeita para lojas de presentes tur\u00edsticos em busca de artigos que captem a ess\u00eancia dos seus lugares favoritos, tornando-a um indispens\u00e1vel de souvenirs de Maiorca.<\/p>\n","protected":false},"excerpt":{"rendered":"<p>Ta\u00e7a de coco de cor laranja, inspirada na beleza de Maiorca. Esta elegante ta\u00e7a apresenta um design \u00fanico, com um acabamento brilhante e detalhes brancos que real\u00e7am a silhueta da ilha e o nome &#8220;Mallorca&#8221;. Fabricada com material natural de coco, cada pe\u00e7a parece ser pintada \u00e0 m\u00e3o, o que garante a sua singularidade. A sua forma org\u00e2nica e a sua cor vibrante acrescentam um toque art\u00edstico a qualquer mesa, perfeito para servir ou simplesmente como elemento decorativo.<\/p>\n","protected":false},"featured_media":11769,"template":"","meta":{"_acf_changed":false},"product_brand":[],"product_cat":[513],"product_tag":[],"class_list":{"0":"post-30273","1":"product","2":"type-product","3":"status-publish","4":"has-post-thumbnail","6":"product_cat-bols","7":"pa_ciudad-mallorca","8":"pa_motivo-ilhas","9":"pa_pais-espana","11":"first","12":"instock","13":"shipping-taxable","14":"product-type-simple"},"acf":[],"_links":{"self":[{"href":"https:\/\/olemosaic.orbitalia.org\/pt-pt\/wp-json\/wp\/v2\/product\/30273","targetHints":{"allow":["GET"]}}],"collection":[{"href":"https:\/\/olemosaic.orbitalia.org\/pt-pt\/wp-json\/wp\/v2\/product"}],"about":[{"href":"https:\/\/olemosaic.orbitalia.org\/pt-pt\/wp-json\/wp\/v2\/types\/product"}],"wp:featuredmedia":[{"embeddable":true,"href":"https:\/\/olemosaic.orbitalia.org\/pt-pt\/wp-json\/wp\/v2\/media\/11769"}],"wp:attachment":[{"href":"https:\/\/olemosaic.orbitalia.org\/pt-pt\/wp-json\/wp\/v2\/media?parent=30273"}],"wp:term":[{"taxonomy":"product_brand","embeddable":true,"href":"https:\/\/olemosaic.orbitalia.org\/pt-pt\/wp-json\/wp\/v2\/product_brand?post=30273"},{"taxonomy":"product_cat","embeddable":true,"href":"https:\/\/olemosaic.orbitalia.org\/pt-pt\/wp-json\/wp\/v2\/product_cat?post=30273"},{"taxonomy":"product_tag","embeddable":true,"href":"https:\/\/olemosaic.orbitalia.org\/pt-pt\/wp-json\/wp\/v2\/product_tag?post=30273"}],"curies":[{"name":"wp","href":"https:\/\/api.w.org\/{rel}","templated":true}]}}