{"id":30270,"date":"2025-02-20T22:30:49","date_gmt":"2025-02-20T22:30:49","guid":{"rendered":"https:\/\/olemosaic.orbitalia.org\/producto\/bol-de-coco-naranja-flor\/"},"modified":"2025-07-25T18:53:08","modified_gmt":"2025-07-25T16:53:08","slug":"taca-de-coco-laranja-flor","status":"publish","type":"product","link":"https:\/\/olemosaic.orbitalia.org\/pt-pt\/produto\/taca-de-coco-laranja-flor\/","title":{"rendered":"Ta\u00e7a de coco laranja. Flor."},"content":{"rendered":"<p>Esta ta\u00e7a de coco laranja \u00e9 uma aut\u00eantica joia artesanal que capta a ess\u00eancia da cultura local. Elaborada com casca de coco, este produto apresenta uma cor alaranjada vibrante que irradia calor e frescura, ideal para enriquecer qualquer ambiente. O seu design destaca-se por uma elegante flor central, meticulosamente decorada com detalhes em branco que criam um belo contraste com o fundo laranja. Este toque art\u00edstico n\u00e3o s\u00f3 embeleza a ta\u00e7a, como tamb\u00e9m celebra a rica heran\u00e7a do artesanato t\u00edpico da regi\u00e3o.<\/p>\n<p>A borda da ta\u00e7a est\u00e1 adornada com motivos geom\u00e9tricos, proporcionando um acabamento distintivo e moderno que a torna um elemento decorativo atraente. Perfeita para usar como centro de mesa, esta ta\u00e7a de coco n\u00e3o \u00e9 apenas pr\u00e1tica para armazenar pequenos pertences, mas tamb\u00e9m se transforma numa recorda\u00e7\u00e3o visual que evoca tradi\u00e7\u00f5es e arte popular.<\/p>\n<p>Como um souvenir representativo da cultura artesanal, esta ta\u00e7a encarna a autenticidade e o valor do trabalho manual. Na Ol\u00e9 Mosaic, orgulhamo-nos de oferecer souvenirs \u00fanicos que refletem a heran\u00e7a cultural, sendo esta ta\u00e7a de coco laranja uma op\u00e7\u00e3o excecional para turistas e lojas de presentes tur\u00edsticos em busca de produtos especiais por grosso.<\/p>\n","protected":false},"excerpt":{"rendered":"<p>Ta\u00e7a de coco alaranjada decorada com uma elegante flor central. Esta pe\u00e7a \u00fanica, elaborada a partir de casca de coco, destaca-se pela sua cor vibrante e pelos delicados detalhes brancos que contrastam com o fundo alaranjado. O seu design inclui uma borda com motivos geom\u00e9tricos, o que a torna um atraente elemento decorativo. Ideal como centro de mesa ou para guardar pequenos objetos, esta ta\u00e7a \u00e9 uma bonita recorda\u00e7\u00e3o da cultura artesanal.<\/p>\n","protected":false},"featured_media":10067,"template":"","meta":{"_acf_changed":false},"product_brand":[],"product_cat":[513],"product_tag":[],"class_list":{"0":"post-30270","1":"product","2":"type-product","3":"status-publish","4":"has-post-thumbnail","6":"product_cat-bols","7":"pa_motivo-flores","9":"first","10":"instock","11":"shipping-taxable","12":"product-type-simple"},"acf":[],"_links":{"self":[{"href":"https:\/\/olemosaic.orbitalia.org\/pt-pt\/wp-json\/wp\/v2\/product\/30270","targetHints":{"allow":["GET"]}}],"collection":[{"href":"https:\/\/olemosaic.orbitalia.org\/pt-pt\/wp-json\/wp\/v2\/product"}],"about":[{"href":"https:\/\/olemosaic.orbitalia.org\/pt-pt\/wp-json\/wp\/v2\/types\/product"}],"wp:featuredmedia":[{"embeddable":true,"href":"https:\/\/olemosaic.orbitalia.org\/pt-pt\/wp-json\/wp\/v2\/media\/10067"}],"wp:attachment":[{"href":"https:\/\/olemosaic.orbitalia.org\/pt-pt\/wp-json\/wp\/v2\/media?parent=30270"}],"wp:term":[{"taxonomy":"product_brand","embeddable":true,"href":"https:\/\/olemosaic.orbitalia.org\/pt-pt\/wp-json\/wp\/v2\/product_brand?post=30270"},{"taxonomy":"product_cat","embeddable":true,"href":"https:\/\/olemosaic.orbitalia.org\/pt-pt\/wp-json\/wp\/v2\/product_cat?post=30270"},{"taxonomy":"product_tag","embeddable":true,"href":"https:\/\/olemosaic.orbitalia.org\/pt-pt\/wp-json\/wp\/v2\/product_tag?post=30270"}],"curies":[{"name":"wp","href":"https:\/\/api.w.org\/{rel}","templated":true}]}}