{"id":30224,"date":"2025-02-20T23:30:47","date_gmt":"2025-02-20T22:30:47","guid":{"rendered":"https:\/\/olemosaic.orbitalia.org\/producto\/bol-de-coco-azul-metalizado-pintado-a-mano\/"},"modified":"2025-07-25T20:01:10","modified_gmt":"2025-07-25T18:01:10","slug":"taca-de-coco-azul-metalizada-pintada-a-mao","status":"publish","type":"product","link":"https:\/\/olemosaic.orbitalia.org\/pt-pt\/produto\/taca-de-coco-azul-metalizada-pintada-a-mao\/","title":{"rendered":"Ta\u00e7a de coco azul. Metalizada."},"content":{"rendered":"<p>Esta ta\u00e7a de coco metalizada, num vibrante azul, \u00e9 uma aut\u00eantica joia do artesanato mediterr\u00e2nico, perfeita para adornar qualquer canto do seu lar. Pintada \u00e0 m\u00e3o, a sua superf\u00edcie brilhante reflete a luz de forma cativante, evocando as \u00e1guas cristalinas do Mediterr\u00e2neo. O seu design arredondado n\u00e3o s\u00f3 confere eleg\u00e2ncia, como a cor azul viva torna-a um elemento decorativo que se destaca em qualquer espa\u00e7o, seja na mesa de jantar, numa prateleira ou como pe\u00e7a central numa exposi\u00e7\u00e3o.<\/p>\n<p>Inspirada na cer\u00e2mica tradicional do Mediterr\u00e2neo, esta ta\u00e7a celebra a rica heran\u00e7a cultural da regi\u00e3o. A aten\u00e7\u00e3o ao detalhe e a meticulosidade no processo de pintura fazem com que cada pe\u00e7a seja \u00fanica, garantindo autenticidade e um toque artesanal que s\u00f3 se encontra nas melhores recorda\u00e7\u00f5es. Esta ta\u00e7a n\u00e3o \u00e9 apenas ideal para o uso di\u00e1rio, mas \u00e9 tamb\u00e9m um excelente presente ou recorda\u00e7\u00e3o para aqueles que desejam levar um peda\u00e7o da arte e da cultura mediterr\u00e2nica.<\/p>\n<p>Na Ol\u00e9 Mosaic, especializamo-nos na distribui\u00e7\u00e3o por grosso de recorda\u00e7\u00f5es aut\u00eanticas, e esta ta\u00e7a de coco azul \u00e9 uma op\u00e7\u00e3o ideal para lojas de presentes tur\u00edsticos que procuram destacar a cultura e a est\u00e9tica do Mediterr\u00e2neo. Ofere\u00e7a aos seus clientes uma recorda\u00e7\u00e3o de qualidade que real\u00e7a a beleza e a tradi\u00e7\u00e3o da regi\u00e3o. Como grossistas, asseguramos que cada ta\u00e7a conte com o design e o artesanato que caracterizam os nossos produtos, tornando esta ta\u00e7a metalizada uma op\u00e7\u00e3o irresistivelmente atrativa.<\/p>\n","protected":false},"excerpt":{"rendered":"<p>Ta\u00e7a de coco metalizada num vibrante azul, design artesanal, pintada \u00e0 m\u00e3o, ideal para dar um toque art\u00edstico ao seu lar. Esta ta\u00e7a, inspirada na cer\u00e2mica tradicional, apresenta uma superf\u00edcie brilhante e reflexos que evocam o belo mar Mediterr\u00e2neo. O seu design arredondado confere eleg\u00e2ncia, enquanto a sua cor intensa a torna um elemento decorativo atrativo e vers\u00e1til. Perfeita para o uso di\u00e1rio ou como pe\u00e7a de exposi\u00e7\u00e3o em qualquer espa\u00e7o.<\/p>\n","protected":false},"featured_media":10382,"template":"","meta":{"_acf_changed":false},"product_brand":[],"product_cat":[513],"product_tag":[],"class_list":{"0":"post-30224","1":"product","2":"type-product","3":"status-publish","4":"has-post-thumbnail","6":"product_cat-bols","7":"pa_motivo-metalizado","9":"first","10":"instock","11":"shipping-taxable","12":"product-type-simple"},"acf":[],"_links":{"self":[{"href":"https:\/\/olemosaic.orbitalia.org\/pt-pt\/wp-json\/wp\/v2\/product\/30224","targetHints":{"allow":["GET"]}}],"collection":[{"href":"https:\/\/olemosaic.orbitalia.org\/pt-pt\/wp-json\/wp\/v2\/product"}],"about":[{"href":"https:\/\/olemosaic.orbitalia.org\/pt-pt\/wp-json\/wp\/v2\/types\/product"}],"wp:featuredmedia":[{"embeddable":true,"href":"https:\/\/olemosaic.orbitalia.org\/pt-pt\/wp-json\/wp\/v2\/media\/10382"}],"wp:attachment":[{"href":"https:\/\/olemosaic.orbitalia.org\/pt-pt\/wp-json\/wp\/v2\/media?parent=30224"}],"wp:term":[{"taxonomy":"product_brand","embeddable":true,"href":"https:\/\/olemosaic.orbitalia.org\/pt-pt\/wp-json\/wp\/v2\/product_brand?post=30224"},{"taxonomy":"product_cat","embeddable":true,"href":"https:\/\/olemosaic.orbitalia.org\/pt-pt\/wp-json\/wp\/v2\/product_cat?post=30224"},{"taxonomy":"product_tag","embeddable":true,"href":"https:\/\/olemosaic.orbitalia.org\/pt-pt\/wp-json\/wp\/v2\/product_tag?post=30224"}],"curies":[{"name":"wp","href":"https:\/\/api.w.org\/{rel}","templated":true}]}}