{"id":30223,"date":"2025-02-20T22:30:46","date_gmt":"2025-02-20T22:30:46","guid":{"rendered":"https:\/\/olemosaic.orbitalia.org\/producto\/bol-de-coco-violeta-metalizado\/"},"modified":"2025-07-25T19:36:38","modified_gmt":"2025-07-25T17:36:38","slug":"taca-de-coco-violeta-metalizada","status":"publish","type":"product","link":"https:\/\/olemosaic.orbitalia.org\/pt-pt\/produto\/taca-de-coco-violeta-metalizada\/","title":{"rendered":"Ta\u00e7a de coco violeta. Metalizada."},"content":{"rendered":"<p>Esta ta\u00e7a de coco metalizada, num vibrante tom violeta, \u00e9 um elemento decorativo que funde modernidade e eleg\u00e2ncia, trazendo um toque \u00fanico a qualquer espa\u00e7o. O seu design \u00e9 elaborado a partir de uma base de coco, uma mat\u00e9ria-prima que se destaca pela sua sustentabilidade e car\u00e1cter org\u00e2nico, o que a torna um artigo distintivo e respeitador do meio ambiente. A superf\u00edcie da ta\u00e7a apresenta um acabamento brilhante que real\u00e7a a sua forma original, oferecendo um contraste fascinante entre a textura natural do coco e o brilho metalizado.<\/p>\n<p>A cor violeta intensa n\u00e3o s\u00f3 \u00e9 visualmente atrativa, como tamb\u00e9m simboliza a criatividade e a sofistica\u00e7\u00e3o, o que a torna ideal para servir aperitivos em reuni\u00f5es ou como pe\u00e7a central numa mesa decorativa. Esta ta\u00e7a captura a ess\u00eancia da arte contempor\u00e2nea, tornando-se uma recorda\u00e7\u00e3o representativa que pode recordar aos visitantes a rica heran\u00e7a cultural do artesanato local.<\/p>\n<p>Na Ol\u00e9 Mosaic, como grossistas de artigos decorativos, oferecemos esta ta\u00e7a de coco como uma excelente op\u00e7\u00e3o para lojas de presentes tur\u00edsticos que procuram produtos aut\u00eanticos e com um toque de design moderno. A sua relev\u00e2ncia cultural e est\u00e9tica garante que seja uma recorda\u00e7\u00e3o perfeita da experi\u00eancia nas regi\u00f5es onde \u00e9 produzida, proporcionando aos turistas um pedacinho de arte e tradi\u00e7\u00e3o em cada pe\u00e7a.<\/p>\n","protected":false},"excerpt":{"rendered":"<p>Ta\u00e7a de coco metalizada num vibrante tom violeta, ideal para conferir um toque moderno e elegante a qualquer decora\u00e7\u00e3o. Fabricada a partir de uma base de coco, esta ta\u00e7a apresenta um acabamento brilhante que real\u00e7a a sua forma org\u00e2nica original, perfeita para servir aperitivos ou como elemento decorativo. A sua cor intensa e a textura met\u00e1lica tornam-na um artigo distintivo, que captura a ess\u00eancia art\u00edstica e criativa do artesanato contempor\u00e2neo.<\/p>\n","protected":false},"featured_media":10385,"template":"","meta":{"_acf_changed":false},"product_brand":[],"product_cat":[513],"product_tag":[],"class_list":{"0":"post-30223","1":"product","2":"type-product","3":"status-publish","4":"has-post-thumbnail","6":"product_cat-bols","7":"pa_motivo-metalizado","9":"first","10":"instock","11":"shipping-taxable","12":"product-type-simple"},"acf":[],"_links":{"self":[{"href":"https:\/\/olemosaic.orbitalia.org\/pt-pt\/wp-json\/wp\/v2\/product\/30223","targetHints":{"allow":["GET"]}}],"collection":[{"href":"https:\/\/olemosaic.orbitalia.org\/pt-pt\/wp-json\/wp\/v2\/product"}],"about":[{"href":"https:\/\/olemosaic.orbitalia.org\/pt-pt\/wp-json\/wp\/v2\/types\/product"}],"wp:featuredmedia":[{"embeddable":true,"href":"https:\/\/olemosaic.orbitalia.org\/pt-pt\/wp-json\/wp\/v2\/media\/10385"}],"wp:attachment":[{"href":"https:\/\/olemosaic.orbitalia.org\/pt-pt\/wp-json\/wp\/v2\/media?parent=30223"}],"wp:term":[{"taxonomy":"product_brand","embeddable":true,"href":"https:\/\/olemosaic.orbitalia.org\/pt-pt\/wp-json\/wp\/v2\/product_brand?post=30223"},{"taxonomy":"product_cat","embeddable":true,"href":"https:\/\/olemosaic.orbitalia.org\/pt-pt\/wp-json\/wp\/v2\/product_cat?post=30223"},{"taxonomy":"product_tag","embeddable":true,"href":"https:\/\/olemosaic.orbitalia.org\/pt-pt\/wp-json\/wp\/v2\/product_tag?post=30223"}],"curies":[{"name":"wp","href":"https:\/\/api.w.org\/{rel}","templated":true}]}}