{"id":30222,"date":"2025-02-20T22:30:46","date_gmt":"2025-02-20T22:30:46","guid":{"rendered":"https:\/\/olemosaic.orbitalia.org\/producto\/bol-de-coco-turquesa-metalizado\/"},"modified":"2025-07-25T18:43:05","modified_gmt":"2025-07-25T16:43:05","slug":"taca-de-coco-turquesa-metalizada","status":"publish","type":"product","link":"https:\/\/olemosaic.orbitalia.org\/pt-pt\/produto\/taca-de-coco-turquesa-metalizada\/","title":{"rendered":"Ta\u00e7a de coco turquesa. Metalizada."},"content":{"rendered":"<p>Esta ta\u00e7a de coco metalizada, num vibrante tom turquesa, \u00e9 uma pe\u00e7a \u00fanica que evoca a frescura do mar e a arte artesanal da regi\u00e3o. O seu design original apresenta uma forma org\u00e2nica, que simula a curva natural de um coco, proporcionando um toque natural e aut\u00eantico a qualquer espa\u00e7o. O interior da ta\u00e7a brilha com um acabamento brilhante que real\u00e7a a sua cor turquesa, enquanto o exterior conserva a textura r\u00fastica t\u00edpica do coco, criando um belo contraste que atrai o olhar e acrescenta car\u00e1cter \u00e0 pe\u00e7a. Ideal tanto como elemento decorativo em mesas modernas como para servir aperitivos em reuni\u00f5es, esta ta\u00e7a combina eleg\u00e2ncia e funcionalidade.<\/p>\n<p>Esta ta\u00e7a n\u00e3o \u00e9 apenas um utens\u00edlio, \u00e9 um reflexo da cultura local, onde a tradi\u00e7\u00e3o artesanal se entrela\u00e7a com o design contempor\u00e2neo. Na Ol\u00e9 Mosaic, sabemos que este tipo de recorda\u00e7\u00e3o \u00e9 perfeito para turistas que procuram lembran\u00e7as aut\u00eanticas e significativas da sua experi\u00eancia na regi\u00e3o. Como grossista de recorda\u00e7\u00f5es de artesanato tradicional, oferecemos produtos que capturam a ess\u00eancia dos lugares que representam. Esta ta\u00e7a de coco turquesa \u00e9, sem d\u00favida, uma excelente op\u00e7\u00e3o para lojas de presentes tur\u00edsticos que desejem deleitar os seus clientes com artigos distintivos e de qualidade.<\/p>\n","protected":false},"excerpt":{"rendered":"<p>Ta\u00e7a de coco metalizada num vibrante turquesa, que evoca a frescura do mar. Este artigo original destaca-se pela sua forma org\u00e2nica e pela suavidade do seu acabamento. Fabricada em metal, o seu interior brilha com um acabamento brilhante, enquanto o exterior conserva a textura natural do coco. Ideal como elemento decorativo ou para servir aperitivos, esta ta\u00e7a \u00e9 um aut\u00eantico reflexo da arte artesanal da regi\u00e3o.<\/p>\n","protected":false},"featured_media":10383,"template":"","meta":{"_acf_changed":false},"product_brand":[],"product_cat":[513],"product_tag":[],"class_list":{"0":"post-30222","1":"product","2":"type-product","3":"status-publish","4":"has-post-thumbnail","6":"product_cat-bols","7":"pa_motivo-metalizado","9":"first","10":"instock","11":"shipping-taxable","12":"product-type-simple"},"acf":[],"_links":{"self":[{"href":"https:\/\/olemosaic.orbitalia.org\/pt-pt\/wp-json\/wp\/v2\/product\/30222","targetHints":{"allow":["GET"]}}],"collection":[{"href":"https:\/\/olemosaic.orbitalia.org\/pt-pt\/wp-json\/wp\/v2\/product"}],"about":[{"href":"https:\/\/olemosaic.orbitalia.org\/pt-pt\/wp-json\/wp\/v2\/types\/product"}],"wp:featuredmedia":[{"embeddable":true,"href":"https:\/\/olemosaic.orbitalia.org\/pt-pt\/wp-json\/wp\/v2\/media\/10383"}],"wp:attachment":[{"href":"https:\/\/olemosaic.orbitalia.org\/pt-pt\/wp-json\/wp\/v2\/media?parent=30222"}],"wp:term":[{"taxonomy":"product_brand","embeddable":true,"href":"https:\/\/olemosaic.orbitalia.org\/pt-pt\/wp-json\/wp\/v2\/product_brand?post=30222"},{"taxonomy":"product_cat","embeddable":true,"href":"https:\/\/olemosaic.orbitalia.org\/pt-pt\/wp-json\/wp\/v2\/product_cat?post=30222"},{"taxonomy":"product_tag","embeddable":true,"href":"https:\/\/olemosaic.orbitalia.org\/pt-pt\/wp-json\/wp\/v2\/product_tag?post=30222"}],"curies":[{"name":"wp","href":"https:\/\/api.w.org\/{rel}","templated":true}]}}