{"id":30221,"date":"2025-02-20T22:30:46","date_gmt":"2025-02-20T22:30:46","guid":{"rendered":"https:\/\/olemosaic.orbitalia.org\/producto\/bol-de-coco-rojo-metalizado\/"},"modified":"2025-07-25T18:43:02","modified_gmt":"2025-07-25T16:43:02","slug":"taca-de-coco-vermelha-metalizada","status":"publish","type":"product","link":"https:\/\/olemosaic.orbitalia.org\/pt-pt\/produto\/taca-de-coco-vermelha-metalizada\/","title":{"rendered":"Ta\u00e7a de coco vermelha. Metalizada."},"content":{"rendered":"<p>Esta ta\u00e7a de coco metalizada numa vibrante cor vermelha \u00e9 uma joia decorativa que captura a ess\u00eancia ex\u00f3tica das ilhas. A sua meticulosa elabora\u00e7\u00e3o artesanal a partir de cascas de coco n\u00e3o s\u00f3 reflete um compromisso com a sustentabilidade, como tamb\u00e9m confere um car\u00e1cter \u00fanico a cada pe\u00e7a. A superf\u00edcie lisa e brilhante da ta\u00e7a irradia luz, criando um efeito visual cativante que real\u00e7a qualquer espa\u00e7o onde seja colocada. Com o seu design org\u00e2nico, a ta\u00e7a apresenta contornos suaves e naturais que evocam a forma do pr\u00f3prio coco, trazendo um toque de natureza para o seu lar.<\/p>\n<p>Este artigo n\u00e3o \u00e9 apenas esteticamente agrad\u00e1vel, mas tamb\u00e9m extremamente funcional, ideal para servir aperitivos em reuni\u00f5es ou como um recipiente decorativo que embeleza a sua mesa. A sua cor vermelha vibrante \u00e9 perfeita para se destacar em qualquer ambiente, tornando-a um presente ideal ou recorda\u00e7\u00e3o de viagem que simboliza a rica e variada cultura das ilhas. Na Ol\u00e9 Mosaic, somos distribuidores de recorda\u00e7\u00f5es aut\u00eanticas que celebram a riqueza cultural de cada regi\u00e3o; esta ta\u00e7a de coco n\u00e3o \u00e9 apenas uma recorda\u00e7\u00e3o, mas um representante de um estilo de vida que aprecia a beleza natural e o artesanato. Sem d\u00favida, \u00e9 uma excelente op\u00e7\u00e3o para lojas de presentes tur\u00edsticos que procuram produtos distintivos e de qualidade, destacando a sua relev\u00e2ncia cultural e o seu apelo visual como recorda\u00e7\u00f5es de coco.<\/p>\n","protected":false},"excerpt":{"rendered":"<p>Ta\u00e7a de coco metalizada num vermelho vibrante, ideal para decorar o seu lar ou servir aperitivos. Este artigo, elaborado artesanalmente a partir de cascas de coco, apresenta uma superf\u00edcie lisa e brilhante que reflete a luz, real\u00e7ando qualquer espa\u00e7o. O seu design org\u00e2nico e atrativo torna-a uma recorda\u00e7\u00e3o perfeita que evoca o car\u00e1cter ex\u00f3tico das Ilhas, combinando funcionalidade e est\u00e9tica de forma \u00fanica.<\/p>\n","protected":false},"featured_media":10379,"template":"","meta":{"_acf_changed":false},"product_brand":[],"product_cat":[513],"product_tag":[],"class_list":{"0":"post-30221","1":"product","2":"type-product","3":"status-publish","4":"has-post-thumbnail","6":"product_cat-bols","7":"pa_motivo-metalizado","9":"first","10":"instock","11":"shipping-taxable","12":"product-type-simple"},"acf":[],"_links":{"self":[{"href":"https:\/\/olemosaic.orbitalia.org\/pt-pt\/wp-json\/wp\/v2\/product\/30221","targetHints":{"allow":["GET"]}}],"collection":[{"href":"https:\/\/olemosaic.orbitalia.org\/pt-pt\/wp-json\/wp\/v2\/product"}],"about":[{"href":"https:\/\/olemosaic.orbitalia.org\/pt-pt\/wp-json\/wp\/v2\/types\/product"}],"wp:featuredmedia":[{"embeddable":true,"href":"https:\/\/olemosaic.orbitalia.org\/pt-pt\/wp-json\/wp\/v2\/media\/10379"}],"wp:attachment":[{"href":"https:\/\/olemosaic.orbitalia.org\/pt-pt\/wp-json\/wp\/v2\/media?parent=30221"}],"wp:term":[{"taxonomy":"product_brand","embeddable":true,"href":"https:\/\/olemosaic.orbitalia.org\/pt-pt\/wp-json\/wp\/v2\/product_brand?post=30221"},{"taxonomy":"product_cat","embeddable":true,"href":"https:\/\/olemosaic.orbitalia.org\/pt-pt\/wp-json\/wp\/v2\/product_cat?post=30221"},{"taxonomy":"product_tag","embeddable":true,"href":"https:\/\/olemosaic.orbitalia.org\/pt-pt\/wp-json\/wp\/v2\/product_tag?post=30221"}],"curies":[{"name":"wp","href":"https:\/\/api.w.org\/{rel}","templated":true}]}}