{"id":30199,"date":"2025-02-20T22:30:46","date_gmt":"2025-02-20T22:30:46","guid":{"rendered":"https:\/\/olemosaic.orbitalia.org\/producto\/bol-de-coco-marron-salamandra-gran-canaria\/"},"modified":"2025-07-25T19:02:01","modified_gmt":"2025-07-25T17:02:01","slug":"taca-de-coco-castanha-salamandra-gran-canaria","status":"publish","type":"product","link":"https:\/\/olemosaic.orbitalia.org\/pt-pt\/produto\/taca-de-coco-castanha-salamandra-gran-canaria\/","title":{"rendered":"Ta\u00e7a de coco castanha. Salamandra. Gran Canaria."},"content":{"rendered":"<p>Esta ta\u00e7a de coco castanha, elaborada a partir da casca do coco, \u00e9 uma pe\u00e7a \u00fanica e representativa da rica cultura de Gran Canaria. Com um design intrincado que ilustra uma salamandra, um s\u00edmbolo ic\u00f3nico que reflete a biodiversidade das ilhas, esta ta\u00e7a n\u00e3o \u00e9 apenas visualmente atraente, mas tamb\u00e9m uma homenagem \u00e0 natureza local. O acabamento brilhante real\u00e7a os tons quentes do castanho e do dourado, criando um contraste cativante que converte cada pe\u00e7a numa obra de arte.<\/p>\n<p>No centro da ta\u00e7a, encontra-se gravado &#8220;Gran Canaria&#8221;, adicionando um elemento personalizado que a torna um souvenir ideal para quem deseja recordar a sua visita a esta bela ilha. Perfeita tanto como elemento decorativo como para uso pr\u00e1tico, esta ta\u00e7a encapsula a ess\u00eancia do artesanato can\u00e1rio e torna-se uma recorda\u00e7\u00e3o aut\u00eantica da regi\u00e3o.<\/p>\n<p>Na Ol\u00e9 Mosaic, somos especialistas na distribui\u00e7\u00e3o de souvenirs por grosso e esta ta\u00e7a de coco castanha representa uma excelente op\u00e7\u00e3o para lojas de presentes tur\u00edsticos que desejem oferecer aos seus clientes um peda\u00e7o da cultura can\u00e1ria. A sua autenticidade e design tornam-na um artigo relevante e muito desejado no mercado.<\/p>\n","protected":false},"excerpt":{"rendered":"<p>Ta\u00e7a de coco castanha, elaborada com a casca de coco, decorada com um intrincado design que representa uma salamandra, s\u00edmbolo emblem\u00e1tico de Gran Canaria. O acabamento brilhante ressalta os tons castanhos e dourados, criando um contraste atraente. No centro, est\u00e1 gravado &#8220;Gran Canaria&#8221;, adicionando um toque personalizado e distintivo. Ideal como elemento decorativo ou para uso pr\u00e1tico, esta ta\u00e7a reflete a rica cultura e natureza das ilhas Can\u00e1rias.<\/p>\n","protected":false},"featured_media":10122,"template":"","meta":{"_acf_changed":false},"product_brand":[],"product_cat":[513],"product_tag":[516],"class_list":{"0":"post-30199","1":"product","2":"type-product","3":"status-publish","4":"has-post-thumbnail","6":"product_cat-bols","7":"product_tag-animais","8":"pa_ciudad-gran-canaria","9":"pa_motivo-salamandras","10":"pa_pais-espana","12":"first","13":"instock","14":"shipping-taxable","15":"product-type-simple"},"acf":[],"_links":{"self":[{"href":"https:\/\/olemosaic.orbitalia.org\/pt-pt\/wp-json\/wp\/v2\/product\/30199","targetHints":{"allow":["GET"]}}],"collection":[{"href":"https:\/\/olemosaic.orbitalia.org\/pt-pt\/wp-json\/wp\/v2\/product"}],"about":[{"href":"https:\/\/olemosaic.orbitalia.org\/pt-pt\/wp-json\/wp\/v2\/types\/product"}],"wp:featuredmedia":[{"embeddable":true,"href":"https:\/\/olemosaic.orbitalia.org\/pt-pt\/wp-json\/wp\/v2\/media\/10122"}],"wp:attachment":[{"href":"https:\/\/olemosaic.orbitalia.org\/pt-pt\/wp-json\/wp\/v2\/media?parent=30199"}],"wp:term":[{"taxonomy":"product_brand","embeddable":true,"href":"https:\/\/olemosaic.orbitalia.org\/pt-pt\/wp-json\/wp\/v2\/product_brand?post=30199"},{"taxonomy":"product_cat","embeddable":true,"href":"https:\/\/olemosaic.orbitalia.org\/pt-pt\/wp-json\/wp\/v2\/product_cat?post=30199"},{"taxonomy":"product_tag","embeddable":true,"href":"https:\/\/olemosaic.orbitalia.org\/pt-pt\/wp-json\/wp\/v2\/product_tag?post=30199"}],"curies":[{"name":"wp","href":"https:\/\/api.w.org\/{rel}","templated":true}]}}