{"id":30198,"date":"2025-02-20T23:30:46","date_gmt":"2025-02-20T22:30:46","guid":{"rendered":"https:\/\/olemosaic.orbitalia.org\/producto\/bol-de-coco-marron-sardina-lisboa-4\/"},"modified":"2025-07-25T20:08:58","modified_gmt":"2025-07-25T18:08:58","slug":"taca-de-coco-castanha-sardinha-lisboa-4","status":"publish","type":"product","link":"https:\/\/olemosaic.orbitalia.org\/pt-pt\/produto\/taca-de-coco-castanha-sardinha-lisboa-4\/","title":{"rendered":"Ta\u00e7a de coco castanha. Sardinha. Lisboa. Portugal."},"content":{"rendered":"<p>Esta ta\u00e7a de coco castanha, inspirada na encantadora paisagem marinha de Lisboa, \u00e9 uma aut\u00eantica joia que funde arte e cultura portuguesas numa s\u00f3 pe\u00e7a. Fabricada a partir de uma casca de coco, este objeto decorativo apresenta um acabamento polido que real\u00e7a as suas tonalidades castanhas e cremosas, evocando o calor e a beleza da costa lisboeta. No seu interior, um delicado design de mosaico mostra uma ilustra\u00e7\u00e3o de uma sardinha, um s\u00edmbolo emblem\u00e1tico da rica gastronomia local, acompanhado da palavra &#8220;Lisboa&#8221; que celebra a sua origem.<\/p>\n<p>A fus\u00e3o das matizes no mosaico n\u00e3o s\u00f3 confere um toque est\u00e9tico, como tamb\u00e9m reflete a tradi\u00e7\u00e3o artesanal da regi\u00e3o. Esta ta\u00e7a n\u00e3o funciona apenas como um elemento decorativo, mas serve como uma recorda\u00e7\u00e3o significativa de Lisboa, que recorda aos turistas a alegria e o encanto da sua visita. O seu design singular torna-a um souvenir perfeito para quem procura uma pe\u00e7a aut\u00eantica que represente o folclore portugu\u00eas.<\/p>\n<p>Na Ol\u00e9 Mosaic, especializamo-nos na distribui\u00e7\u00e3o de souvenirs por grosso, e esta ta\u00e7a de coco castanha \u00e9 uma excelente op\u00e7\u00e3o para lojas de presentes tur\u00edsticos que desejam oferecer produtos \u00fanicos e culturalmente relevantes. N\u00e3o \u00e9 apenas uma ta\u00e7a, \u00e9 um peda\u00e7o de Lisboa, ideal para quem deseja levar consigo uma recorda\u00e7\u00e3o duradoura da sua experi\u00eancia nesta ic\u00f3nica cidade.<\/p>\n","protected":false},"excerpt":{"rendered":"<p>Ta\u00e7a de coco castanha inspirada na bela paisagem marinha de Lisboa. Este objeto decorativo apresenta um design de mosaico em tons castanhos e creme, adornado com uma ilustra\u00e7\u00e3o de uma sardinha e a palavra &#8220;Lisboa&#8221; no seu interior. Fabricada a partir de uma casca de coco, tem um acabamento polido que real\u00e7a a sua beleza natural. Uma pe\u00e7a \u00fanica que captura a ess\u00eancia do folclore portugu\u00eas, ideal para quem procura uma recorda\u00e7\u00e3o aut\u00eantica.<\/p>\n","protected":false},"featured_media":10326,"template":"","meta":{"_acf_changed":false},"product_brand":[],"product_cat":[513],"product_tag":[516],"class_list":{"0":"post-30198","1":"product","2":"type-product","3":"status-publish","4":"has-post-thumbnail","6":"product_cat-bols","7":"product_tag-animais","8":"pa_ciudad-lisboa","9":"pa_motivo-sardinhas","10":"pa_pais-portugal","12":"first","13":"instock","14":"shipping-taxable","15":"product-type-simple"},"acf":[],"_links":{"self":[{"href":"https:\/\/olemosaic.orbitalia.org\/pt-pt\/wp-json\/wp\/v2\/product\/30198","targetHints":{"allow":["GET"]}}],"collection":[{"href":"https:\/\/olemosaic.orbitalia.org\/pt-pt\/wp-json\/wp\/v2\/product"}],"about":[{"href":"https:\/\/olemosaic.orbitalia.org\/pt-pt\/wp-json\/wp\/v2\/types\/product"}],"wp:featuredmedia":[{"embeddable":true,"href":"https:\/\/olemosaic.orbitalia.org\/pt-pt\/wp-json\/wp\/v2\/media\/10326"}],"wp:attachment":[{"href":"https:\/\/olemosaic.orbitalia.org\/pt-pt\/wp-json\/wp\/v2\/media?parent=30198"}],"wp:term":[{"taxonomy":"product_brand","embeddable":true,"href":"https:\/\/olemosaic.orbitalia.org\/pt-pt\/wp-json\/wp\/v2\/product_brand?post=30198"},{"taxonomy":"product_cat","embeddable":true,"href":"https:\/\/olemosaic.orbitalia.org\/pt-pt\/wp-json\/wp\/v2\/product_cat?post=30198"},{"taxonomy":"product_tag","embeddable":true,"href":"https:\/\/olemosaic.orbitalia.org\/pt-pt\/wp-json\/wp\/v2\/product_tag?post=30198"}],"curies":[{"name":"wp","href":"https:\/\/api.w.org\/{rel}","templated":true}]}}