{"id":30197,"date":"2025-02-20T23:30:46","date_gmt":"2025-02-20T22:30:46","guid":{"rendered":"https:\/\/olemosaic.orbitalia.org\/producto\/bol-de-coco-marron-camino-de-santiago-2\/"},"modified":"2025-07-25T20:08:25","modified_gmt":"2025-07-25T18:08:25","slug":"taca-de-coco-castanha-caminho-de-santiago-2","status":"publish","type":"product","link":"https:\/\/olemosaic.orbitalia.org\/pt-pt\/produto\/taca-de-coco-castanha-caminho-de-santiago-2\/","title":{"rendered":"Ta\u00e7a de coco castanha. Caminho de Santiago. Galiza."},"content":{"rendered":"<p>Esta ta\u00e7a de coco castanha, inspirada no emblem\u00e1tico Caminho de Santiago, \u00e9 um aut\u00eantico s\u00edmbolo da rica tradi\u00e7\u00e3o cultural espanhola. O seu design muito especial apresenta um acabamento em tons castanhos que real\u00e7a a textura natural do coco, oferecendo um aspeto r\u00fastico e elegante ao mesmo tempo. Na sua superf\u00edcie, encontra-se o conhecido s\u00edmbolo do caminho, belamente gravado, junto ao texto \u201cCAMINO DE SANTIAGO\u201d numa elegante placa que adiciona um toque de distin\u00e7\u00e3o. Esta ta\u00e7a n\u00e3o \u00e9 apenas um objeto decorativo atraente, mas tamb\u00e9m \u00e9 funcional, ideal para o uso quotidiano na cozinha ou como pe\u00e7a decorativa em qualquer lar.<\/p>\n<p>A liga\u00e7\u00e3o cultural desta recorda\u00e7\u00e3o com a hist\u00f3rica rota de peregrina\u00e7\u00e3o \u00e9 profunda, uma vez que o Caminho de Santiago tem sido um s\u00edmbolo de aventura e espiritualidade durante s\u00e9culos. Cada peregrino que percorre este caminho leva recorda\u00e7\u00f5es indel\u00e9veis, e esta ta\u00e7a representa uma forma maravilhosa de entesourar essas viv\u00eancias. A sua autenticidade torna-a um presente ideal para turistas que procuram souvenirs que n\u00e3o sejam apenas decorativos, mas que tamb\u00e9m contem uma hist\u00f3ria \u00fanica.<\/p>\n<p>Na Ol\u00e9 Mosaic, somos distribuidores de souvenirs por grosso, oferecendo produtos representativos da cultura espanhola, como esta ta\u00e7a de coco que encapsula a ess\u00eancia do Caminho de Santiago. Uma excelente op\u00e7\u00e3o para lojas de presentes tur\u00edsticos que procuram artigos aut\u00eanticos e significativos que far\u00e3o as del\u00edcias dos seus clientes.<\/p>\n","protected":false},"excerpt":{"rendered":"<p>Ta\u00e7a de coco castanha, inspirada no emblem\u00e1tico Caminho de Santiago. Esta bonita ta\u00e7a apresenta um design muito especial com um acabamento em tons castanhos que real\u00e7a a sua textura natural. Decorada com o conhecido s\u00edmbolo do caminho, inclui a inscri\u00e7\u00e3o &#8220;CAMINO DE SANTIAGO&#8221; numa elegante placa. Perfeita como objeto decorativo ou para uso di\u00e1rio, esta ta\u00e7a combina funcionalidade e tradi\u00e7\u00e3o, capturando a ess\u00eancia desta hist\u00f3rica rota de peregrina\u00e7\u00e3o.<\/p>\n","protected":false},"featured_media":10110,"template":"","meta":{"_acf_changed":false},"product_brand":[],"product_cat":[513],"product_tag":[],"class_list":{"0":"post-30197","1":"product","2":"type-product","3":"status-publish","4":"has-post-thumbnail","6":"product_cat-bols","7":"pa_motivo-caminho-de-santiago","9":"first","10":"instock","11":"shipping-taxable","12":"product-type-simple"},"acf":[],"_links":{"self":[{"href":"https:\/\/olemosaic.orbitalia.org\/pt-pt\/wp-json\/wp\/v2\/product\/30197","targetHints":{"allow":["GET"]}}],"collection":[{"href":"https:\/\/olemosaic.orbitalia.org\/pt-pt\/wp-json\/wp\/v2\/product"}],"about":[{"href":"https:\/\/olemosaic.orbitalia.org\/pt-pt\/wp-json\/wp\/v2\/types\/product"}],"wp:featuredmedia":[{"embeddable":true,"href":"https:\/\/olemosaic.orbitalia.org\/pt-pt\/wp-json\/wp\/v2\/media\/10110"}],"wp:attachment":[{"href":"https:\/\/olemosaic.orbitalia.org\/pt-pt\/wp-json\/wp\/v2\/media?parent=30197"}],"wp:term":[{"taxonomy":"product_brand","embeddable":true,"href":"https:\/\/olemosaic.orbitalia.org\/pt-pt\/wp-json\/wp\/v2\/product_brand?post=30197"},{"taxonomy":"product_cat","embeddable":true,"href":"https:\/\/olemosaic.orbitalia.org\/pt-pt\/wp-json\/wp\/v2\/product_cat?post=30197"},{"taxonomy":"product_tag","embeddable":true,"href":"https:\/\/olemosaic.orbitalia.org\/pt-pt\/wp-json\/wp\/v2\/product_tag?post=30197"}],"curies":[{"name":"wp","href":"https:\/\/api.w.org\/{rel}","templated":true}]}}