{"id":30158,"date":"2025-02-20T22:30:45","date_gmt":"2025-02-20T22:30:45","guid":{"rendered":"https:\/\/olemosaic.orbitalia.org\/producto\/bol-de-coco-marron-ibiscus-2\/"},"modified":"2025-07-25T20:25:13","modified_gmt":"2025-07-25T18:25:13","slug":"taca-de-coco-castanha-hibisco-2","status":"publish","type":"product","link":"https:\/\/olemosaic.orbitalia.org\/pt-pt\/produto\/taca-de-coco-castanha-hibisco-2\/","title":{"rendered":"Ta\u00e7a de coco castanha. Hibisco."},"content":{"rendered":"<p>Esta ta\u00e7a de coco castanha, adornada com um encantador design de hibisco, \u00e9 uma pe\u00e7a artesanal que encarna a ess\u00eancia da beleza natural e da cultura tropical. Com a sua superf\u00edcie dourada brilhante e um sofisticado acabamento craquelado, esta ta\u00e7a \u00e9 uma verdadeira homenagem \u00e0 rica diversidade da flora tropical. O calor do coco natural funde-se com os elegantes tons dourados, criando um contraste visual que real\u00e7a a sua singularidade e atratividade.<\/p>\n<p>O design do hibisco, um dos s\u00edmbolos mais emblem\u00e1ticos dos tr\u00f3picos, encontra-se delicadamente impresso no centro da ta\u00e7a, acrescentando um toque de frescura e autenticidade. A sua forma org\u00e2nica e suave adapta-se a qualquer decora\u00e7\u00e3o, tornando-se um excelente centro de mesa ou um elegante recipiente para servir aperitivos. Ideal para eventos e reuni\u00f5es, a sua presen\u00e7a confere um ar de sofistica\u00e7\u00e3o e naturalidade a qualquer espa\u00e7o.<\/p>\n<p>Esta ta\u00e7a n\u00e3o \u00e9 apenas uma recorda\u00e7\u00e3o ideal para quem procura levar um peda\u00e7o da cultura tropical para as suas casas, mas tamb\u00e9m representa um presente significativo que reflete a arte decorativa tradicional. Como distribuidor de recorda\u00e7\u00f5es por grosso, a Ol\u00e9 Mosaic oferece pe\u00e7as \u00fanicas que celebram o artesanato e a cultura, tornando esta ta\u00e7a de coco uma excelente op\u00e7\u00e3o para lojas de presentes tur\u00edsticos que procuram produtos aut\u00eanticos e representativos.<\/p>\n","protected":false},"excerpt":{"rendered":"<p>Ta\u00e7a de coco castanha decorada com um elegante design de hibisco. Este produto artesanal apresenta uma superf\u00edcie dourada brilhante com um subtil acabamento craquelado, que combina o calor do coco natural com a sofistica\u00e7\u00e3o dos tons dourados. Ideal como centro de mesa ou para servir aperitivos, o seu design \u00fanico real\u00e7a a beleza da flora tropical, tornando-o um aut\u00eantico s\u00edmbolo do estilo natural e ex\u00f3tico na arte decorativa.<\/p>\n","protected":false},"featured_media":13428,"template":"","meta":{"_acf_changed":false},"product_brand":[],"product_cat":[513],"product_tag":[],"class_list":{"0":"post-30158","1":"product","2":"type-product","3":"status-publish","4":"has-post-thumbnail","6":"product_cat-bols","7":"pa_motivo-hibisco","9":"first","10":"instock","11":"shipping-taxable","12":"product-type-simple"},"acf":[],"_links":{"self":[{"href":"https:\/\/olemosaic.orbitalia.org\/pt-pt\/wp-json\/wp\/v2\/product\/30158","targetHints":{"allow":["GET"]}}],"collection":[{"href":"https:\/\/olemosaic.orbitalia.org\/pt-pt\/wp-json\/wp\/v2\/product"}],"about":[{"href":"https:\/\/olemosaic.orbitalia.org\/pt-pt\/wp-json\/wp\/v2\/types\/product"}],"wp:featuredmedia":[{"embeddable":true,"href":"https:\/\/olemosaic.orbitalia.org\/pt-pt\/wp-json\/wp\/v2\/media\/13428"}],"wp:attachment":[{"href":"https:\/\/olemosaic.orbitalia.org\/pt-pt\/wp-json\/wp\/v2\/media?parent=30158"}],"wp:term":[{"taxonomy":"product_brand","embeddable":true,"href":"https:\/\/olemosaic.orbitalia.org\/pt-pt\/wp-json\/wp\/v2\/product_brand?post=30158"},{"taxonomy":"product_cat","embeddable":true,"href":"https:\/\/olemosaic.orbitalia.org\/pt-pt\/wp-json\/wp\/v2\/product_cat?post=30158"},{"taxonomy":"product_tag","embeddable":true,"href":"https:\/\/olemosaic.orbitalia.org\/pt-pt\/wp-json\/wp\/v2\/product_tag?post=30158"}],"curies":[{"name":"wp","href":"https:\/\/api.w.org\/{rel}","templated":true}]}}