{"id":30154,"date":"2025-02-20T23:30:44","date_gmt":"2025-02-20T22:30:44","guid":{"rendered":"https:\/\/olemosaic.orbitalia.org\/producto\/bol-de-coco-marron-bailaora-2\/"},"modified":"2025-07-25T18:53:27","modified_gmt":"2025-07-25T16:53:27","slug":"taca-de-coco-castanha-bailarina-espanha-2","status":"publish","type":"product","link":"https:\/\/olemosaic.orbitalia.org\/pt-pt\/produto\/taca-de-coco-castanha-bailarina-espanha-2\/","title":{"rendered":"Ta\u00e7a de coco castanha. Bailarina. Espanha."},"content":{"rendered":"<p>Esta ta\u00e7a de coco castanha, adornada com um elegante motivo de bailarina, captura a ess\u00eancia da rica cultura flamenca de Espanha. O seu elaborado design destaca-se pelo uso de mosaicos no interior, que combinam tons que v\u00e3o do marfim ao castanho, criando um magn\u00edfico contraste visual que atrai a aten\u00e7\u00e3o. No centro da ta\u00e7a, apresenta-se a silhueta de uma bailarina com os bra\u00e7os erguidos num gesto expressivo, simbolizando a paix\u00e3o e a arte do flamenco, t\u00e3o caracter\u00edstico da tradi\u00e7\u00e3o cultural espanhola.<\/p>\n<p>Esta ta\u00e7a artesanal n\u00e3o \u00e9 apenas um objeto decorativo, mas tamb\u00e9m uma pe\u00e7a funcional que pode ser utilizada para servir aperitivos ou como um original centro de mesa, conferindo um toque aut\u00eantico a qualquer espa\u00e7o. A combina\u00e7\u00e3o dos materiais naturais do coco e as cores vibrantes dos mosaicos real\u00e7a o valor artesanal do produto, tornando-o uma recorda\u00e7\u00e3o ideal para quem procura uma liga\u00e7\u00e3o com a cultura andaluza.<\/p>\n<p>Na Ol\u00e9 Mosaic, estamos comprometidos com a distribui\u00e7\u00e3o de souvenirs aut\u00eanticos por grosso, oferecendo produtos que representam a heran\u00e7a cultural de Espanha. Esta ta\u00e7a de bailarina \u00e9 um excelente souvenir que encarna a riqueza do flamenco e a tradi\u00e7\u00e3o espanhola, perfeito para lojas de presentes tur\u00edsticos que desejem oferecer aos seus clientes uma pe\u00e7a \u00fanica e significativa da sua visita.<\/p>\n","protected":false},"excerpt":{"rendered":"<p>Ta\u00e7a de coco castanha decorada com um elegante motivo de bailarina, que representa a rica cultura flamenca de Espanha. O seu interior est\u00e1 adornado com mosaicos de tons que v\u00e3o do marfim ao castanho, criando um belo contraste. O design inclui a silhueta de uma bailarina levantando os bra\u00e7os num gesto elegante, s\u00edmbolo da paix\u00e3o do flamenco. Esta ta\u00e7a artesanal \u00e9 ideal como elemento decorativo ou para servir aperitivos.<\/p>\n","protected":false},"featured_media":13501,"template":"","meta":{"_acf_changed":false},"product_brand":[],"product_cat":[513],"product_tag":[],"class_list":{"0":"post-30154","1":"product","2":"type-product","3":"status-publish","4":"has-post-thumbnail","6":"product_cat-bols","7":"pa_motivo-dancarinos","9":"first","10":"instock","11":"shipping-taxable","12":"product-type-simple"},"acf":[],"_links":{"self":[{"href":"https:\/\/olemosaic.orbitalia.org\/pt-pt\/wp-json\/wp\/v2\/product\/30154","targetHints":{"allow":["GET"]}}],"collection":[{"href":"https:\/\/olemosaic.orbitalia.org\/pt-pt\/wp-json\/wp\/v2\/product"}],"about":[{"href":"https:\/\/olemosaic.orbitalia.org\/pt-pt\/wp-json\/wp\/v2\/types\/product"}],"wp:featuredmedia":[{"embeddable":true,"href":"https:\/\/olemosaic.orbitalia.org\/pt-pt\/wp-json\/wp\/v2\/media\/13501"}],"wp:attachment":[{"href":"https:\/\/olemosaic.orbitalia.org\/pt-pt\/wp-json\/wp\/v2\/media?parent=30154"}],"wp:term":[{"taxonomy":"product_brand","embeddable":true,"href":"https:\/\/olemosaic.orbitalia.org\/pt-pt\/wp-json\/wp\/v2\/product_brand?post=30154"},{"taxonomy":"product_cat","embeddable":true,"href":"https:\/\/olemosaic.orbitalia.org\/pt-pt\/wp-json\/wp\/v2\/product_cat?post=30154"},{"taxonomy":"product_tag","embeddable":true,"href":"https:\/\/olemosaic.orbitalia.org\/pt-pt\/wp-json\/wp\/v2\/product_tag?post=30154"}],"curies":[{"name":"wp","href":"https:\/\/api.w.org\/{rel}","templated":true}]}}