{"id":30153,"date":"2025-02-20T23:30:44","date_gmt":"2025-02-20T22:30:44","guid":{"rendered":"https:\/\/olemosaic.orbitalia.org\/producto\/bol-de-coco-marron-mariposa-2\/"},"modified":"2025-07-25T19:44:24","modified_gmt":"2025-07-25T17:44:24","slug":"taca-de-coco-castanha-borboleta-2","status":"publish","type":"product","link":"https:\/\/olemosaic.orbitalia.org\/pt-pt\/produto\/taca-de-coco-castanha-borboleta-2\/","title":{"rendered":"Ta\u00e7a de coco castanha. Borboleta. Fundo marinho."},"content":{"rendered":"<p>Esta ta\u00e7a de coco castanha \u00e9 uma pe\u00e7a \u00fanica que captura a ess\u00eancia da beleza mediterr\u00e2nica atrav\u00e9s do seu elegante design. Elaborada de forma sustent\u00e1vel, esta ta\u00e7a \u00e9 feita de material natural, destacando o seu acabamento brilhante que reflete a luz de maneira cativante. O seu interior \u00e9 decorado com esmero com pe\u00e7as de concha que oferecem uma paleta de cores que varia desde tons suaves at\u00e9 matizes mais intensos, criando um efeito visual din\u00e2mico e atraente.<\/p>\n<p>No centro da ta\u00e7a, a silhueta de uma borboleta em tom castanho destaca-se de maneira significativa, simbolizando a transforma\u00e7\u00e3o e a beleza ef\u00e9mera da natureza. Este design n\u00e3o s\u00f3 acrescenta um toque art\u00edstico, como tamb\u00e9m estabelece uma liga\u00e7\u00e3o cultural com a rica diversidade biol\u00f3gica das regi\u00f5es mediterr\u00e2nicas, onde as borboletas s\u00e3o um s\u00edmbolo de liberdade e harmonia.<\/p>\n<p>Ideal para servir aperitivos o como elemento decorativo, esta ta\u00e7a torna-se um excelente souvenir que encapsula a autenticidade da cultura mediterr\u00e2nica. Na Ol\u00e9 Mosaic, oferecemos esta ta\u00e7a de coco como parte de uma sele\u00e7\u00e3o exclusiva de souvenirs que prestam homenagem \u00e0s tradi\u00e7\u00f5es locais e \u00e0 sustentabilidade. \u00c9 uma op\u00e7\u00e3o perfeita para lojas de presentes tur\u00edsticos que procuram produtos aut\u00eanticos e significativos que realcem a beleza natural e cultural da regi\u00e3o. Como distribuidores de produtos genu\u00ednos, garantimos qualidade e relev\u00e2ncia em cada pe\u00e7a.<\/p>\n","protected":false},"excerpt":{"rendered":"<p>Ta\u00e7a de coco castanha decorada com um design de borboleta. Esta ta\u00e7a exclusiva, fabricada com materiais sustent\u00e1veis, apresenta um acabamento brilhante com incrusta\u00e7\u00f5es de concha que refletem diferentes cores e matizes. No centro destaca-se a silhueta castanha de uma borboleta, que cria um atraente contraste com a base clara da ta\u00e7a. Ideal para servir aperitivos ou como elemento decorativo, evoca a beleza natural da cultura mediterr\u00e2nica.<\/p>\n","protected":false},"featured_media":13477,"template":"","meta":{"_acf_changed":false},"product_brand":[],"product_cat":[513],"product_tag":[516],"class_list":{"0":"post-30153","1":"product","2":"type-product","3":"status-publish","4":"has-post-thumbnail","6":"product_cat-bols","7":"product_tag-animais","8":"pa_motivo-borboletas","10":"first","11":"instock","12":"shipping-taxable","13":"product-type-simple"},"acf":[],"_links":{"self":[{"href":"https:\/\/olemosaic.orbitalia.org\/pt-pt\/wp-json\/wp\/v2\/product\/30153","targetHints":{"allow":["GET"]}}],"collection":[{"href":"https:\/\/olemosaic.orbitalia.org\/pt-pt\/wp-json\/wp\/v2\/product"}],"about":[{"href":"https:\/\/olemosaic.orbitalia.org\/pt-pt\/wp-json\/wp\/v2\/types\/product"}],"wp:featuredmedia":[{"embeddable":true,"href":"https:\/\/olemosaic.orbitalia.org\/pt-pt\/wp-json\/wp\/v2\/media\/13477"}],"wp:attachment":[{"href":"https:\/\/olemosaic.orbitalia.org\/pt-pt\/wp-json\/wp\/v2\/media?parent=30153"}],"wp:term":[{"taxonomy":"product_brand","embeddable":true,"href":"https:\/\/olemosaic.orbitalia.org\/pt-pt\/wp-json\/wp\/v2\/product_brand?post=30153"},{"taxonomy":"product_cat","embeddable":true,"href":"https:\/\/olemosaic.orbitalia.org\/pt-pt\/wp-json\/wp\/v2\/product_cat?post=30153"},{"taxonomy":"product_tag","embeddable":true,"href":"https:\/\/olemosaic.orbitalia.org\/pt-pt\/wp-json\/wp\/v2\/product_tag?post=30153"}],"curies":[{"name":"wp","href":"https:\/\/api.w.org\/{rel}","templated":true}]}}