{"id":30148,"date":"2025-02-20T22:30:43","date_gmt":"2025-02-20T22:30:43","guid":{"rendered":"https:\/\/olemosaic.orbitalia.org\/producto\/bol-de-coco-marron-tenerife\/"},"modified":"2025-07-25T19:04:40","modified_gmt":"2025-07-25T17:04:40","slug":"taca-de-coco-castanha-tenerife","status":"publish","type":"product","link":"https:\/\/olemosaic.orbitalia.org\/pt-pt\/produto\/taca-de-coco-castanha-tenerife\/","title":{"rendered":"Ta\u00e7a de coco castanha. Tenerife."},"content":{"rendered":"<p>Esta ta\u00e7a de coco castanha \u00e9 uma pe\u00e7a requintada feita \u00e0 m\u00e3o que capta a ess\u00eancia das tradi\u00e7\u00f5es artesanais de Tenerife. Fabricada a partir de cascas de coco recicladas, apresenta um design intrincado no seu interior, onde um acabamento dourado real\u00e7a os padr\u00f5es naturais da casca, criando uma obra de arte que reflete a beleza da natureza can\u00e1ria. No centro, est\u00e1 gravada a silhueta da ilha de Tenerife, o que a torna uma recorda\u00e7\u00e3o perfeita e significativa desta bela regi\u00e3o.<\/p>\n<p>A ta\u00e7a n\u00e3o \u00e9 apenas funcional, ideal para servir alimentos ou decorar um espa\u00e7o, mas tamb\u00e9m serve como um elemento decorativo, gra\u00e7as ao seu design artesanal \u00fanico. Com um acabamento que capta a luz de forma encantadora, \u00e9 uma excelente op\u00e7\u00e3o para quem procura um souvenir aut\u00eantico que lhes recorde a sua visita \u00e0s Ilhas Can\u00e1rias.<\/p>\n<p>Na Ol\u00e9 Mosaic, oferecemos uma variedade de recorda\u00e7\u00f5es de Tenerife, incluindo esta ta\u00e7a de coco, como parte do nosso compromisso de distribuir produtos que representam a riqueza cultural de Espanha. Esta ta\u00e7a \u00e9 uma op\u00e7\u00e3o ideal para lojas de presentes tur\u00edsticos que procuram artigos aut\u00eanticos e de qualidade para os seus clientes. Como grossista de artesanato can\u00e1rio, garantimos que cada pe\u00e7a seja um testemunho do patrim\u00f3nio e da criatividade do artes\u00e3o.<\/p>\n","protected":false},"excerpt":{"rendered":"<p>Ta\u00e7a de coco castanha feita \u00e0 m\u00e3o, inspirada nas tradi\u00e7\u00f5es artesanais de Tenerife. Esta ta\u00e7a singular apresenta um intrincado design no seu interior, com um acabamento dourado que real\u00e7a os delicados padr\u00f5es naturais da casca de coco. No centro, encontra-se gravada a silhueta da ilha de Tenerife, o que a torna uma recorda\u00e7\u00e3o perfeita desta bela regi\u00e3o. Ideal para decorar qualquer espa\u00e7o ou como presente aut\u00eantico.<\/p>\n","protected":false},"featured_media":10107,"template":"","meta":{"_acf_changed":false},"product_brand":[],"product_cat":[513],"product_tag":[],"class_list":{"0":"post-30148","1":"product","2":"type-product","3":"status-publish","4":"has-post-thumbnail","6":"product_cat-bols","7":"pa_ciudad-tenerife","8":"pa_pais-espana","10":"first","11":"instock","12":"shipping-taxable","13":"product-type-simple"},"acf":[],"_links":{"self":[{"href":"https:\/\/olemosaic.orbitalia.org\/pt-pt\/wp-json\/wp\/v2\/product\/30148","targetHints":{"allow":["GET"]}}],"collection":[{"href":"https:\/\/olemosaic.orbitalia.org\/pt-pt\/wp-json\/wp\/v2\/product"}],"about":[{"href":"https:\/\/olemosaic.orbitalia.org\/pt-pt\/wp-json\/wp\/v2\/types\/product"}],"wp:featuredmedia":[{"embeddable":true,"href":"https:\/\/olemosaic.orbitalia.org\/pt-pt\/wp-json\/wp\/v2\/media\/10107"}],"wp:attachment":[{"href":"https:\/\/olemosaic.orbitalia.org\/pt-pt\/wp-json\/wp\/v2\/media?parent=30148"}],"wp:term":[{"taxonomy":"product_brand","embeddable":true,"href":"https:\/\/olemosaic.orbitalia.org\/pt-pt\/wp-json\/wp\/v2\/product_brand?post=30148"},{"taxonomy":"product_cat","embeddable":true,"href":"https:\/\/olemosaic.orbitalia.org\/pt-pt\/wp-json\/wp\/v2\/product_cat?post=30148"},{"taxonomy":"product_tag","embeddable":true,"href":"https:\/\/olemosaic.orbitalia.org\/pt-pt\/wp-json\/wp\/v2\/product_tag?post=30148"}],"curies":[{"name":"wp","href":"https:\/\/api.w.org\/{rel}","templated":true}]}}