{"id":30147,"date":"2025-02-20T23:30:43","date_gmt":"2025-02-20T22:30:43","guid":{"rendered":"https:\/\/olemosaic.orbitalia.org\/producto\/bol-de-coco-marron-abanico-2\/"},"modified":"2025-07-25T20:21:01","modified_gmt":"2025-07-25T18:21:01","slug":"taca-de-coco-castanha-leque-2","status":"publish","type":"product","link":"https:\/\/olemosaic.orbitalia.org\/pt-pt\/produto\/taca-de-coco-castanha-leque-2\/","title":{"rendered":"Ta\u00e7a de coco castanha. Leque. Estilo r\u00fastico."},"content":{"rendered":"<p>Esta ta\u00e7a de coco castanha \u00e9 uma aut\u00eantica joia que capta a ess\u00eancia da costa espanhola, ideal para quem procura uma recorda\u00e7\u00e3o \u00fanica e representativa da tradi\u00e7\u00e3o artesanal mediterr\u00e2nea. Fabricada a partir de casca de coco, esta elegante ta\u00e7a apresenta um acabamento brilhante em tons castanhos e dourados que real\u00e7a a sua beleza natural. No centro, destaca-se um delicado motivo em forma de concha, um s\u00edmbolo emblem\u00e1tico das praias espanholas, que acrescenta um toque distintivo e cultural \u00e0 pe\u00e7a. Cada ta\u00e7a \u00e9 meticulosamente elaborada, garantindo que n\u00e3o existam duas exatamente iguais, o que refor\u00e7a a sua autenticidade e valor.<\/p>\n<p>Com um design que evoca os ecossistemas marinhos e a vida costeira, esta ta\u00e7a n\u00e3o s\u00f3 \u00e9 perfeita para decorar a casa, como tamb\u00e9m pode ser utilizada para servir aperitivos ou como objeto de arruma\u00e7\u00e3o. A sua forma redonda e suave combina com qualquer decora\u00e7\u00e3o, proporcionando um ar de eleg\u00e2ncia e tradi\u00e7\u00e3o.<\/p>\n<p>Esta ta\u00e7a de coco castanha \u00e9 uma recorda\u00e7\u00e3o ideal para turistas que procuram souvenirs de qualidade que reflitam a rica cultura espanhola. Na Ol\u00e9 Mosaic, especializamo-nos na distribui\u00e7\u00e3o de recorda\u00e7\u00f5es por grosso, e esta ta\u00e7a \u00e9 uma excelente op\u00e7\u00e3o para as lojas de presentes tur\u00edsticos que valorizam o artesanato e a autenticidade nos seus produtos. Como grossistas de artigos tradicionais, garantimos que cada pe\u00e7a que oferecemos \u00e9 um reflexo fiel da riqueza cultural da regi\u00e3o.<\/p>\n","protected":false},"excerpt":{"rendered":"<p>Ta\u00e7a de coco castanha decorada com desenhos intrincados que evocam a ess\u00eancia da costa espanhola. Esta elegante ta\u00e7a, elaborada com casca de coco, apresenta um acabamento brilhante em tons castanhos e dourados. No centro, destaca-se um motivo em forma de concha, que acrescenta um toque distintivo e cultural, ideal para usos decorativos ou pr\u00e1ticos. Perfeita para quem procura uma recorda\u00e7\u00e3o que reflita a tradi\u00e7\u00e3o artesanal do Mediterr\u00e2neo.<\/p>\n","protected":false},"featured_media":10095,"template":"","meta":{"_acf_changed":false},"product_brand":[],"product_cat":[513],"product_tag":[],"class_list":{"0":"post-30147","1":"product","2":"type-product","3":"status-publish","4":"has-post-thumbnail","6":"product_cat-bols","7":"pa_motivo-leques","9":"first","10":"instock","11":"shipping-taxable","12":"product-type-simple"},"acf":[],"_links":{"self":[{"href":"https:\/\/olemosaic.orbitalia.org\/pt-pt\/wp-json\/wp\/v2\/product\/30147","targetHints":{"allow":["GET"]}}],"collection":[{"href":"https:\/\/olemosaic.orbitalia.org\/pt-pt\/wp-json\/wp\/v2\/product"}],"about":[{"href":"https:\/\/olemosaic.orbitalia.org\/pt-pt\/wp-json\/wp\/v2\/types\/product"}],"wp:featuredmedia":[{"embeddable":true,"href":"https:\/\/olemosaic.orbitalia.org\/pt-pt\/wp-json\/wp\/v2\/media\/10095"}],"wp:attachment":[{"href":"https:\/\/olemosaic.orbitalia.org\/pt-pt\/wp-json\/wp\/v2\/media?parent=30147"}],"wp:term":[{"taxonomy":"product_brand","embeddable":true,"href":"https:\/\/olemosaic.orbitalia.org\/pt-pt\/wp-json\/wp\/v2\/product_brand?post=30147"},{"taxonomy":"product_cat","embeddable":true,"href":"https:\/\/olemosaic.orbitalia.org\/pt-pt\/wp-json\/wp\/v2\/product_cat?post=30147"},{"taxonomy":"product_tag","embeddable":true,"href":"https:\/\/olemosaic.orbitalia.org\/pt-pt\/wp-json\/wp\/v2\/product_tag?post=30147"}],"curies":[{"name":"wp","href":"https:\/\/api.w.org\/{rel}","templated":true}]}}