{"id":30145,"date":"2025-02-20T23:30:43","date_gmt":"2025-02-20T22:30:43","guid":{"rendered":"https:\/\/olemosaic.orbitalia.org\/producto\/bol-de-coco-marron-mallorca\/"},"modified":"2025-07-25T19:58:04","modified_gmt":"2025-07-25T17:58:04","slug":"taca-de-coco-castanha-maiorca","status":"publish","type":"product","link":"https:\/\/olemosaic.orbitalia.org\/pt-pt\/produto\/taca-de-coco-castanha-maiorca\/","title":{"rendered":"Ta\u00e7a de coco castanha. Maiorca."},"content":{"rendered":"<p>Esta ta\u00e7a de coco castanha, uma recorda\u00e7\u00e3o artesanal requintada de Maiorca, foi concebida para refletir a beleza aut\u00eantica do Mediterr\u00e2neo. Decorada artesanalmente com coco natural, destaca-se pela sua elegante forma oval e pelo seu intrincado acabamento em tons dourados, que real\u00e7am a sua beleza org\u00e2nica e distinta. No centro, uma delicada inscri\u00e7\u00e3o de &#8220;Maiorca&#8221; refor\u00e7a a sua proveni\u00eancia, tornando esta ta\u00e7a a recorda\u00e7\u00e3o perfeita da ilha balear.<\/p>\n<p>Os intrincados desenhos dourados que adornam a superf\u00edcie da ta\u00e7a n\u00e3o s\u00e3o apenas um tributo \u00e0 rica tradi\u00e7\u00e3o artesanal de Maiorca, mas tamb\u00e9m captam a luz de forma encantadora, criando um brilho quente que acrescenta um toque decorativo a qualquer espa\u00e7o. A sua funcionalidade \u00e9 complementada pela sua est\u00e9tica, uma vez que pode ser utilizada tanto para servir como para embelezar um lar, tornando-se um elemento decorativo muito vers\u00e1til.<\/p>\n<p>Como distribuidor de recorda\u00e7\u00f5es por grosso, a Ol\u00e9 Mosaic orgulha-se de oferecer produtos aut\u00eanticos que celebram a cultura local. Esta ta\u00e7a de coco \u00e9 uma excelente op\u00e7\u00e3o para lojas de presentes tur\u00edsticos que procuram recorda\u00e7\u00f5es memor\u00e1veis e de qualidade, destacando a riqueza da heran\u00e7a maiorquina e a sua liga\u00e7\u00e3o com a natureza.<\/p>\n","protected":false},"excerpt":{"rendered":"<p>Ta\u00e7a de coco castanha, elaborada artesanalmente em Maiorca. Esta ta\u00e7a distinta, feita de coco natural, \u00e9 decorada com um design intrincado em tons dourados que real\u00e7a a sua beleza org\u00e2nica. No centro, apresenta a inscri\u00e7\u00e3o &#8220;Maiorca&#8221;, que enfatiza a sua proveni\u00eancia. Com a sua forma oval e a eleg\u00e2ncia dos detalhes, esta ta\u00e7a \u00e9 perfeita tanto para uso decorativo como funcional, capturando a ess\u00eancia mediterr\u00e2nea.<\/p>\n","protected":false},"featured_media":10099,"template":"","meta":{"_acf_changed":false},"product_brand":[],"product_cat":[513],"product_tag":[],"class_list":{"0":"post-30145","1":"product","2":"type-product","3":"status-publish","4":"has-post-thumbnail","6":"product_cat-bols","7":"pa_ciudad-mallorca","8":"pa_pais-espana","10":"first","11":"instock","12":"shipping-taxable","13":"product-type-simple"},"acf":[],"_links":{"self":[{"href":"https:\/\/olemosaic.orbitalia.org\/pt-pt\/wp-json\/wp\/v2\/product\/30145","targetHints":{"allow":["GET"]}}],"collection":[{"href":"https:\/\/olemosaic.orbitalia.org\/pt-pt\/wp-json\/wp\/v2\/product"}],"about":[{"href":"https:\/\/olemosaic.orbitalia.org\/pt-pt\/wp-json\/wp\/v2\/types\/product"}],"wp:featuredmedia":[{"embeddable":true,"href":"https:\/\/olemosaic.orbitalia.org\/pt-pt\/wp-json\/wp\/v2\/media\/10099"}],"wp:attachment":[{"href":"https:\/\/olemosaic.orbitalia.org\/pt-pt\/wp-json\/wp\/v2\/media?parent=30145"}],"wp:term":[{"taxonomy":"product_brand","embeddable":true,"href":"https:\/\/olemosaic.orbitalia.org\/pt-pt\/wp-json\/wp\/v2\/product_brand?post=30145"},{"taxonomy":"product_cat","embeddable":true,"href":"https:\/\/olemosaic.orbitalia.org\/pt-pt\/wp-json\/wp\/v2\/product_cat?post=30145"},{"taxonomy":"product_tag","embeddable":true,"href":"https:\/\/olemosaic.orbitalia.org\/pt-pt\/wp-json\/wp\/v2\/product_tag?post=30145"}],"curies":[{"name":"wp","href":"https:\/\/api.w.org\/{rel}","templated":true}]}}