{"id":30135,"date":"2025-02-20T23:30:42","date_gmt":"2025-02-20T22:30:42","guid":{"rendered":"https:\/\/olemosaic.orbitalia.org\/producto\/bol-de-coco-marron-delfin-mallorca\/"},"modified":"2025-07-25T19:11:28","modified_gmt":"2025-07-25T17:11:28","slug":"taca-de-coco-castanha-golfinho-maiorca","status":"publish","type":"product","link":"https:\/\/olemosaic.orbitalia.org\/pt-pt\/produto\/taca-de-coco-castanha-golfinho-maiorca\/","title":{"rendered":"Ta\u00e7a de coco castanha. Golfinho. Maiorca."},"content":{"rendered":"<p>Esta ta\u00e7a de coco castanha \u00e9 um aut\u00eantico tesouro maiorquino, desenhada com um requintado motivo interior que representa um golfinho, s\u00edmbolo distintivo da beleza marinha e do encanto do Mediterr\u00e2neo. Cada ta\u00e7a \u00e9 elaborada a partir de cascas de coco, o que, al\u00e9m de ser ecol\u00f3gico, real\u00e7a a mestria artesanal da ilha. O acabamento dourado do interior acrescenta um toque de eleg\u00e2ncia, equilibrando a rusticidade do exterior com a sofistica\u00e7\u00e3o do seu design. Os detalhes pintados \u00e0 m\u00e3o, que delineiam o golfinho e outros elementos, evocam a rica biodiversidade das \u00e1guas de Maiorca, tornando cada pe\u00e7a \u00fanica. Esta ta\u00e7a n\u00e3o \u00e9 apenas uma excelente op\u00e7\u00e3o para servir ou apresentar alimentos, mas tamb\u00e9m celebra a liga\u00e7\u00e3o cultural da ilha com o mar e os seus habitantes. Na Ol\u00e9 Mosaic, orgulhamo-nos de oferecer recorda\u00e7\u00f5es aut\u00eanticas que refletem a ess\u00eancia local, e esta ta\u00e7a de coco \u00e9 um exemplo perfeito para quem procura souvenirs distintivos de Maiorca. Ideal para turistas e lojas de presentes, esta ta\u00e7a destaca-se como um souvenir que une funcionalidade e beleza, garantindo que cada cliente leve consigo um peda\u00e7o do mar balear.<\/p>\n","protected":false},"excerpt":{"rendered":"<p>Ta\u00e7a de coco castanha decorada com um elegante design interior que representa um golfinho, s\u00edmbolo da beleza do mar de Maiorca. Esta preciosa ta\u00e7a, fabricada a partir de cascas de coco, apresenta um acabamento dourado que real\u00e7a o seu car\u00e1cter artesanal. A t\u00e9cnica aplicada inclui detalhes pintados \u00e0 m\u00e3o que lhe d\u00e3o um toque distintivo, tornando-a um atraente souvenir que evoca o encanto mediterr\u00e2nico e a vida marinha da ilha.<\/p>\n","protected":false},"featured_media":10146,"template":"","meta":{"_acf_changed":false},"product_brand":[],"product_cat":[513],"product_tag":[516],"class_list":{"0":"post-30135","1":"product","2":"type-product","3":"status-publish","4":"has-post-thumbnail","6":"product_cat-bols","7":"product_tag-animais","8":"pa_ciudad-mallorca","9":"pa_motivo-golfinhos","10":"pa_pais-espana","12":"first","13":"instock","14":"shipping-taxable","15":"product-type-simple"},"acf":[],"_links":{"self":[{"href":"https:\/\/olemosaic.orbitalia.org\/pt-pt\/wp-json\/wp\/v2\/product\/30135","targetHints":{"allow":["GET"]}}],"collection":[{"href":"https:\/\/olemosaic.orbitalia.org\/pt-pt\/wp-json\/wp\/v2\/product"}],"about":[{"href":"https:\/\/olemosaic.orbitalia.org\/pt-pt\/wp-json\/wp\/v2\/types\/product"}],"wp:featuredmedia":[{"embeddable":true,"href":"https:\/\/olemosaic.orbitalia.org\/pt-pt\/wp-json\/wp\/v2\/media\/10146"}],"wp:attachment":[{"href":"https:\/\/olemosaic.orbitalia.org\/pt-pt\/wp-json\/wp\/v2\/media?parent=30135"}],"wp:term":[{"taxonomy":"product_brand","embeddable":true,"href":"https:\/\/olemosaic.orbitalia.org\/pt-pt\/wp-json\/wp\/v2\/product_brand?post=30135"},{"taxonomy":"product_cat","embeddable":true,"href":"https:\/\/olemosaic.orbitalia.org\/pt-pt\/wp-json\/wp\/v2\/product_cat?post=30135"},{"taxonomy":"product_tag","embeddable":true,"href":"https:\/\/olemosaic.orbitalia.org\/pt-pt\/wp-json\/wp\/v2\/product_tag?post=30135"}],"curies":[{"name":"wp","href":"https:\/\/api.w.org\/{rel}","templated":true}]}}