{"id":30119,"date":"2025-02-20T22:30:42","date_gmt":"2025-02-20T22:30:42","guid":{"rendered":"https:\/\/olemosaic.orbitalia.org\/producto\/bol-de-coco-marron-gran-canaria\/"},"modified":"2025-07-25T18:53:57","modified_gmt":"2025-07-25T16:53:57","slug":"taca-de-coco-castanha-gran-canaria","status":"publish","type":"product","link":"https:\/\/olemosaic.orbitalia.org\/pt-pt\/produto\/taca-de-coco-castanha-gran-canaria\/","title":{"rendered":"Ta\u00e7a de coco castanha. Gran Can\u00e1ria."},"content":{"rendered":"<p>Esta ta\u00e7a de coco castanha \u00e9 uma recorda\u00e7\u00e3o aut\u00eantica de Gran Can\u00e1ria, criada a partir de cascas de coco recicladas, o que n\u00e3o s\u00f3 a torna ecol\u00f3gica, mas tamb\u00e9m \u00fanica no seu estilo. O seu design interior apresenta um delicado padr\u00e3o dourado que evoca a beleza natural da ilha, captando a ess\u00eancia da paisagem can\u00e1ria. No centro, a frase &#8220;Gran Canaria&#8221; est\u00e1 gravada com precis\u00e3o, real\u00e7ando o seu car\u00e1cter distintivo e tornando-a uma recorda\u00e7\u00e3o significativa. A combina\u00e7\u00e3o do seu acabamento suave e brilhante com os tons castanhos do coco cria um atraente complemento decorativo, que pode ser utilizado tanto como um recipiente original para pequenos objetos como para dar um toque de calor a qualquer espa\u00e7o.<\/p>\n<p>Esta ta\u00e7a \u00e9 mais do que um simples objeto decorativo; representa a habilidade artesanal da regi\u00e3o e incorpora a rica cultura de Gran Can\u00e1ria. Ideal para turistas que procuram recorda\u00e7\u00f5es aut\u00eanticas, esta ta\u00e7a de coco castanha capta a ess\u00eancia da ilha e leva-a para casa. Na Ol\u00e9 Mosaic, oferecemos produtos de qualidade por grosso, garantindo que esta ta\u00e7a n\u00e3o seja apenas uma recorda\u00e7\u00e3o, mas um verdadeiro s\u00edmbolo do patrim\u00f3nio can\u00e1rio que ressoar\u00e1 com os visitantes e ser\u00e1 um excelente artigo para lojas de presentes tur\u00edsticos.<\/p>\n","protected":false},"excerpt":{"rendered":"<p>Ta\u00e7a de coco castanha, uma aut\u00eantica recorda\u00e7\u00e3o de Gran Can\u00e1ria, elaborada com cascas de coco recicladas. Esta pe\u00e7a \u00fanica apresenta um design interior delicadamente decorado com um padr\u00e3o dourado que evoca a beleza natural da ilha. A frase &#8220;Gran Canaria&#8221; est\u00e1 gravada no centro, real\u00e7ando o seu car\u00e1cter distintivo. O seu acabamento suave e brilhante, misturado com os tons castanhos do coco, torna-a um atraente complemento decorativo ou um recipiente original para pequenos objetos.<\/p>\n","protected":false},"featured_media":10103,"template":"","meta":{"_acf_changed":false},"product_brand":[],"product_cat":[513],"product_tag":[],"class_list":{"0":"post-30119","1":"product","2":"type-product","3":"status-publish","4":"has-post-thumbnail","6":"product_cat-bols","7":"pa_ciudad-gran-canaria","8":"pa_pais-espana","10":"first","11":"instock","12":"shipping-taxable","13":"product-type-simple"},"acf":[],"_links":{"self":[{"href":"https:\/\/olemosaic.orbitalia.org\/pt-pt\/wp-json\/wp\/v2\/product\/30119","targetHints":{"allow":["GET"]}}],"collection":[{"href":"https:\/\/olemosaic.orbitalia.org\/pt-pt\/wp-json\/wp\/v2\/product"}],"about":[{"href":"https:\/\/olemosaic.orbitalia.org\/pt-pt\/wp-json\/wp\/v2\/types\/product"}],"wp:featuredmedia":[{"embeddable":true,"href":"https:\/\/olemosaic.orbitalia.org\/pt-pt\/wp-json\/wp\/v2\/media\/10103"}],"wp:attachment":[{"href":"https:\/\/olemosaic.orbitalia.org\/pt-pt\/wp-json\/wp\/v2\/media?parent=30119"}],"wp:term":[{"taxonomy":"product_brand","embeddable":true,"href":"https:\/\/olemosaic.orbitalia.org\/pt-pt\/wp-json\/wp\/v2\/product_brand?post=30119"},{"taxonomy":"product_cat","embeddable":true,"href":"https:\/\/olemosaic.orbitalia.org\/pt-pt\/wp-json\/wp\/v2\/product_cat?post=30119"},{"taxonomy":"product_tag","embeddable":true,"href":"https:\/\/olemosaic.orbitalia.org\/pt-pt\/wp-json\/wp\/v2\/product_tag?post=30119"}],"curies":[{"name":"wp","href":"https:\/\/api.w.org\/{rel}","templated":true}]}}