{"id":30115,"date":"2025-02-20T23:30:41","date_gmt":"2025-02-20T22:30:41","guid":{"rendered":"https:\/\/olemosaic.orbitalia.org\/producto\/bol-de-coco-marron-isla-mallorca\/"},"modified":"2025-07-25T20:25:36","modified_gmt":"2025-07-25T18:25:36","slug":"taca-de-coco-castanha-ilha-maiorca","status":"publish","type":"product","link":"https:\/\/olemosaic.orbitalia.org\/pt-pt\/produto\/taca-de-coco-castanha-ilha-maiorca\/","title":{"rendered":"Ta\u00e7a de coco castanha. Ilha. Maiorca."},"content":{"rendered":"<p>Esta ta\u00e7a de coco castanha decorada \u00e9 uma recorda\u00e7\u00e3o requintada de Maiorca que capta a ess\u00eancia do arquip\u00e9lago balear. O seu design muito especial apresenta um interior adornado com fragmentos de n\u00e1car, que brilham com a luz e lhe conferem um toque sofisticado. Os tons castanhos do coco complementam-se na perfei\u00e7\u00e3o com o delicado mosaico, evocando a riqueza natural e cultural da ilha. No centro da ta\u00e7a, destaca-se a representa\u00e7\u00e3o de Maiorca, finamente incrustada e real\u00e7ada, criando um ponto focal que convida \u00e0 admira\u00e7\u00e3o.<\/p>\n<p>Esta ta\u00e7a n\u00e3o \u00e9 apenas um objeto decorativo, mas tamb\u00e9m funcional, ideal para servir aperitivos ou simplesmente como um elemento est\u00e9tico em qualquer casa. A sua forma caracter\u00edstica e o seu acabamento artesanal tornam-na uma pe\u00e7a \u00fanica que reflete a tradi\u00e7\u00e3o e a arte local da ilha. Al\u00e9m disso, este artigo real\u00e7a a liga\u00e7\u00e3o cultural com Maiorca, um destino famoso pela sua beleza natural e pelas suas ricas tradi\u00e7\u00f5es.<\/p>\n<p>Na Ol\u00e9 Mosaic, especializamo-nos na distribui\u00e7\u00e3o de recorda\u00e7\u00f5es aut\u00eanticas por grosso, e esta ta\u00e7a de coco representa na perfei\u00e7\u00e3o a cultura maiorquina. \u00c9 uma excelente op\u00e7\u00e3o para lojas de presentes tur\u00edsticos que procuram oferecer aos seus clientes recorda\u00e7\u00f5es representativas da sua visita, tornando esta ta\u00e7a num imprescind\u00edvel para quem deseja levar um peda\u00e7o desta paradis\u00edaca ilha mediterr\u00e2nica.<\/p>\n","protected":false},"excerpt":{"rendered":"<p>Ta\u00e7a de coco castanha decorada com pe\u00e7as de mosaico, ideal como recorda\u00e7\u00e3o de Maiorca. Esta ta\u00e7a artesanal apresenta um design muito especial com fragmentos de n\u00e1car e tons castanhos no seu interior, real\u00e7ando a forma caracter\u00edstica do arquip\u00e9lago balear. No centro, aprecia-se a representa\u00e7\u00e3o da ilha de Maiorca, real\u00e7ada atrav\u00e9s de uma fina incrusta\u00e7\u00e3o. Um artigo funcional e decorativo que evoca a beleza desta paradis\u00edaca ilha mediterr\u00e2nica.<\/p>\n","protected":false},"featured_media":10310,"template":"","meta":{"_acf_changed":false},"product_brand":[],"product_cat":[513],"product_tag":[],"class_list":{"0":"post-30115","1":"product","2":"type-product","3":"status-publish","4":"has-post-thumbnail","6":"product_cat-bols","7":"pa_ciudad-mallorca","8":"pa_motivo-ilhas","9":"pa_pais-espana","11":"first","12":"instock","13":"shipping-taxable","14":"product-type-simple"},"acf":[],"_links":{"self":[{"href":"https:\/\/olemosaic.orbitalia.org\/pt-pt\/wp-json\/wp\/v2\/product\/30115","targetHints":{"allow":["GET"]}}],"collection":[{"href":"https:\/\/olemosaic.orbitalia.org\/pt-pt\/wp-json\/wp\/v2\/product"}],"about":[{"href":"https:\/\/olemosaic.orbitalia.org\/pt-pt\/wp-json\/wp\/v2\/types\/product"}],"wp:featuredmedia":[{"embeddable":true,"href":"https:\/\/olemosaic.orbitalia.org\/pt-pt\/wp-json\/wp\/v2\/media\/10310"}],"wp:attachment":[{"href":"https:\/\/olemosaic.orbitalia.org\/pt-pt\/wp-json\/wp\/v2\/media?parent=30115"}],"wp:term":[{"taxonomy":"product_brand","embeddable":true,"href":"https:\/\/olemosaic.orbitalia.org\/pt-pt\/wp-json\/wp\/v2\/product_brand?post=30115"},{"taxonomy":"product_cat","embeddable":true,"href":"https:\/\/olemosaic.orbitalia.org\/pt-pt\/wp-json\/wp\/v2\/product_cat?post=30115"},{"taxonomy":"product_tag","embeddable":true,"href":"https:\/\/olemosaic.orbitalia.org\/pt-pt\/wp-json\/wp\/v2\/product_tag?post=30115"}],"curies":[{"name":"wp","href":"https:\/\/api.w.org\/{rel}","templated":true}]}}