{"id":30079,"date":"2025-02-20T22:30:41","date_gmt":"2025-02-20T22:30:41","guid":{"rendered":"https:\/\/olemosaic.orbitalia.org\/producto\/bol-de-coco-marron-camino-de-santiago\/"},"modified":"2025-07-25T18:45:33","modified_gmt":"2025-07-25T16:45:33","slug":"taca-de-coco-castanha-caminho-de-santiago","status":"publish","type":"product","link":"https:\/\/olemosaic.orbitalia.org\/pt-pt\/produto\/taca-de-coco-castanha-caminho-de-santiago\/","title":{"rendered":"Ta\u00e7a de coco castanha. Caminho de Santiago."},"content":{"rendered":"<p>Esta ta\u00e7a de coco castanha decorada \u00e9 uma aut\u00eantica homenagem ao emblem\u00e1tico Caminho de Santiago. O seu design interior, que combina tons marfim e castanho, \u00e9 composto por requintadas pe\u00e7as de concha que captam a luz, real\u00e7ando o emblema do caminho no centro, um s\u00edmbolo de peregrina\u00e7\u00e3o e espiritualidade em Espanha. Esta ta\u00e7a n\u00e3o \u00e9 apenas um elemento decorativo, mas \u00e9 tamb\u00e9m ideal para o uso di\u00e1rio, conferindo um toque distintivo e cultural a qualquer casa.<\/p>\n<p>A rica liga\u00e7\u00e3o cultural do Caminho de Santiago, percorrido por milhares de peregrinos ao longo dos s\u00e9culos, reflete-se neste produto. O seu acabamento artesanal real\u00e7a a dedica\u00e7\u00e3o e a tradi\u00e7\u00e3o do artesanato local, o que garante a autenticidade desta recorda\u00e7\u00e3o como um presente especial e representativo da experi\u00eancia de percorrer um dos trilhos mais emblem\u00e1ticos do mundo. A Ol\u00e9 Mosaic especializa-se na distribui\u00e7\u00e3o de souvenirs aut\u00eanticos por grosso, e esta ta\u00e7a de coco \u00e9 uma op\u00e7\u00e3o ideal para lojas de presentes tur\u00edsticos que procuram oferecer produtos com profundidade cultural e qualidade. Uma recorda\u00e7\u00e3o \u00fanica que capta a ess\u00eancia de Espanha e a hist\u00f3ria do Caminho de Santiago, perfeita para quem deseja levar um peda\u00e7o desta rica tradi\u00e7\u00e3o.<\/p>\n","protected":false},"excerpt":{"rendered":"<p>Ta\u00e7a de coco castanha decorada com um belo mosaico que representa o s\u00edmbolo do Caminho de Santiago. Esta distinta ta\u00e7a apresenta um design interior em tons marfim e castanho, elaborado com pe\u00e7as de concha que captam a luz, real\u00e7ando o emblema do caminho no centro. Perfeita como elemento decorativo ou para uso di\u00e1rio, destaca-se pelo seu acabamento artesanal e pela sua liga\u00e7\u00e3o a uma das rotas mais emblem\u00e1ticas de Espanha.<\/p>\n","protected":false},"featured_media":10322,"template":"","meta":{"_acf_changed":false},"product_brand":[],"product_cat":[513],"product_tag":[],"class_list":{"0":"post-30079","1":"product","2":"type-product","3":"status-publish","4":"has-post-thumbnail","6":"product_cat-bols","7":"pa_motivo-caminho-de-santiago","9":"first","10":"instock","11":"shipping-taxable","12":"product-type-simple"},"acf":[],"_links":{"self":[{"href":"https:\/\/olemosaic.orbitalia.org\/pt-pt\/wp-json\/wp\/v2\/product\/30079","targetHints":{"allow":["GET"]}}],"collection":[{"href":"https:\/\/olemosaic.orbitalia.org\/pt-pt\/wp-json\/wp\/v2\/product"}],"about":[{"href":"https:\/\/olemosaic.orbitalia.org\/pt-pt\/wp-json\/wp\/v2\/types\/product"}],"wp:featuredmedia":[{"embeddable":true,"href":"https:\/\/olemosaic.orbitalia.org\/pt-pt\/wp-json\/wp\/v2\/media\/10322"}],"wp:attachment":[{"href":"https:\/\/olemosaic.orbitalia.org\/pt-pt\/wp-json\/wp\/v2\/media?parent=30079"}],"wp:term":[{"taxonomy":"product_brand","embeddable":true,"href":"https:\/\/olemosaic.orbitalia.org\/pt-pt\/wp-json\/wp\/v2\/product_brand?post=30079"},{"taxonomy":"product_cat","embeddable":true,"href":"https:\/\/olemosaic.orbitalia.org\/pt-pt\/wp-json\/wp\/v2\/product_cat?post=30079"},{"taxonomy":"product_tag","embeddable":true,"href":"https:\/\/olemosaic.orbitalia.org\/pt-pt\/wp-json\/wp\/v2\/product_tag?post=30079"}],"curies":[{"name":"wp","href":"https:\/\/api.w.org\/{rel}","templated":true}]}}