{"id":30078,"date":"2025-02-20T23:30:41","date_gmt":"2025-02-20T22:30:41","guid":{"rendered":"https:\/\/olemosaic.orbitalia.org\/producto\/bol-de-coco-marron-salamandra\/"},"modified":"2025-07-25T19:02:13","modified_gmt":"2025-07-25T17:02:13","slug":"taca-de-coco-castanha-salamandra","status":"publish","type":"product","link":"https:\/\/olemosaic.orbitalia.org\/pt-pt\/produto\/taca-de-coco-castanha-salamandra\/","title":{"rendered":"Ta\u00e7a de coco castanha. Salamandra."},"content":{"rendered":"<p>Esta ta\u00e7a de coco castanha, decorada com uma vibrante salamandra, \u00e9 um reflexo aut\u00eantico da arte popular espanhola, ideal para quem procura uma recorda\u00e7\u00e3o representativa da rica heran\u00e7a cultural do pa\u00eds. Fabricada a partir de coco natural, esta ta\u00e7a combina funcionalidade e est\u00e9tica, tornando-a uma pe\u00e7a perfeita tanto para o uso di\u00e1rio como para a decora\u00e7\u00e3o. A sua superf\u00edcie apresenta um design intrincado em tons dourados e castanhos que real\u00e7a a sua textura org\u00e2nica, proporcionando um acabamento sofisticado e atraente. A salamandra, com efeito pintado \u00e0 m\u00e3o no centro da ta\u00e7a, confere um toque \u00fanico; este fascinante r\u00e9ptil simboliza a fauna ib\u00e9rica e, al\u00e9m da sua beleza, representa uma liga\u00e7\u00e3o cultural significativa com a biodiversidade de Espanha.<\/p>\n<p>Ao incorporar esta ta\u00e7a na sua cole\u00e7\u00e3o de recorda\u00e7\u00f5es, as lojas de presentes tur\u00edsticos n\u00e3o s\u00f3 oferecem um artigo de qualidade, como tamb\u00e9m uma obra de arte que conta uma hist\u00f3ria. \u00c9 um excelente presente para os turistas que desejam levar consigo um peda\u00e7o da cultura espanhola. Na Ol\u00e9 Mosaic, como grossistas de recorda\u00e7\u00f5es, garantimos que cada ta\u00e7a de coco \u00e9 uma pe\u00e7a aut\u00eantica que destaca a tradi\u00e7\u00e3o artesanal, tornando-a ideal para quem procura uma recorda\u00e7\u00e3o memor\u00e1vel e significativa da sua visita a Espanha.<\/p>\n","protected":false},"excerpt":{"rendered":"<p>Ta\u00e7a de coco castanha decorada com uma vibrante salamandra, que capta a ess\u00eancia da arte popular espanhola. Esta elegante ta\u00e7a apresenta um design intrincado em tons dourados e castanhos, com um acabamento que real\u00e7a a sua textura org\u00e2nica. A salamandra, de design artesanal, pintada \u00e0 m\u00e3o, acrescenta um atrativo \u00fanico, simbolizando a fauna ib\u00e9rica. Ideal como pe\u00e7a decorativa ou para uso di\u00e1rio, \u00e9 uma bela recorda\u00e7\u00e3o da rica heran\u00e7a cultural de Espanha.<\/p>\n","protected":false},"featured_media":10071,"template":"","meta":{"_acf_changed":false},"product_brand":[],"product_cat":[513],"product_tag":[516],"class_list":{"0":"post-30078","1":"product","2":"type-product","3":"status-publish","4":"has-post-thumbnail","6":"product_cat-bols","7":"product_tag-animais","8":"pa_motivo-salamandras","10":"first","11":"instock","12":"shipping-taxable","13":"product-type-simple"},"acf":[],"_links":{"self":[{"href":"https:\/\/olemosaic.orbitalia.org\/pt-pt\/wp-json\/wp\/v2\/product\/30078","targetHints":{"allow":["GET"]}}],"collection":[{"href":"https:\/\/olemosaic.orbitalia.org\/pt-pt\/wp-json\/wp\/v2\/product"}],"about":[{"href":"https:\/\/olemosaic.orbitalia.org\/pt-pt\/wp-json\/wp\/v2\/types\/product"}],"wp:featuredmedia":[{"embeddable":true,"href":"https:\/\/olemosaic.orbitalia.org\/pt-pt\/wp-json\/wp\/v2\/media\/10071"}],"wp:attachment":[{"href":"https:\/\/olemosaic.orbitalia.org\/pt-pt\/wp-json\/wp\/v2\/media?parent=30078"}],"wp:term":[{"taxonomy":"product_brand","embeddable":true,"href":"https:\/\/olemosaic.orbitalia.org\/pt-pt\/wp-json\/wp\/v2\/product_brand?post=30078"},{"taxonomy":"product_cat","embeddable":true,"href":"https:\/\/olemosaic.orbitalia.org\/pt-pt\/wp-json\/wp\/v2\/product_cat?post=30078"},{"taxonomy":"product_tag","embeddable":true,"href":"https:\/\/olemosaic.orbitalia.org\/pt-pt\/wp-json\/wp\/v2\/product_tag?post=30078"}],"curies":[{"name":"wp","href":"https:\/\/api.w.org\/{rel}","templated":true}]}}