{"id":30076,"date":"2025-02-20T22:30:41","date_gmt":"2025-02-20T22:30:41","guid":{"rendered":"https:\/\/olemosaic.orbitalia.org\/producto\/bol-de-coco-marron-tortuga\/"},"modified":"2025-07-25T20:29:55","modified_gmt":"2025-07-25T18:29:55","slug":"taca-de-coco-castanha-tartaruga","status":"publish","type":"product","link":"https:\/\/olemosaic.orbitalia.org\/pt-pt\/produto\/taca-de-coco-castanha-tartaruga\/","title":{"rendered":"Ta\u00e7a de coco castanha. Tartaruga."},"content":{"rendered":"<p>Esta ta\u00e7a de coco castanha, decorada com uma tartaruga central, \u00e9 uma pe\u00e7a artesanal encantadora que capta a ess\u00eancia tropical do Mediterr\u00e2neo. Fabricada a partir de cascas de coco, a sua superf\u00edcie apresenta um acabamento liso e brilhante que real\u00e7a o seu aspeto natural. No centro, destaca-se uma bela tartaruga, cuja imagem \u00e9 elaborada com delicados peda\u00e7os de n\u00e1car em tons suaves, criando um efeito de mosaico que brinca com a luz e confere um toque de eleg\u00e2ncia. Esta ta\u00e7a n\u00e3o \u00e9 apenas funcional, ideal para servir aperitivos ou como um atraente elemento decorativo em qualquer casa, mas \u00e9 tamb\u00e9m um s\u00edmbolo da liga\u00e7\u00e3o entre a natureza e o artesanato local.<\/p>\n<p>A tartaruga, um s\u00edmbolo de longevidade e prote\u00e7\u00e3o, reflete o respeito pelo meio ambiente que caracteriza muitas comunidades mediterr\u00e2nicas. Esta ta\u00e7a \u00e9 uma recorda\u00e7\u00e3o aut\u00eantica que transporta consigo a hist\u00f3ria e a cultura da regi\u00e3o, sendo um excelente souvenir para quem deseja levar um peda\u00e7o das praias paradis\u00edacas do Mediterr\u00e2neo. Na Ol\u00e9 Mosaic, especializamo-nos na distribui\u00e7\u00e3o de souvenirs por grosso, oferecendo produtos que combinam qualidade, arte e significado cultural. Esta ta\u00e7a de coco \u00e9 uma op\u00e7\u00e3o ideal para lojas de presentes tur\u00edsticos que procuram oferecer aos seus clientes um souvenir \u00fanico e representativo. Como grossistas de souvenirs, garantimos a autenticidade e o compromisso com o artesanato em cada pe\u00e7a.<\/p>\n","protected":false},"excerpt":{"rendered":"<p>Ta\u00e7a de coco castanha decorada com uma tartaruga no centro. Esta preciosa ta\u00e7a, feita de coco com um acabamento liso e brilhante, apresenta um motivo de tartaruga no centro, rodeado por um mosaico de pe\u00e7as nacaradas que refletem a luz. Ideal para servir aperitivos ou como elemento decorativo, confere um toque tropical e artesanal, perfeito para evocar as praias do Mediterr\u00e2neo.<\/p>\n","protected":false},"featured_media":10298,"template":"","meta":{"_acf_changed":false},"product_brand":[],"product_cat":[513],"product_tag":[516],"class_list":{"0":"post-30076","1":"product","2":"type-product","3":"status-publish","4":"has-post-thumbnail","6":"product_cat-bols","7":"product_tag-animais","8":"pa_motivo-tartarugas","10":"first","11":"instock","12":"shipping-taxable","13":"product-type-simple"},"acf":[],"_links":{"self":[{"href":"https:\/\/olemosaic.orbitalia.org\/pt-pt\/wp-json\/wp\/v2\/product\/30076","targetHints":{"allow":["GET"]}}],"collection":[{"href":"https:\/\/olemosaic.orbitalia.org\/pt-pt\/wp-json\/wp\/v2\/product"}],"about":[{"href":"https:\/\/olemosaic.orbitalia.org\/pt-pt\/wp-json\/wp\/v2\/types\/product"}],"wp:featuredmedia":[{"embeddable":true,"href":"https:\/\/olemosaic.orbitalia.org\/pt-pt\/wp-json\/wp\/v2\/media\/10298"}],"wp:attachment":[{"href":"https:\/\/olemosaic.orbitalia.org\/pt-pt\/wp-json\/wp\/v2\/media?parent=30076"}],"wp:term":[{"taxonomy":"product_brand","embeddable":true,"href":"https:\/\/olemosaic.orbitalia.org\/pt-pt\/wp-json\/wp\/v2\/product_brand?post=30076"},{"taxonomy":"product_cat","embeddable":true,"href":"https:\/\/olemosaic.orbitalia.org\/pt-pt\/wp-json\/wp\/v2\/product_cat?post=30076"},{"taxonomy":"product_tag","embeddable":true,"href":"https:\/\/olemosaic.orbitalia.org\/pt-pt\/wp-json\/wp\/v2\/product_tag?post=30076"}],"curies":[{"name":"wp","href":"https:\/\/api.w.org\/{rel}","templated":true}]}}