{"id":30075,"date":"2025-02-20T22:30:41","date_gmt":"2025-02-20T22:30:41","guid":{"rendered":"https:\/\/olemosaic.orbitalia.org\/producto\/bol-de-coco-marron-flamenco\/"},"modified":"2025-07-25T20:26:09","modified_gmt":"2025-07-25T18:26:09","slug":"taca-de-coco-castanha-flamingo","status":"publish","type":"product","link":"https:\/\/olemosaic.orbitalia.org\/pt-pt\/produto\/taca-de-coco-castanha-flamingo\/","title":{"rendered":"Ta\u00e7a de coco castanha. Flamingo."},"content":{"rendered":"<p>Esta ta\u00e7a de coco castanha, decorada com uma delicada ilustra\u00e7\u00e3o de flamingos, \u00e9 uma pe\u00e7a \u00fanica que capta a ess\u00eancia da arte e da cultura espanholas. Elaborada a partir de casca de coco, apresenta um interior dourado que n\u00e3o s\u00f3 real\u00e7a o seu design org\u00e2nico e natural, mas tamb\u00e9m confere um toque de eleg\u00e2ncia e sofistica\u00e7\u00e3o. A imagem dos flamingos, representada com um design requintado, simboliza a beleza do ambiente natural espanhol, evocando as paisagens costeiras e os pores do sol luminosos que caracterizam a regi\u00e3o.<\/p>\n<p>Perfeita tanto para decorar qualquer espa\u00e7o como para servir como recipiente original para pequenas joias, esta ta\u00e7a de coco combina tradi\u00e7\u00e3o e arte de forma excecional. Os flamingos, com as suas posturas elegantes e a sua cor distinta, acrescentam um toque de folclore que ressoa no cora\u00e7\u00e3o de quem aprecia a cultura mediterr\u00e2nica. Este souvenir representa n\u00e3o apenas um objeto decorativo, mas uma recorda\u00e7\u00e3o significativa da riqueza cultural de Espanha.<\/p>\n<p>Na Ol\u00e9 Mosaic, somos distribuidores de souvenirs de qualidade, e esta ta\u00e7a \u00e9 uma excelente op\u00e7\u00e3o para lojas de presentes tur\u00edsticos que procuram oferecer produtos aut\u00eanticos e representativos. Uma pe\u00e7a que, sem d\u00favida, se tornar\u00e1 uma favorita entre quem procura levar um pedacinho de Espanha consigo.<\/p>\n","protected":false},"excerpt":{"rendered":"<p>Ta\u00e7a de coco castanha decorada com uma delicada ilustra\u00e7\u00e3o de flamingos. Esta requintada ta\u00e7a, elaborada com casca de coco, apresenta um acabamento dourado no seu interior que real\u00e7a o seu design org\u00e2nico e natural. Os dois flamingos, representados com um design elegante, acrescentam um toque de folclore espanhol. Perfeita para decorar qualquer espa\u00e7o ou como recipiente original para pequenas joias, esta ta\u00e7a combina tradi\u00e7\u00e3o e arte de forma \u00fanica.<\/p>\n","protected":false},"featured_media":13436,"template":"","meta":{"_acf_changed":false},"product_brand":[],"product_cat":[513],"product_tag":[516],"class_list":{"0":"post-30075","1":"product","2":"type-product","3":"status-publish","4":"has-post-thumbnail","6":"product_cat-bols","7":"product_tag-animais","8":"pa_motivo-flamingos","10":"first","11":"instock","12":"shipping-taxable","13":"product-type-simple"},"acf":[],"_links":{"self":[{"href":"https:\/\/olemosaic.orbitalia.org\/pt-pt\/wp-json\/wp\/v2\/product\/30075","targetHints":{"allow":["GET"]}}],"collection":[{"href":"https:\/\/olemosaic.orbitalia.org\/pt-pt\/wp-json\/wp\/v2\/product"}],"about":[{"href":"https:\/\/olemosaic.orbitalia.org\/pt-pt\/wp-json\/wp\/v2\/types\/product"}],"wp:featuredmedia":[{"embeddable":true,"href":"https:\/\/olemosaic.orbitalia.org\/pt-pt\/wp-json\/wp\/v2\/media\/13436"}],"wp:attachment":[{"href":"https:\/\/olemosaic.orbitalia.org\/pt-pt\/wp-json\/wp\/v2\/media?parent=30075"}],"wp:term":[{"taxonomy":"product_brand","embeddable":true,"href":"https:\/\/olemosaic.orbitalia.org\/pt-pt\/wp-json\/wp\/v2\/product_brand?post=30075"},{"taxonomy":"product_cat","embeddable":true,"href":"https:\/\/olemosaic.orbitalia.org\/pt-pt\/wp-json\/wp\/v2\/product_cat?post=30075"},{"taxonomy":"product_tag","embeddable":true,"href":"https:\/\/olemosaic.orbitalia.org\/pt-pt\/wp-json\/wp\/v2\/product_tag?post=30075"}],"curies":[{"name":"wp","href":"https:\/\/api.w.org\/{rel}","templated":true}]}}