{"id":30073,"date":"2025-02-20T23:30:40","date_gmt":"2025-02-20T22:30:40","guid":{"rendered":"https:\/\/olemosaic.orbitalia.org\/producto\/bol-de-coco-marron-tortuga-barcelona-2\/"},"modified":"2025-07-25T19:33:02","modified_gmt":"2025-07-25T17:33:02","slug":"taca-de-coco-castanha-tartaruga-barcelona-pt-pt","status":"publish","type":"product","link":"https:\/\/olemosaic.orbitalia.org\/pt-pt\/produto\/taca-de-coco-castanha-tartaruga-barcelona-pt-pt\/","title":{"rendered":"Ta\u00e7a de coco castanha. Tartaruga. Mosaico. Barcelona."},"content":{"rendered":"<p>Esta ta\u00e7a de coco castanha, decorada com um design encantador de tartaruga, \u00e9 uma recorda\u00e7\u00e3o requintada de Barcelona, perfeita para quem procura um toque mediterr\u00e2nico na sua casa. A pe\u00e7a, elaborada com a t\u00e9cnica de mosaico, apresenta fragmentos em tons castanhos e dourados que real\u00e7am a sua beleza natural e criam uma textura visualmente atraente. No centro da ta\u00e7a, aprecia-se a imagem de uma tartaruga, s\u00edmbolo de longevidade e sabedoria, acompanhada pelo texto &#8220;Barcelona&#8221;, que brilha com um acabamento claro, real\u00e7ando a presen\u00e7a desta emblem\u00e1tica cidade.<\/p>\n<p>Cada ta\u00e7a reflete o aut\u00eantico artesanato local, capturando a ess\u00eancia de Barcelona atrav\u00e9s dos seus elementos decorativos. O seu design n\u00e3o s\u00f3 a torna um objeto decorativo, mas tamb\u00e9m um utens\u00edlio funcional que pode ser utilizado para servir aperitivos ou como centro de mesa, conferindo um ar sofisticado e mediterr\u00e2nico a qualquer ambiente.<\/p>\n<p>Na Ol\u00e9 Mosaic, dedicamo-nos \u00e0 distribui\u00e7\u00e3o de recorda\u00e7\u00f5es por grosso, garantindo produtos que celebram a cultura e a est\u00e9tica das suas origens. Esta ta\u00e7a de coco \u00e9 uma decis\u00e3o inteligente para lojas de presentes tur\u00edsticos, oferecendo uma recorda\u00e7\u00e3o aut\u00eantica que liga os visitantes \u00e0 rica tradi\u00e7\u00e3o de Barcelona. Ideal para quem deseja levar uma recorda\u00e7\u00e3o significativa da sua viagem, esta ta\u00e7a destaca-se pela sua qualidade e singularidade, tornando-se um presente encantador e memor\u00e1vel.<\/p>\n","protected":false},"excerpt":{"rendered":"<p>Ta\u00e7a de coco castanha decorada com um design encantador de tartaruga, inspirado na cidade de Barcelona. Esta ta\u00e7a atraente apresenta uma t\u00e9cnica de mosaico, com fragmentos em tons castanhos e dourados que real\u00e7am a sua beleza. No centro, destaca-se a imagem de uma tartaruga, acompanhada pelo texto &#8220;Barcelona&#8221; num acabamento claro e chamativo. Ideal tanto para uso decorativo como funcional, conferindo um toque mediterr\u00e2nico a qualquer espa\u00e7o.<\/p>\n","protected":false},"featured_media":10378,"template":"","meta":{"_acf_changed":false},"product_brand":[],"product_cat":[513],"product_tag":[516],"class_list":{"0":"post-30073","1":"product","2":"type-product","3":"status-publish","4":"has-post-thumbnail","6":"product_cat-bols","7":"product_tag-animais","8":"pa_ciudad-barcelona","9":"pa_motivo-tartarugas","10":"pa_pais-espana","12":"first","13":"instock","14":"shipping-taxable","15":"product-type-simple"},"acf":[],"_links":{"self":[{"href":"https:\/\/olemosaic.orbitalia.org\/pt-pt\/wp-json\/wp\/v2\/product\/30073","targetHints":{"allow":["GET"]}}],"collection":[{"href":"https:\/\/olemosaic.orbitalia.org\/pt-pt\/wp-json\/wp\/v2\/product"}],"about":[{"href":"https:\/\/olemosaic.orbitalia.org\/pt-pt\/wp-json\/wp\/v2\/types\/product"}],"wp:featuredmedia":[{"embeddable":true,"href":"https:\/\/olemosaic.orbitalia.org\/pt-pt\/wp-json\/wp\/v2\/media\/10378"}],"wp:attachment":[{"href":"https:\/\/olemosaic.orbitalia.org\/pt-pt\/wp-json\/wp\/v2\/media?parent=30073"}],"wp:term":[{"taxonomy":"product_brand","embeddable":true,"href":"https:\/\/olemosaic.orbitalia.org\/pt-pt\/wp-json\/wp\/v2\/product_brand?post=30073"},{"taxonomy":"product_cat","embeddable":true,"href":"https:\/\/olemosaic.orbitalia.org\/pt-pt\/wp-json\/wp\/v2\/product_cat?post=30073"},{"taxonomy":"product_tag","embeddable":true,"href":"https:\/\/olemosaic.orbitalia.org\/pt-pt\/wp-json\/wp\/v2\/product_tag?post=30073"}],"curies":[{"name":"wp","href":"https:\/\/api.w.org\/{rel}","templated":true}]}}