{"id":30071,"date":"2025-02-20T22:30:40","date_gmt":"2025-02-20T22:30:40","guid":{"rendered":"https:\/\/olemosaic.orbitalia.org\/producto\/bol-de-coco-marron-mariposa\/"},"modified":"2025-07-25T20:18:42","modified_gmt":"2025-07-25T18:18:42","slug":"taca-de-coco-castanha-borboleta","status":"publish","type":"product","link":"https:\/\/olemosaic.orbitalia.org\/pt-pt\/produto\/taca-de-coco-castanha-borboleta\/","title":{"rendered":"Ta\u00e7a de coco castanha. Borboleta."},"content":{"rendered":"<p>Esta ta\u00e7a de coco castanha, decorada com um design elegante de borboleta, \u00e9 uma pe\u00e7a \u00fanica que combina beleza e funcionalidade. O seu exterior, com a textura natural do coco, destaca-se num atraente tom castanho, enquanto o seu interior apresenta um acabamento dourado brilhante que reflete a luz de forma cativante. Este jogo de contrastes n\u00e3o s\u00f3 real\u00e7a a est\u00e9tica da ta\u00e7a, como tamb\u00e9m confere um toque de calor a qualquer ambiente.<\/p>\n<p>A delicada borboleta, cuidadosamente esculpida na superf\u00edcie, torna-se o elemento distintivo desta pe\u00e7a, simbolizando a transforma\u00e7\u00e3o e a beleza da natureza. Cada ta\u00e7a \u00e9 feita \u00e0 m\u00e3o, o que garante que cada pe\u00e7a \u00e9 \u00fanica e reflete a rica tradi\u00e7\u00e3o do trabalho artesanal, exemplo da destreza dos artes\u00e3os locais.<\/p>\n<p>Esta ta\u00e7a n\u00e3o \u00e9 apenas ideal como elemento decorativo, mas tamb\u00e9m pode funcionar como um recipiente pr\u00e1tico para pequenos objetos, tornando-a um presente \u00fatil e encantador. \u00c9 um souvenir aut\u00eantico que encapsula a ess\u00eancia da cultura local e o seu valor como recorda\u00e7\u00e3o representativa \u00e9 ineg\u00e1vel. Perfeita para turistas que procuram levar um peda\u00e7o da heran\u00e7a cultural, esta ta\u00e7a de coco \u00e9 uma excelente op\u00e7\u00e3o para lojas de presentes tur\u00edsticos. Na Ol\u00e9 Mosaic, como distribuidor de souvenirs por grosso, oferecemos uma variedade de artigos que celebram o artesanato e a autenticidade, garantindo produtos de qualidade para os seus clientes. Esta ta\u00e7a de coco castanha representa um magn\u00edfico exemplo do que os souvenirs devem ser: \u00fanicos, funcionais e cheios de hist\u00f3ria.<\/p>\n","protected":false},"excerpt":{"rendered":"<p>Ta\u00e7a de coco castanha decorada com um design elegante de borboleta. Este artigo atraente apresenta um acabamento dourado brilhante no seu interior, que contrasta com a textura natural do coco no exterior. A borboleta, delicadamente esculpida na superf\u00edcie, acrescenta um toque distintivo e art\u00edstico. Ideal como elemento decorativo ou como ta\u00e7a para objetos pequenos, esta ta\u00e7a \u00e9 uma bela amostra de artesanato.<\/p>\n","protected":false},"featured_media":13424,"template":"","meta":{"_acf_changed":false},"product_brand":[],"product_cat":[513],"product_tag":[516],"class_list":{"0":"post-30071","1":"product","2":"type-product","3":"status-publish","4":"has-post-thumbnail","6":"product_cat-bols","7":"product_tag-animais","8":"pa_motivo-borboletas","10":"first","11":"instock","12":"shipping-taxable","13":"product-type-simple"},"acf":[],"_links":{"self":[{"href":"https:\/\/olemosaic.orbitalia.org\/pt-pt\/wp-json\/wp\/v2\/product\/30071","targetHints":{"allow":["GET"]}}],"collection":[{"href":"https:\/\/olemosaic.orbitalia.org\/pt-pt\/wp-json\/wp\/v2\/product"}],"about":[{"href":"https:\/\/olemosaic.orbitalia.org\/pt-pt\/wp-json\/wp\/v2\/types\/product"}],"wp:featuredmedia":[{"embeddable":true,"href":"https:\/\/olemosaic.orbitalia.org\/pt-pt\/wp-json\/wp\/v2\/media\/13424"}],"wp:attachment":[{"href":"https:\/\/olemosaic.orbitalia.org\/pt-pt\/wp-json\/wp\/v2\/media?parent=30071"}],"wp:term":[{"taxonomy":"product_brand","embeddable":true,"href":"https:\/\/olemosaic.orbitalia.org\/pt-pt\/wp-json\/wp\/v2\/product_brand?post=30071"},{"taxonomy":"product_cat","embeddable":true,"href":"https:\/\/olemosaic.orbitalia.org\/pt-pt\/wp-json\/wp\/v2\/product_cat?post=30071"},{"taxonomy":"product_tag","embeddable":true,"href":"https:\/\/olemosaic.orbitalia.org\/pt-pt\/wp-json\/wp\/v2\/product_tag?post=30071"}],"curies":[{"name":"wp","href":"https:\/\/api.w.org\/{rel}","templated":true}]}}