{"id":30069,"date":"2025-02-20T23:30:39","date_gmt":"2025-02-20T22:30:39","guid":{"rendered":"https:\/\/olemosaic.orbitalia.org\/producto\/bol-de-coco-marron-salamandra-barcelona-2\/"},"modified":"2025-07-25T18:52:14","modified_gmt":"2025-07-25T16:52:14","slug":"taca-de-coco-castanha-salamandra-barcelona-2","status":"publish","type":"product","link":"https:\/\/olemosaic.orbitalia.org\/pt-pt\/produto\/taca-de-coco-castanha-salamandra-barcelona-2\/","title":{"rendered":"Ta\u00e7a de coco castanha. Salamandra. Gaud\u00ed. Barcelona."},"content":{"rendered":"<p>Esta ta\u00e7a de coco castanha, decorada com um design inspirado na salamandra, \u00e9 um souvenir emblem\u00e1tico de Barcelona que funde arte e funcionalidade numa pe\u00e7a \u00fanica. A base de coco apresenta um fundo dourado brilhante, entrela\u00e7ado com um padr\u00e3o intrincado de furos que real\u00e7a o seu estilo ovalado, proporcionando luminosidade e sofistica\u00e7\u00e3o. No centro da ta\u00e7a destaca-se uma figura de salamandra em relevo, acompanhada pelo texto &#8220;Barcelona&#8221;, criando um contraste visual cativante e representando uma das criaturas mais ic\u00f3nicas da cidade, associada \u00e0 obra do famoso arquiteto Antoni Gaud\u00ed.<\/p>\n<p>A t\u00e9cnica de elabora\u00e7\u00e3o, que inclui detalhes pintados \u00e0 m\u00e3o, garante que cada ta\u00e7a seja uma pe\u00e7a \u00fanica, refletindo n\u00e3o s\u00f3 a habilidade art\u00edstica do artes\u00e3o, mas tamb\u00e9m a rica tradi\u00e7\u00e3o cultural de Barcelona. Esta ta\u00e7a n\u00e3o \u00e9 apenas um objeto decorativo, mas tamb\u00e9m uma recorda\u00e7\u00e3o excecional da vibrante heran\u00e7a local. A sua autenticidade como recorda\u00e7\u00e3o tipicamente barcelonesa torna-a uma excelente op\u00e7\u00e3o para turistas que procuram algo mais do que um simples souvenir, o que a torna uma proposta excelente para lojas de presentes tur\u00edsticos.<\/p>\n<p>Na Ol\u00e9 Mosaic, especializamo-nos na distribui\u00e7\u00e3o de souvenirs por grosso, oferecendo produtos aut\u00eanticos que captam a ess\u00eancia cultural das cidades espanholas. Esta ta\u00e7a de coco castanha \u00e9, sem d\u00favida, uma op\u00e7\u00e3o de destaque para aqueles que desejam partilhar e levar consigo um peda\u00e7o da magia de Barcelona.<\/p>\n","protected":false},"excerpt":{"rendered":"<p>Ta\u00e7a de coco castanha decorada com um design inspirado na salamandra, emblema de Barcelona. Este artigo original apresenta um fundo dourado brilhante com um padr\u00e3o intrincado de furos que real\u00e7a a sua forma ovalada. No centro, destaca-se a figura de uma salamandra em relevo juntamente com a palavra &#8220;Barcelona&#8221;, criando um contraste visual chamativo. A sua elabora\u00e7\u00e3o inclui detalhes pintados \u00e0 m\u00e3o, o que torna cada pe\u00e7a um artigo \u00fanico e representativo da arte local.<\/p>\n","protected":false},"featured_media":10130,"template":"","meta":{"_acf_changed":false},"product_brand":[],"product_cat":[513],"product_tag":[516],"class_list":{"0":"post-30069","1":"product","2":"type-product","3":"status-publish","4":"has-post-thumbnail","6":"product_cat-bols","7":"product_tag-animais","8":"pa_ciudad-barcelona","9":"pa_motivo-salamandras","10":"pa_pais-espana","12":"first","13":"instock","14":"shipping-taxable","15":"product-type-simple"},"acf":[],"_links":{"self":[{"href":"https:\/\/olemosaic.orbitalia.org\/pt-pt\/wp-json\/wp\/v2\/product\/30069","targetHints":{"allow":["GET"]}}],"collection":[{"href":"https:\/\/olemosaic.orbitalia.org\/pt-pt\/wp-json\/wp\/v2\/product"}],"about":[{"href":"https:\/\/olemosaic.orbitalia.org\/pt-pt\/wp-json\/wp\/v2\/types\/product"}],"wp:featuredmedia":[{"embeddable":true,"href":"https:\/\/olemosaic.orbitalia.org\/pt-pt\/wp-json\/wp\/v2\/media\/10130"}],"wp:attachment":[{"href":"https:\/\/olemosaic.orbitalia.org\/pt-pt\/wp-json\/wp\/v2\/media?parent=30069"}],"wp:term":[{"taxonomy":"product_brand","embeddable":true,"href":"https:\/\/olemosaic.orbitalia.org\/pt-pt\/wp-json\/wp\/v2\/product_brand?post=30069"},{"taxonomy":"product_cat","embeddable":true,"href":"https:\/\/olemosaic.orbitalia.org\/pt-pt\/wp-json\/wp\/v2\/product_cat?post=30069"},{"taxonomy":"product_tag","embeddable":true,"href":"https:\/\/olemosaic.orbitalia.org\/pt-pt\/wp-json\/wp\/v2\/product_tag?post=30069"}],"curies":[{"name":"wp","href":"https:\/\/api.w.org\/{rel}","templated":true}]}}