{"id":30068,"date":"2025-02-20T23:30:39","date_gmt":"2025-02-20T22:30:39","guid":{"rendered":"https:\/\/olemosaic.orbitalia.org\/producto\/bol-de-coco-marron-sardina-lisboa-3\/"},"modified":"2025-07-25T18:37:47","modified_gmt":"2025-07-25T16:37:47","slug":"taca-de-coco-castanha-sardinha-lisboa-3","status":"publish","type":"product","link":"https:\/\/olemosaic.orbitalia.org\/pt-pt\/produto\/taca-de-coco-castanha-sardinha-lisboa-3\/","title":{"rendered":"Ta\u00e7a de coco castanha. Sardinha. Lisboa. Azulejos portugueses."},"content":{"rendered":"<p>Esta ta\u00e7a de coco castanha, decorada com um design de sardinha, \u00e9 um aut\u00eantico tesouro que capta a ess\u00eancia de Lisboa e a sua rica tradi\u00e7\u00e3o piscat\u00f3ria. Com um acabamento que joga com tons dourados, a ta\u00e7a apresenta um padr\u00e3o intrincado que evoca a textura natural de uma concha marinha, proporcionando uma experi\u00eancia visual \u00fanica e um toque decorativo sofisticado. A imagem da sardinha, um s\u00edmbolo emblem\u00e1tico da gastronomia lisboeta, ganha vida no centro da ta\u00e7a, enquanto a palavra &#8220;LISBOA&#8221; se destaca com um brilho met\u00e1lico, acrescentando um detalhe distintivo e atraente.<\/p>\n<p>Perfeita tanto como pe\u00e7a ornamental como para servir aperitivos, este produto combina funcionalidade e arte, sendo uma recorda\u00e7\u00e3o ideal para aqueles que procuram levar um peda\u00e7o da cultura portuguesa. Lisboa \u00e9 famosa pela sua liga\u00e7\u00e3o com o mar, e esta ta\u00e7a capta essa ess\u00eancia, recordando aos visitantes os seus passeios pelo porto e a deliciosa gastronomia da cidade.<\/p>\n<p>Na Ol\u00e9 Mosaic, somos l\u00edderes na distribui\u00e7\u00e3o de souvenirs por grosso, e esta ta\u00e7a de coco \u00e9 uma excelente op\u00e7\u00e3o para lojas de presentes tur\u00edsticos que desejem oferecer artesanato aut\u00eantico e representativo de Portugal. Com este souvenir de Lisboa, os turistas encontrar\u00e3o uma pe\u00e7a que n\u00e3o s\u00f3 \u00e9 decorativa, mas tamb\u00e9m uma homenagem \u00e0 tradi\u00e7\u00e3o piscat\u00f3ria da regi\u00e3o.<\/p>\n","protected":false},"excerpt":{"rendered":"<p>Ta\u00e7a de coco castanha decorada com um design de sardinha, que representa a tradi\u00e7\u00e3o piscat\u00f3ria de Lisboa. Esta elegante ta\u00e7a apresenta um acabamento em tons dourados e um padr\u00e3o intrincado que evoca a textura da concha. A imagem da sardinha e a palavra &#8220;LISBOA&#8221; destacam-se com um tom met\u00e1lico, conferindo um toque distintivo. Ideal como pe\u00e7a decorativa ou para servir aperitivos, combina funcionalidade e arte numa pe\u00e7a autenticamente portuguesa.<\/p>\n","protected":false},"featured_media":10114,"template":"","meta":{"_acf_changed":false},"product_brand":[],"product_cat":[513],"product_tag":[516],"class_list":{"0":"post-30068","1":"product","2":"type-product","3":"status-publish","4":"has-post-thumbnail","6":"product_cat-bols","7":"product_tag-animais","8":"pa_ciudad-lisboa","9":"pa_motivo-sardinhas","10":"pa_pais-portugal","12":"first","13":"instock","14":"shipping-taxable","15":"product-type-simple"},"acf":[],"_links":{"self":[{"href":"https:\/\/olemosaic.orbitalia.org\/pt-pt\/wp-json\/wp\/v2\/product\/30068","targetHints":{"allow":["GET"]}}],"collection":[{"href":"https:\/\/olemosaic.orbitalia.org\/pt-pt\/wp-json\/wp\/v2\/product"}],"about":[{"href":"https:\/\/olemosaic.orbitalia.org\/pt-pt\/wp-json\/wp\/v2\/types\/product"}],"wp:featuredmedia":[{"embeddable":true,"href":"https:\/\/olemosaic.orbitalia.org\/pt-pt\/wp-json\/wp\/v2\/media\/10114"}],"wp:attachment":[{"href":"https:\/\/olemosaic.orbitalia.org\/pt-pt\/wp-json\/wp\/v2\/media?parent=30068"}],"wp:term":[{"taxonomy":"product_brand","embeddable":true,"href":"https:\/\/olemosaic.orbitalia.org\/pt-pt\/wp-json\/wp\/v2\/product_brand?post=30068"},{"taxonomy":"product_cat","embeddable":true,"href":"https:\/\/olemosaic.orbitalia.org\/pt-pt\/wp-json\/wp\/v2\/product_cat?post=30068"},{"taxonomy":"product_tag","embeddable":true,"href":"https:\/\/olemosaic.orbitalia.org\/pt-pt\/wp-json\/wp\/v2\/product_tag?post=30068"}],"curies":[{"name":"wp","href":"https:\/\/api.w.org\/{rel}","templated":true}]}}