{"id":30067,"date":"2025-02-20T22:30:39","date_gmt":"2025-02-20T22:30:39","guid":{"rendered":"https:\/\/olemosaic.orbitalia.org\/producto\/bol-de-coco-marron-abanico\/"},"modified":"2025-07-25T18:33:30","modified_gmt":"2025-07-25T16:33:30","slug":"taca-de-coco-castanha-leque","status":"publish","type":"product","link":"https:\/\/olemosaic.orbitalia.org\/pt-pt\/produto\/taca-de-coco-castanha-leque\/","title":{"rendered":"Ta\u00e7a de coco castanha. Leque."},"content":{"rendered":"<p>Esta ta\u00e7a de coco castanha, decorada com um mosaico delicado em tons quentes, \u00e9 uma obra-prima que evoca a rica ess\u00eancia da arte andaluza. Com um design inspirado na forma de uma concha, esta ta\u00e7a n\u00e3o \u00e9 apenas pr\u00e1tica para servir aperitivos, mas tamb\u00e9m um elemento decorativo elegante que real\u00e7a qualquer ambiente. Os detalhes em n\u00e1car, que refletem a luz de forma subtil, conferem um toque brilhante e sofisticado, tornando cada pe\u00e7a um aut\u00eantico objeto de admira\u00e7\u00e3o. A sua forma arredondada e as cores quentes, que variam de beges suaves a castanhos intensos, jogam em perfeita harmonia, criando um efeito visual cativante e atraente.<\/p>\n<p>A aten\u00e7\u00e3o ao detalhe e a t\u00e9cnica artesanal utilizada na sua elabora\u00e7\u00e3o destacam a tradi\u00e7\u00e3o da cer\u00e2mica andaluza, tornando esta ta\u00e7a uma aut\u00eantica recorda\u00e7\u00e3o da regi\u00e3o. A sua liga\u00e7\u00e3o cultural \u00e9 evidente, uma vez que a Andaluzia \u00e9 conhecida pela sua rica heran\u00e7a art\u00edstica e pela sua destreza na produ\u00e7\u00e3o de cer\u00e2mica. Esta ta\u00e7a representa a hist\u00f3ria e o compromisso com a qualidade que caracteriza o artesanato andaluz. Na Ol\u00e9 Mosaic, orgulhamo-nos de ser distribuidores de recorda\u00e7\u00f5es aut\u00eanticas, e esta ta\u00e7a \u00e9 uma excelente op\u00e7\u00e3o para lojas de presentes tur\u00edsticos que procuram oferecer produtos representativos e de qualidade. Sem d\u00favida, \u00e9 uma escolha perfeita para turistas que procuram levar um peda\u00e7o da ess\u00eancia andaluza para as suas casas.<\/p>\n","protected":false},"excerpt":{"rendered":"<p>Ta\u00e7a de coco castanha decorada com um mosaico de tons quentes que evoca a ess\u00eancia da arte andaluza. Esta elegante ta\u00e7a apresenta um design inspirado numa concha, com elementos nacarados que refletem a luz e lhe d\u00e3o um toque brilhante. Cada pe\u00e7a \u00e9 cuidadosamente elaborada, mostrando a t\u00e9cnica artesanal e a aten\u00e7\u00e3o ao detalhe; \u00e9 ideal para servir aperitivos ou como elemento decorativo em qualquer casa. A sua forma arredondada e as suas cores quentes tornam-na um objeto distintivo e atraente.<\/p>\n","protected":false},"featured_media":10306,"template":"","meta":{"_acf_changed":false},"product_brand":[],"product_cat":[513],"product_tag":[],"class_list":{"0":"post-30067","1":"product","2":"type-product","3":"status-publish","4":"has-post-thumbnail","6":"product_cat-bols","7":"pa_motivo-leques","9":"first","10":"instock","11":"shipping-taxable","12":"product-type-simple"},"acf":[],"_links":{"self":[{"href":"https:\/\/olemosaic.orbitalia.org\/pt-pt\/wp-json\/wp\/v2\/product\/30067","targetHints":{"allow":["GET"]}}],"collection":[{"href":"https:\/\/olemosaic.orbitalia.org\/pt-pt\/wp-json\/wp\/v2\/product"}],"about":[{"href":"https:\/\/olemosaic.orbitalia.org\/pt-pt\/wp-json\/wp\/v2\/types\/product"}],"wp:featuredmedia":[{"embeddable":true,"href":"https:\/\/olemosaic.orbitalia.org\/pt-pt\/wp-json\/wp\/v2\/media\/10306"}],"wp:attachment":[{"href":"https:\/\/olemosaic.orbitalia.org\/pt-pt\/wp-json\/wp\/v2\/media?parent=30067"}],"wp:term":[{"taxonomy":"product_brand","embeddable":true,"href":"https:\/\/olemosaic.orbitalia.org\/pt-pt\/wp-json\/wp\/v2\/product_brand?post=30067"},{"taxonomy":"product_cat","embeddable":true,"href":"https:\/\/olemosaic.orbitalia.org\/pt-pt\/wp-json\/wp\/v2\/product_cat?post=30067"},{"taxonomy":"product_tag","embeddable":true,"href":"https:\/\/olemosaic.orbitalia.org\/pt-pt\/wp-json\/wp\/v2\/product_tag?post=30067"}],"curies":[{"name":"wp","href":"https:\/\/api.w.org\/{rel}","templated":true}]}}