{"id":30011,"date":"2025-02-20T23:30:38","date_gmt":"2025-02-20T22:30:38","guid":{"rendered":"https:\/\/olemosaic.orbitalia.org\/producto\/bol-de-coco-marron-sardina-lisboa\/"},"modified":"2025-07-25T18:37:50","modified_gmt":"2025-07-25T16:37:50","slug":"taca-de-coco-castanha-sardinha-lisboa","status":"publish","type":"product","link":"https:\/\/olemosaic.orbitalia.org\/pt-pt\/produto\/taca-de-coco-castanha-sardinha-lisboa\/","title":{"rendered":"Ta\u00e7a de coco castanha. Sardinha. Lisboa."},"content":{"rendered":"<p>Esta ta\u00e7a de coco castanha com design de sardinha \u00e9 uma bela recorda\u00e7\u00e3o que presta homenagem \u00e0 rica tradi\u00e7\u00e3o piscat\u00f3ria de Lisboa. Elaborada com meticulosa aten\u00e7\u00e3o ao detalhe, esta elegante ta\u00e7a destaca-se pela sua t\u00e9cnica de pintura \u00e0 m\u00e3o, onde um intrincado padr\u00e3o em tons dourados e castanhos simula as texturas suaves das ondas do mar. No centro, uma sardinha estilizada sobressai, simbolizando o v\u00ednculo entre a cultura local e a arte culin\u00e1ria, uma vez que este peixe \u00e9 um elemento fundamental na gastronomia portuguesa. Al\u00e9m de ser funcional, esta ta\u00e7a \u00e9 uma pe\u00e7a decorativa que acrescenta um toque mediterr\u00e2nico e aut\u00eantico a qualquer casa.<\/p>\n<p>O acabamento natural do coco e os delicados detalhes dourados proporcionam um contraste cativante que torna este produto uma escolha ideal para servir aperitivos ou, simplesmente, como um atraente elemento decorativo na mesa. Esta ta\u00e7a n\u00e3o \u00e9 apenas um artigo pr\u00e1tico, mas uma recorda\u00e7\u00e3o representativa de Lisboa, que capta a ess\u00eancia do folclore portugu\u00eas e a sua rela\u00e7\u00e3o com o mar.<\/p>\n<p>Na Ol\u00e9 Mosaic, oferecemos uma variedade de recorda\u00e7\u00f5es aut\u00eanticas, e esta ta\u00e7a de coco \u00e9 uma excelente op\u00e7\u00e3o para lojas de presentes tur\u00edsticos que procuram produtos que reflitam o patrim\u00f3nio cultural. Como distribuidores de recorda\u00e7\u00f5es de Lisboa, garantimos a qualidade e o valor de cada pe\u00e7a, assegurando que os seus clientes fiquem encantados com a sua escolha.<\/p>\n","protected":false},"excerpt":{"rendered":"<p>Ta\u00e7a de coco castanha com design de sardinha, inspirado na tradi\u00e7\u00e3o piscat\u00f3ria lisboeta. Esta elegante ta\u00e7a apresenta uma t\u00e9cnica de design artesanal, pintada \u00e0 m\u00e3o, que destaca um intrincado padr\u00e3o em tons dourados e castanhos, com uma sardinha estilizada no centro. A superf\u00edcie da ta\u00e7a combina texturas naturais que evocam as ondas do mar, tornando-a uma pe\u00e7a funcional e decorativa que capta a ess\u00eancia do folclore portugu\u00eas. Ideal para servir aperitivos ou como elemento decorativo.<\/p>\n","protected":false},"featured_media":10087,"template":"","meta":{"_acf_changed":false},"product_brand":[],"product_cat":[513],"product_tag":[516],"class_list":{"0":"post-30011","1":"product","2":"type-product","3":"status-publish","4":"has-post-thumbnail","6":"product_cat-bols","7":"product_tag-animais","8":"pa_ciudad-lisboa","9":"pa_motivo-sardinhas","10":"pa_pais-portugal","12":"first","13":"instock","14":"shipping-taxable","15":"product-type-simple"},"acf":[],"_links":{"self":[{"href":"https:\/\/olemosaic.orbitalia.org\/pt-pt\/wp-json\/wp\/v2\/product\/30011","targetHints":{"allow":["GET"]}}],"collection":[{"href":"https:\/\/olemosaic.orbitalia.org\/pt-pt\/wp-json\/wp\/v2\/product"}],"about":[{"href":"https:\/\/olemosaic.orbitalia.org\/pt-pt\/wp-json\/wp\/v2\/types\/product"}],"wp:featuredmedia":[{"embeddable":true,"href":"https:\/\/olemosaic.orbitalia.org\/pt-pt\/wp-json\/wp\/v2\/media\/10087"}],"wp:attachment":[{"href":"https:\/\/olemosaic.orbitalia.org\/pt-pt\/wp-json\/wp\/v2\/media?parent=30011"}],"wp:term":[{"taxonomy":"product_brand","embeddable":true,"href":"https:\/\/olemosaic.orbitalia.org\/pt-pt\/wp-json\/wp\/v2\/product_brand?post=30011"},{"taxonomy":"product_cat","embeddable":true,"href":"https:\/\/olemosaic.orbitalia.org\/pt-pt\/wp-json\/wp\/v2\/product_cat?post=30011"},{"taxonomy":"product_tag","embeddable":true,"href":"https:\/\/olemosaic.orbitalia.org\/pt-pt\/wp-json\/wp\/v2\/product_tag?post=30011"}],"curies":[{"name":"wp","href":"https:\/\/api.w.org\/{rel}","templated":true}]}}