{"id":30010,"date":"2025-02-20T23:30:38","date_gmt":"2025-02-20T22:30:38","guid":{"rendered":"https:\/\/olemosaic.orbitalia.org\/producto\/bol-de-coco-fucsia-tortuga-mallorca-3\/"},"modified":"2025-07-25T19:10:01","modified_gmt":"2025-07-25T17:10:01","slug":"taca-de-coco-fucsia-tartaruga-maiorca-3","status":"publish","type":"product","link":"https:\/\/olemosaic.orbitalia.org\/pt-pt\/produto\/taca-de-coco-fucsia-tartaruga-maiorca-3\/","title":{"rendered":"Ta\u00e7a de coco f\u00facsia. Tartaruga. Estilo mediterr\u00e2nico. Maiorca."},"content":{"rendered":"<p>Esta ta\u00e7a de coco f\u00facsia, inspirada na vibrante vida marinha de Maiorca, \u00e9 uma pe\u00e7a excecional que funde funcionalidade e est\u00e9tica. Elaborada com casca de coco natural, apresenta um acabamento brilhante e colorido que se destaca em tons f\u00facsias e roxos, criando um efeito visual deslumbrante. No cora\u00e7\u00e3o deste design muito especial, uma tartaruga gravada com precis\u00e3o simboliza a rica biodiversidade das \u00e1guas baleares e liga o utilizador \u00e0 beleza dos oceanos.<\/p>\n<p>O mosaico que rodeia a tartaruga, composto por uma variedade de tons que se fundem de forma harm\u00f3nica, n\u00e3o s\u00f3 confere um toque art\u00edstico, como tamb\u00e9m reflete o amor pela natureza que caracteriza esta regi\u00e3o. Esta ta\u00e7a n\u00e3o \u00e9 apenas uma recorda\u00e7\u00e3o atraente, mas uma pe\u00e7a decorativa que embeleza qualquer espa\u00e7o, desde uma mesa em casa at\u00e9 \u00e0 montra de uma loja.<\/p>\n<p>Na Ol\u00e9 Mosaic, especializamo-nos na distribui\u00e7\u00e3o de souvenirs por grosso, oferecendo produtos aut\u00eanticos que representam a cultura e as paisagens de Espanha. Esta ta\u00e7a de coco \u00e9 uma excelente op\u00e7\u00e3o para lojas de presentes tur\u00edsticos que procuram atrair os amantes da natureza e do artesanato local. Com o seu design aut\u00eantico, esta recorda\u00e7\u00e3o de Maiorca \u00e9 uma lembran\u00e7a perfeita da beleza mediterr\u00e2nica, ideal para quem deseja levar um peda\u00e7o desta maravilhosa ilha.<\/p>\n","protected":false},"excerpt":{"rendered":"<p>Ta\u00e7a de coco f\u00facsia inspirada na vida marinha de Maiorca, com um design muito especial em mosaico que apresenta uma tartaruga no centro. Esta elegante ta\u00e7a, criada a partir de casca de coco, exibe um acabamento brilhante e colorido em tons f\u00facsia e roxo que lhe conferem um toque vibrante. A tartaruga, gravada com precis\u00e3o, simboliza a beleza natural das \u00e1guas baleares, tornando esta ta\u00e7a uma atraente recorda\u00e7\u00e3o funcional e decorativa.<\/p>\n","protected":false},"featured_media":11896,"template":"","meta":{"_acf_changed":false},"product_brand":[],"product_cat":[513],"product_tag":[516],"class_list":{"0":"post-30010","1":"product","2":"type-product","3":"status-publish","4":"has-post-thumbnail","6":"product_cat-bols","7":"product_tag-animais","8":"pa_ciudad-mallorca","9":"pa_motivo-tartarugas","10":"pa_pais-espana","12":"first","13":"instock","14":"shipping-taxable","15":"product-type-simple"},"acf":[],"_links":{"self":[{"href":"https:\/\/olemosaic.orbitalia.org\/pt-pt\/wp-json\/wp\/v2\/product\/30010","targetHints":{"allow":["GET"]}}],"collection":[{"href":"https:\/\/olemosaic.orbitalia.org\/pt-pt\/wp-json\/wp\/v2\/product"}],"about":[{"href":"https:\/\/olemosaic.orbitalia.org\/pt-pt\/wp-json\/wp\/v2\/types\/product"}],"wp:featuredmedia":[{"embeddable":true,"href":"https:\/\/olemosaic.orbitalia.org\/pt-pt\/wp-json\/wp\/v2\/media\/11896"}],"wp:attachment":[{"href":"https:\/\/olemosaic.orbitalia.org\/pt-pt\/wp-json\/wp\/v2\/media?parent=30010"}],"wp:term":[{"taxonomy":"product_brand","embeddable":true,"href":"https:\/\/olemosaic.orbitalia.org\/pt-pt\/wp-json\/wp\/v2\/product_brand?post=30010"},{"taxonomy":"product_cat","embeddable":true,"href":"https:\/\/olemosaic.orbitalia.org\/pt-pt\/wp-json\/wp\/v2\/product_cat?post=30010"},{"taxonomy":"product_tag","embeddable":true,"href":"https:\/\/olemosaic.orbitalia.org\/pt-pt\/wp-json\/wp\/v2\/product_tag?post=30010"}],"curies":[{"name":"wp","href":"https:\/\/api.w.org\/{rel}","templated":true}]}}