{"id":30007,"date":"2025-02-20T23:30:38","date_gmt":"2025-02-20T22:30:38","guid":{"rendered":"https:\/\/olemosaic.orbitalia.org\/producto\/bol-de-coco-fucsia-salamandra-gran-canaria\/"},"modified":"2025-07-25T19:48:31","modified_gmt":"2025-07-25T17:48:31","slug":"taca-de-coco-fucsia-salamandra-gran-canaria","status":"publish","type":"product","link":"https:\/\/olemosaic.orbitalia.org\/pt-pt\/produto\/taca-de-coco-fucsia-salamandra-gran-canaria\/","title":{"rendered":"Ta\u00e7a de coco f\u00facsia. Salamandra. Gran Canaria."},"content":{"rendered":"<p>Esta ta\u00e7a de coco f\u00facsia, decorada com uma encantadora salamandra, \u00e9 um s\u00edmbolo da biodiversidade de Gran Canaria. Elaborada artesanalmente, esta atraente ta\u00e7a destaca-se pelo seu vibrante acabamento brilhante num fascinante tom f\u00facsia, que atrair\u00e1 a aten\u00e7\u00e3o de qualquer visitante da ilha. O interior da ta\u00e7a apresenta uma pintura \u00e0 m\u00e3o que combina cora\u00e7\u00f5es delicados com a imagem de uma salamandra, refletindo n\u00e3o s\u00f3 a beleza natural da regi\u00e3o, mas tamb\u00e9m a cultura local que celebra a fauna end\u00e9mica das Ilhas Can\u00e1rias. No centro, pode-se apreciar a inscri\u00e7\u00e3o &#8220;Gran Canaria&#8221;, que acrescenta um toque pessoal e significativo a esta pe\u00e7a.<\/p>\n<p>Ideal tanto como recipiente decorativo como souvenir, esta ta\u00e7a real\u00e7a o artesanato local e liga os turistas \u00e0 ess\u00eancia de Gran Canaria, tornando-se uma recorda\u00e7\u00e3o inesquec\u00edvel da sua visita. Na Ol\u00e9 Mosaic, como distribuidores de souvenirs por grosso, destacamos a autenticidade de produtos como este, que captam a ess\u00eancia cultural e natural da regi\u00e3o. Esta ta\u00e7a de coco f\u00facsia \u00e9 uma excelente proposta para lojas de presentes tur\u00edsticos que procuram oferecer artigos \u00fanicos e representativos da rica tradi\u00e7\u00e3o can\u00e1ria. Com a sua singularidade e apelo visual, \u00e9 uma recorda\u00e7\u00e3o perfeita para quem deseja levar um peda\u00e7o da ilha para casa.<\/p>\n","protected":false},"excerpt":{"rendered":"<p>Ta\u00e7a de coco f\u00facsia decorada com uma encantadora salamandra, s\u00edmbolo da biodiversidade de Gran Canaria. Esta preciosa ta\u00e7a, com acabamento brilhante em tom f\u00facsia, apresenta um design com cora\u00e7\u00f5es e a inscri\u00e7\u00e3o &#8220;Gran Canaria&#8221;. Ideal para usar como recipiente decorativo ou como recorda\u00e7\u00e3o, este produto artesanal destaca-se pela sua singularidade e pelo design artesanal, pintado \u00e0 m\u00e3o, reflexo da cultura local.<\/p>\n","protected":false},"featured_media":10222,"template":"","meta":{"_acf_changed":false},"product_brand":[],"product_cat":[513],"product_tag":[516],"class_list":{"0":"post-30007","1":"product","2":"type-product","3":"status-publish","4":"has-post-thumbnail","6":"product_cat-bols","7":"product_tag-animais","8":"pa_ciudad-gran-canaria","9":"pa_motivo-salamandras","10":"pa_pais-espana","12":"first","13":"instock","14":"shipping-taxable","15":"product-type-simple"},"acf":[],"_links":{"self":[{"href":"https:\/\/olemosaic.orbitalia.org\/pt-pt\/wp-json\/wp\/v2\/product\/30007","targetHints":{"allow":["GET"]}}],"collection":[{"href":"https:\/\/olemosaic.orbitalia.org\/pt-pt\/wp-json\/wp\/v2\/product"}],"about":[{"href":"https:\/\/olemosaic.orbitalia.org\/pt-pt\/wp-json\/wp\/v2\/types\/product"}],"wp:featuredmedia":[{"embeddable":true,"href":"https:\/\/olemosaic.orbitalia.org\/pt-pt\/wp-json\/wp\/v2\/media\/10222"}],"wp:attachment":[{"href":"https:\/\/olemosaic.orbitalia.org\/pt-pt\/wp-json\/wp\/v2\/media?parent=30007"}],"wp:term":[{"taxonomy":"product_brand","embeddable":true,"href":"https:\/\/olemosaic.orbitalia.org\/pt-pt\/wp-json\/wp\/v2\/product_brand?post=30007"},{"taxonomy":"product_cat","embeddable":true,"href":"https:\/\/olemosaic.orbitalia.org\/pt-pt\/wp-json\/wp\/v2\/product_cat?post=30007"},{"taxonomy":"product_tag","embeddable":true,"href":"https:\/\/olemosaic.orbitalia.org\/pt-pt\/wp-json\/wp\/v2\/product_tag?post=30007"}],"curies":[{"name":"wp","href":"https:\/\/api.w.org\/{rel}","templated":true}]}}