{"id":29994,"date":"2025-02-20T23:30:36","date_gmt":"2025-02-20T22:30:36","guid":{"rendered":"https:\/\/olemosaic.orbitalia.org\/producto\/bol-de-coco-fucsia-bailaora-2\/"},"modified":"2025-07-25T19:56:53","modified_gmt":"2025-07-25T17:56:53","slug":"taca-de-coco-fucsia-bailarina-2","status":"publish","type":"product","link":"https:\/\/olemosaic.orbitalia.org\/pt-pt\/produto\/taca-de-coco-fucsia-bailarina-2\/","title":{"rendered":"Ta\u00e7a de coco f\u00facsia. Bailarina. Andaluzia."},"content":{"rendered":"<p>Esta ta\u00e7a de coco f\u00facsia pintada \u00e0 m\u00e3o \u00e9 uma aut\u00eantica joia da arte flamenca, desenhada para celebrar a vibrante cultura espanhola. Com um elegante acabamento f\u00facsia, o seu interior apresenta a delicada silhueta de uma bailarina num subtil tom rosado, evocando a paix\u00e3o e a gra\u00e7a da dan\u00e7a espanhola. Rodeada de pequenos cora\u00e7\u00f5es, o design captura a pr\u00f3pria ess\u00eancia do flamenco, transformando esta ta\u00e7a numa pe\u00e7a cheia de vida e energia.<\/p>\n<p>A borda brilhante da ta\u00e7a n\u00e3o s\u00f3 real\u00e7a o seu apelo est\u00e9tico, como tamb\u00e9m adiciona um toque festivo, ideal para dar um ar de celebra\u00e7\u00e3o em qualquer ambiente, seja como objeto decorativo ou para uso quotidiano. Esta ta\u00e7a n\u00e3o \u00e9 apenas um utens\u00edlio, mas uma recorda\u00e7\u00e3o cultural significativa que reflete a rica tradi\u00e7\u00e3o do folclore espanhol, especificamente a arte do flamenco, t\u00e3o caracter\u00edstica de regi\u00f5es como a Andaluzia.<\/p>\n<p>Na Ol\u00e9 Mosaic, orgulhamo-nos de oferecer recorda\u00e7\u00f5es aut\u00eanticas que representam a diversidade cultural de Espanha. Esta ta\u00e7a de coco f\u00facsia \u00e9 uma excelente op\u00e7\u00e3o para lojas de presentes tur\u00edsticos e, como grossistas de recorda\u00e7\u00f5es, garantimos a qualidade e o encanto que os seus clientes procuram. Com o seu apelo visual e a sua liga\u00e7\u00e3o cultural, esta ta\u00e7a \u00e9 o presente perfeito para turistas que procuram um pedacinho de Espanha e do seu vibrante folclore.<\/p>\n","protected":false},"excerpt":{"rendered":"<p>Ta\u00e7a de coco f\u00facsia de design artesanal, pintada \u00e0 m\u00e3o, inspirada na arte flamenca. Esta vibrante ta\u00e7a apresenta no seu interior a silhueta de uma bailarina num subtil tom rosado, rodeada de pequenos cora\u00e7\u00f5es que evocam a paix\u00e3o da dan\u00e7a espanhola. A borda, decorada com um acabamento brilhante, real\u00e7a o seu apelo e torna-a uma pe\u00e7a ideal para dar um toque festivo a qualquer ambiente. Perfeita como decora\u00e7\u00e3o ou para uso quotidiano, esta ta\u00e7a captura a ess\u00eancia do folclore espanhol.<\/p>\n","protected":false},"featured_media":13473,"template":"","meta":{"_acf_changed":false},"product_brand":[],"product_cat":[513],"product_tag":[],"class_list":{"0":"post-29994","1":"product","2":"type-product","3":"status-publish","4":"has-post-thumbnail","6":"product_cat-bols","7":"pa_motivo-dancarinos","9":"first","10":"instock","11":"shipping-taxable","12":"product-type-simple"},"acf":[],"_links":{"self":[{"href":"https:\/\/olemosaic.orbitalia.org\/pt-pt\/wp-json\/wp\/v2\/product\/29994","targetHints":{"allow":["GET"]}}],"collection":[{"href":"https:\/\/olemosaic.orbitalia.org\/pt-pt\/wp-json\/wp\/v2\/product"}],"about":[{"href":"https:\/\/olemosaic.orbitalia.org\/pt-pt\/wp-json\/wp\/v2\/types\/product"}],"wp:featuredmedia":[{"embeddable":true,"href":"https:\/\/olemosaic.orbitalia.org\/pt-pt\/wp-json\/wp\/v2\/media\/13473"}],"wp:attachment":[{"href":"https:\/\/olemosaic.orbitalia.org\/pt-pt\/wp-json\/wp\/v2\/media?parent=29994"}],"wp:term":[{"taxonomy":"product_brand","embeddable":true,"href":"https:\/\/olemosaic.orbitalia.org\/pt-pt\/wp-json\/wp\/v2\/product_brand?post=29994"},{"taxonomy":"product_cat","embeddable":true,"href":"https:\/\/olemosaic.orbitalia.org\/pt-pt\/wp-json\/wp\/v2\/product_cat?post=29994"},{"taxonomy":"product_tag","embeddable":true,"href":"https:\/\/olemosaic.orbitalia.org\/pt-pt\/wp-json\/wp\/v2\/product_tag?post=29994"}],"curies":[{"name":"wp","href":"https:\/\/api.w.org\/{rel}","templated":true}]}}